{"id":1456,"date":"2023-08-03T11:21:50","date_gmt":"2023-08-03T09:21:50","guid":{"rendered":"https:\/\/www.mediagmbh.de\/de\/?page_id=1456"},"modified":"2026-03-09T09:52:05","modified_gmt":"2026-03-09T08:52:05","slug":"tankstellen","status":"publish","type":"page","link":"https:\/\/www.mediagmbh.de\/de\/klassische-werbung\/tankstellen\/","title":{"rendered":"Tankstellen"},"content":{"rendered":"<div class=\"brz-root__container brz-reset-all\">\n<section id=\"wbqashzdslntruisbeegcfrhoiyhpyrkmadu\" class=\"brz-section brz-css-sVs1I\">\n<div class=\"brz-section__content brz-section--boxed brz-css-ysbfs brz-css-vlsx0\" data-brz-custom-id=\"pylgmknrvxosrzssipznjdenzibzmawyufhv\">\n<div class=\"brz-container brz-css-vCCJD\">\n<div class=\"brz-row__container brz-css-iwRT9\" data-brz-custom-id=\"iiuntvgcrbcxnwqbkdpexmckjrgsxuvtbnxn\">\n<div class=\"brz-bg\"><\/div>\n<div class=\"brz-row brz-css-uRET_ brz-css-iLoJf\">\n<div class=\"brz-columns brz-css-g0tt5 brz-css-xL3rq\" data-brz-custom-id=\"lbammyyuwfatjtfrkcfpsgpfsjzafhkrswfm\">\n<div class=\"brz-bg\"><\/div>\n<div class=\"brz-column__items brz-css-xE5VW\">\n<div id class=\"brz-css-scJIm brz-wrapper\">\n<div class=\"brz-rich-text brz-rich-text__custom brz-css-gyKsR\" data-brz-custom-id=\"uhxegrgebobqbkomphopcenrkvirsxzghutt\">\n<div data-brz-translate-text=\"1\">\n<h5 data-uniq-id=\"njvhy\" data-generated-css=\"brz-css-orvyu\" class=\"brz-tp-lg-abovetitle brz-css-wE3bC\"><span class=\"brz-cp-color7\">klassische Werbung<\/span><\/h5>\n<\/div>\n<\/div>\n<\/div>\n<div id class=\"brz-css-scJIm brz-wrapper\">\n<div class=\"brz-rich-text brz-rich-text__custom brz-css-gyKsR\" data-brz-custom-id=\"demzipwtgqfbdchjbtdydlsemxahusbbkgkw\">\n<div data-brz-translate-text=\"1\">\n<h2 data-uniq-id=\"gphuf\" data-generated-css=\"brz-css-lmnss\" class=\"brz-tp-lg-heading2 brz-css-zXl3m\"><span class=\"brz-cp-color2\">Tankstellen<\/span><\/h2>\n<\/div>\n<\/div>\n<\/div>\n<div id class=\"brz-css-scJIm brz-wrapper\">\n<div class=\"brz-rich-text brz-rich-text__custom brz-css-gyKsR\" data-brz-custom-id=\"ggvptagfoywsssyfooxtvgldxlqcakwvzdxv\">\n<div data-brz-translate-text=\"1\">\n<p class=\"brz-tp-lg-paragraph brz-css-pW5xL\" data-generated-css=\"brz-css-lqbdg\" data-uniq-id=\"wlajv\"><span class=\"brz-cp-color7\">Sie sind Ihnen ganz sicher bereits aufgefallen, die Stra\u00dfengel\u00e4nder mit Werbeaussagen im Bereich der Tankstelle, Waschstra\u00dfen oder am Einkaufszentrum &#8211; so aufgestellt, dass sie immer im Blickfeld sind, wenn Sie Ihr Fahrzeug betanken oder waschen, oder Ihren Einkauf erledigen. In der Gr\u00f6\u00dfe 135 x 65 cm zieht dieses Werbemedium automatisch den Blick der Kunden auf sich. Diese k\u00f6nnen je nach Standort ein- oder beidseitig belegt werden. Aufgrund der \u00f6rtlichen Gegebenheiten bieten wir als eine L\u00f6sung auch platzsparende Wandmontagen an, welche im Au\u00dfen- und Innenbereich angebracht werden k\u00f6nnen. Au\u00dferdem bieten wir attraktive, gro\u00dffl\u00e4chige Wandmontagen an, welche wir an Hausw\u00e4nden platzieren.<\/span><\/p>\n<\/div>\n<\/div>\n<\/div>\n<\/div>\n<\/div>\n<\/div>\n<\/div>\n<div class=\"brz-row__container brz-css-iwRT9\" data-brz-custom-id=\"abhcketujmtdcoiaysjmjlvdyjglksvqlpbm\">\n<div class=\"brz-bg\"><\/div>\n<div class=\"brz-row brz-css-uRET_ brz-css-iLoJf\">\n<div class=\"brz-columns brz-css-g0tt5 brz-css-cXxhG\" data-brz-custom-id=\"teublhvenbzhqhppdvfvdldlawetglkiivqo\">\n<div class=\"brz-bg\"><\/div>\n<div class=\"brz-column__items brz-css-xE5VW\">\n<div class=\"brz-row__container brz-css-iwRT9\" data-brz-custom-id=\"wenyxvwdbkggwuydlguuuwrwjwejrifurlkv\">\n<div class=\"brz-bg\"><\/div>\n<div class=\"brz-row brz-row--inner brz-css-uRET_\">\n<div class=\"brz-columns brz-css-g0tt5 brz-css-p4m9x\" data-brz-custom-id=\"obslqxjledwtggmtjujlwzdclwmfqfexhods\">\n<div class=\"brz-bg\"><\/div>\n<div class=\"brz-column__items brz-css-xE5VW\">\n<div id class=\"brz-css-scJIm brz-wrapper\">\n<div class=\"brz-image brz-image__lightbox brz-css-jGRAu\" data-brz-custom-id=\"yfbqhgdenlhxwuvhtgdkduywuikfynpgfkul\"><a class=\"brz-a\" href=\"https:\/\/www.mediagmbh.de\/de\/wp-content\/uploads\/2023\/08\/Tankstelle1.png\" target=\"_self\" rel=\"noopener\" data-brz-link-type=\"lightBox\"><img decoding=\"async\" class=\"brz-img\" src=\"https:\/\/www.mediagmbh.de\/de\/wp-content\/uploads\/2023\/08\/Tankstelle1.png\" alt=\"\" loading=\"lazy\"><\/a><\/div>\n<\/div>\n<\/div>\n<\/div>\n<div class=\"brz-columns brz-css-g0tt5 brz-css-n1EcO\" data-brz-custom-id=\"avqdmveyvipxatuqyteedibsbybvxpuzdwfm\">\n<div class=\"brz-bg\"><\/div>\n<div class=\"brz-column__items brz-css-xE5VW\">\n<div id class=\"brz-css-scJIm brz-wrapper\">\n<div class=\"brz-image brz-image__lightbox brz-css-savkr\" data-brz-custom-id=\"hnmpfxsrltfzbrltgdrludmszovtgdeywjkm\"><a class=\"brz-a\" href=\"https:\/\/www.mediagmbh.de\/de\/wp-content\/uploads\/2023\/08\/Tankstelle3.png\" target=\"_self\" rel=\"noopener\" data-brz-link-type=\"lightBox\"><img decoding=\"async\" class=\"brz-img\" src=\"https:\/\/www.mediagmbh.de\/de\/wp-content\/uploads\/2023\/08\/Tankstelle3.png\" alt=\"\" loading=\"lazy\"><\/a><\/div>\n<\/div>\n<\/div>\n<\/div>\n<div class=\"brz-columns brz-css-g0tt5 brz-css-qFLq2\" data-brz-custom-id=\"qjvjmnxnysiypibyxmorzcqilcrasxmivecb\">\n<div class=\"brz-bg\"><\/div>\n<div class=\"brz-column__items brz-css-xE5VW\">\n<div id class=\"brz-css-scJIm brz-wrapper\">\n<div class=\"brz-image brz-image__lightbox brz-css-jWcPj\" data-brz-custom-id=\"crruhiqfdqmosjgtkbtcctodvoyglsqfkjrn\"><a class=\"brz-a\" href=\"https:\/\/www.mediagmbh.de\/de\/wp-content\/uploads\/2023\/08\/Tankstelle2.png\" target=\"_self\" rel=\"noopener\" data-brz-link-type=\"lightBox\"><img decoding=\"async\" class=\"brz-img\" src=\"https:\/\/www.mediagmbh.de\/de\/wp-content\/uploads\/2023\/08\/Tankstelle2.png\" alt=\"\" loading=\"lazy\"><\/a><\/div>\n<\/div>\n<\/div>\n<\/div>\n<\/div>\n<\/div>\n<\/div>\n<\/div>\n<\/div>\n<\/div>\n<\/div>\n<\/div>\n<\/section>\n<\/div>\n<p>    <!-- version:1773046325 --><\/p>\n","protected":false},"excerpt":{"rendered":"<p>klassische Werbung Tankstellen Sie sind Ihnen ganz sicher bereits aufgefallen, die Stra\u00dfengel\u00e4nder mit Werbeaussagen im Bereich der Tankstelle, Waschstra\u00dfen oder am Einkaufszentrum &#8211; so aufgestellt, dass sie immer im Blickfeld sind, wenn Sie Ihr Fahrzeug betanken oder waschen, oder Ihren Einkauf erledigen. In der Gr\u00f6\u00dfe 135 x 65 cm zieht dieses Werbemedium automatisch den Blick [&hellip;]<\/p>\n","protected":false},"author":1,"featured_media":0,"parent":929,"menu_order":0,"comment_status":"closed","ping_status":"closed","template":"","meta":{"footnotes":""},"_links":{"self":[{"href":"https:\/\/www.mediagmbh.de\/de\/wp-json\/wp\/v2\/pages\/1456"}],"collection":[{"href":"https:\/\/www.mediagmbh.de\/de\/wp-json\/wp\/v2\/pages"}],"about":[{"href":"https:\/\/www.mediagmbh.de\/de\/wp-json\/wp\/v2\/types\/page"}],"author":[{"embeddable":true,"href":"https:\/\/www.mediagmbh.de\/de\/wp-json\/wp\/v2\/users\/1"}],"replies":[{"embeddable":true,"href":"https:\/\/www.mediagmbh.de\/de\/wp-json\/wp\/v2\/comments?post=1456"}],"version-history":[{"count":12,"href":"https:\/\/www.mediagmbh.de\/de\/wp-json\/wp\/v2\/pages\/1456\/revisions"}],"predecessor-version":[{"id":2156,"href":"https:\/\/www.mediagmbh.de\/de\/wp-json\/wp\/v2\/pages\/1456\/revisions\/2156"}],"up":[{"embeddable":true,"href":"https:\/\/www.mediagmbh.de\/de\/wp-json\/wp\/v2\/pages\/929"}],"wp:attachment":[{"href":"https:\/\/www.mediagmbh.de\/de\/wp-json\/wp\/v2\/media?parent=1456"}],"curies":[{"name":"wp","href":"https:\/\/api.w.org\/{rel}","templated":true}]}}