{"id":1459,"date":"2023-08-03T11:23:33","date_gmt":"2023-08-03T09:23:33","guid":{"rendered":"https:\/\/www.mediagmbh.de\/de\/?page_id=1459"},"modified":"2026-03-09T09:52:07","modified_gmt":"2026-03-09T08:52:07","slug":"einkaufs-und-baumaerkte","status":"publish","type":"page","link":"https:\/\/www.mediagmbh.de\/de\/klassische-werbung\/einkaufs-und-baumaerkte\/","title":{"rendered":"Einkaufs- und Baum\u00e4rkte"},"content":{"rendered":"<div class=\"brz-root__container brz-reset-all\">\n<section id=\"dwqkyelvwvgndjymrcsmolivhkjbbywpzgzv\" class=\"brz-section brz-css-zMnw2\">\n<div class=\"brz-section__content brz-section--boxed brz-css-g8Voc brz-css-qJbOa\" data-brz-custom-id=\"uobjgwxxhpwabrvfstfhhugwddgnijpxtjnb\">\n<div class=\"brz-container brz-css-szvfU\">\n<div class=\"brz-row__container brz-css-wzXZv\" data-brz-custom-id=\"eabmocisgwoshwlxcdmgdqdpigscdpdddwlj\">\n<div class=\"brz-bg\"><\/div>\n<div class=\"brz-row brz-css-mu5AR brz-css-f8uYE\">\n<div class=\"brz-columns brz-css-su4kM brz-css-bm9kh\" data-brz-custom-id=\"fvyacxztshlkxdmxxoxjgoxttxxhvazvdhih\">\n<div class=\"brz-bg\"><\/div>\n<div class=\"brz-column__items brz-css-mnvBS\">\n<div id class=\"brz-css-jVRgV brz-wrapper\">\n<div class=\"brz-rich-text brz-rich-text__custom brz-css-bpFAp\" data-brz-custom-id=\"ssqoudpzkowpibbpuxkidwmfyruajyuxzbfn\">\n<div data-brz-translate-text=\"1\">\n<h5 data-uniq-id=\"njvhy\" data-generated-css=\"brz-css-orvyu\" class=\"brz-tp-lg-abovetitle brz-css-rto3Y\"><span class=\"brz-cp-color7\">klassische Werbung<\/span><\/h5>\n<\/div>\n<\/div>\n<\/div>\n<div id class=\"brz-css-jVRgV brz-wrapper\">\n<div class=\"brz-rich-text brz-rich-text__custom brz-css-bpFAp\" data-brz-custom-id=\"uumthhmvegpnmyacfgeqgguktkfvccafqbec\">\n<div data-brz-translate-text=\"1\">\n<h2 class=\"brz-tp-lg-heading2 brz-css-f8Rwd\" data-generated-css=\"brz-css-tvbzp\" data-uniq-id=\"hdhtu\"><span class=\"brz-cp-color2\">Einkaufs- und Baum\u00e4rkte<\/span><\/h2>\n<\/div>\n<\/div>\n<\/div>\n<div id class=\"brz-css-jVRgV brz-wrapper\">\n<div class=\"brz-rich-text brz-rich-text__custom brz-css-bpFAp\" data-brz-custom-id=\"qwzrjvizhlojljjlnkqqhzvxgxsrcfgixksj\">\n<div data-brz-translate-text=\"1\">\n<p class=\"brz-tp-lg-paragraph brz-css-dtjJA\" data-generated-css=\"brz-css-tfezg\" data-uniq-id=\"tzdou\"><span class=\"brz-cp-color7\">Die Wagenboxen eines Marktes eignen sich hervorragend zur werblichen Nutzung. Ihre Werbefl\u00e4che in Verbindung mit gro\u00dfen Marken wirkt dabei stark imagebildend und wirkt so deutlich st\u00e4rker als Anzeigen in Printmedien oder \u00c4hnlichem. An den Wagenboxen kann l\u00e4ngsseitig &#8211; auch an beiden Seiten der Box &#8211; eine Bandenwerbung montiert werden. Aufgrund der \u00f6rtlichen Gegebenheiten bieten wir als eine L\u00f6sung auch platzsparende Wandmontagen an, welche im Au\u00dfen- und Innenbereich angebracht werden k\u00f6nnen. Au\u00dferdem bieten wir attraktive, gro\u00dffl\u00e4chige Wandmontagen an, welche wir an Hausw\u00e4nden platzieren.<\/span><\/p>\n<\/div>\n<\/div>\n<\/div>\n<\/div>\n<\/div>\n<\/div>\n<\/div>\n<div class=\"brz-row__container brz-css-wzXZv\" data-brz-custom-id=\"zvzrwgpozpkwcvycotrwedfribcfyapvxcws\">\n<div class=\"brz-bg\"><\/div>\n<div class=\"brz-row brz-css-mu5AR brz-css-f8uYE\">\n<div class=\"brz-columns brz-css-su4kM brz-css-cNRrs\" data-brz-custom-id=\"rawnxwfckqnastgcsvelnpihvqfxmnxwxybw\">\n<div class=\"brz-bg\"><\/div>\n<div class=\"brz-column__items brz-css-mnvBS\">\n<div class=\"brz-row__container brz-css-wzXZv\" data-brz-custom-id=\"xowwrnrgooyuzkwyeajmxkzhvaopnxtfsfkx\">\n<div class=\"brz-bg\"><\/div>\n<div class=\"brz-row brz-row--inner brz-css-mu5AR\">\n<div class=\"brz-columns brz-css-su4kM brz-css-sevYg\" data-brz-custom-id=\"ymihoalpcmwebouplqhhhfpfdkaxvtoodqse\">\n<div class=\"brz-bg\"><\/div>\n<div class=\"brz-column__items brz-css-mnvBS\">\n<div id class=\"brz-css-jVRgV brz-wrapper\">\n<div class=\"brz-image brz-image__lightbox brz-css-ilkpq\" data-brz-custom-id=\"ssdceynhlrwbbtmtgrudvkvlzegcajjgknki\"><a class=\"brz-a\" href=\"https:\/\/www.mediagmbh.de\/de\/wp-content\/uploads\/2023\/08\/Markt1.png\" target=\"_self\" rel=\"noopener\" data-brz-link-type=\"lightBox\"><img decoding=\"async\" class=\"brz-img\" src=\"https:\/\/www.mediagmbh.de\/de\/wp-content\/uploads\/2023\/08\/Markt1.png\" alt=\"\" loading=\"lazy\"><\/a><\/div>\n<\/div>\n<\/div>\n<\/div>\n<div class=\"brz-columns brz-css-su4kM brz-css-kpuTB\" data-brz-custom-id=\"dshhmmthmoikogckexfojhvohjzoubunfkdc\">\n<div class=\"brz-bg\"><\/div>\n<div class=\"brz-column__items brz-css-mnvBS\">\n<div id class=\"brz-css-jVRgV brz-wrapper\">\n<div class=\"brz-image brz-image__lightbox brz-css-tOckN\" data-brz-custom-id=\"xhqdlxpkfawmqrlamanmkbpstpxgvjquzooh\"><a class=\"brz-a\" href=\"https:\/\/www.mediagmbh.de\/de\/wp-content\/uploads\/2023\/08\/Markt2.png\" target=\"_self\" rel=\"noopener\" data-brz-link-type=\"lightBox\"><img decoding=\"async\" class=\"brz-img\" src=\"https:\/\/www.mediagmbh.de\/de\/wp-content\/uploads\/2023\/08\/Markt2.png\" alt=\"\" loading=\"lazy\"><\/a><\/div>\n<\/div>\n<\/div>\n<\/div>\n<div class=\"brz-columns brz-css-su4kM brz-css-ad0OK\" data-brz-custom-id=\"wzhvmovrfyfpjhqyktqavkjztctbhwaeugdh\">\n<div class=\"brz-bg\"><\/div>\n<div class=\"brz-column__items brz-css-mnvBS\">\n<div id class=\"brz-css-jVRgV brz-wrapper\">\n<div class=\"brz-image brz-image__lightbox brz-css-ins8X\" data-brz-custom-id=\"iimifgnyckbipqmdxyouvcflmctswduckjkh\"><a class=\"brz-a\" href=\"https:\/\/www.mediagmbh.de\/de\/wp-content\/uploads\/2023\/08\/Markt3.png\" target=\"_self\" rel=\"noopener\" data-brz-link-type=\"lightBox\"><img decoding=\"async\" class=\"brz-img\" src=\"https:\/\/www.mediagmbh.de\/de\/wp-content\/uploads\/2023\/08\/Markt3.png\" alt=\"\" loading=\"lazy\"><\/a><\/div>\n<\/div>\n<\/div>\n<\/div>\n<\/div>\n<\/div>\n<\/div>\n<\/div>\n<\/div>\n<\/div>\n<\/div>\n<\/div>\n<\/section>\n<\/div>\n<p>    <!-- version:1773046327 --><\/p>\n","protected":false},"excerpt":{"rendered":"<p>klassische Werbung Einkaufs- und Baum\u00e4rkte Die Wagenboxen eines Marktes eignen sich hervorragend zur werblichen Nutzung. Ihre Werbefl\u00e4che in Verbindung mit gro\u00dfen Marken wirkt dabei stark imagebildend und wirkt so deutlich st\u00e4rker als Anzeigen in Printmedien oder \u00c4hnlichem. An den Wagenboxen kann l\u00e4ngsseitig &#8211; auch an beiden Seiten der Box &#8211; eine Bandenwerbung montiert werden. Aufgrund [&hellip;]<\/p>\n","protected":false},"author":1,"featured_media":0,"parent":929,"menu_order":0,"comment_status":"closed","ping_status":"closed","template":"","meta":{"footnotes":""},"_links":{"self":[{"href":"https:\/\/www.mediagmbh.de\/de\/wp-json\/wp\/v2\/pages\/1459"}],"collection":[{"href":"https:\/\/www.mediagmbh.de\/de\/wp-json\/wp\/v2\/pages"}],"about":[{"href":"https:\/\/www.mediagmbh.de\/de\/wp-json\/wp\/v2\/types\/page"}],"author":[{"embeddable":true,"href":"https:\/\/www.mediagmbh.de\/de\/wp-json\/wp\/v2\/users\/1"}],"replies":[{"embeddable":true,"href":"https:\/\/www.mediagmbh.de\/de\/wp-json\/wp\/v2\/comments?post=1459"}],"version-history":[{"count":7,"href":"https:\/\/www.mediagmbh.de\/de\/wp-json\/wp\/v2\/pages\/1459\/revisions"}],"predecessor-version":[{"id":2163,"href":"https:\/\/www.mediagmbh.de\/de\/wp-json\/wp\/v2\/pages\/1459\/revisions\/2163"}],"up":[{"embeddable":true,"href":"https:\/\/www.mediagmbh.de\/de\/wp-json\/wp\/v2\/pages\/929"}],"wp:attachment":[{"href":"https:\/\/www.mediagmbh.de\/de\/wp-json\/wp\/v2\/media?parent=1459"}],"curies":[{"name":"wp","href":"https:\/\/api.w.org\/{rel}","templated":true}]}}