{"id":1461,"date":"2023-08-03T11:23:53","date_gmt":"2023-08-03T09:23:53","guid":{"rendered":"https:\/\/www.mediagmbh.de\/de\/?page_id=1461"},"modified":"2026-03-09T18:12:26","modified_gmt":"2026-03-09T17:12:26","slug":"gewerbe-leitsysteme","status":"publish","type":"page","link":"https:\/\/www.mediagmbh.de\/de\/klassische-werbung\/gewerbe-leitsysteme\/","title":{"rendered":"Gewerbe-Leitsysteme"},"content":{"rendered":"<div class=\"brz-root__container brz-reset-all\">\n<section id=\"adxiyncxjjirgmvqcqpvzembjrxudrqtolrm\" class=\"brz-section brz-css-fDodh\">\n<div class=\"brz-section__content brz-section--boxed brz-css-mvDhl brz-css-szHig\" data-brz-custom-id=\"xlockbzfkkexnpmdkxihfyhtqgjfiussrtok\">\n<div class=\"brz-container brz-css-vNO1W\">\n<div class=\"brz-row__container brz-css-lZkXJ\" data-brz-custom-id=\"xyewwmxzhbmsmjwueoymlqqrpojoqhfqgkjs\">\n<div class=\"brz-bg\"><\/div>\n<div class=\"brz-row brz-css-gz4lB brz-css-v1quA\">\n<div class=\"brz-columns brz-css-qnkR2 brz-css-bfpv3\" data-brz-custom-id=\"wozcbczuqkmzrnouekikoumovkttozzyrysg\">\n<div class=\"brz-bg\"><\/div>\n<div class=\"brz-column__items brz-css-zOYw8\">\n<div id class=\"brz-css-gD1Gm brz-wrapper\">\n<div class=\"brz-rich-text brz-rich-text__custom brz-css-lMwxJ\" data-brz-custom-id=\"pqjvdbcxatzuhakrcaazcotgiubzlqcuvfnw\">\n<div data-brz-translate-text=\"1\">\n<h5 data-uniq-id=\"njvhy\" data-generated-css=\"brz-css-orvyu\" class=\"brz-tp-lg-abovetitle brz-css-hkZZT\"><span class=\"brz-cp-color7\">klassische Werbung<\/span><\/h5>\n<\/div>\n<\/div>\n<\/div>\n<div id class=\"brz-css-gD1Gm brz-wrapper\">\n<div class=\"brz-rich-text brz-rich-text__custom brz-css-lMwxJ\" data-brz-custom-id=\"difykqmnmafjmyiejaebpjjvskygnqhjghhr\">\n<div data-brz-translate-text=\"1\">\n<h2 class=\"brz-tp-lg-heading2 brz-css-ywUVG\" data-generated-css=\"brz-css-tqzii\" data-uniq-id=\"rytbf\"><span class=\"brz-cp-color2\">Gewerbe-Leitsysteme<\/span><\/h2>\n<\/div>\n<\/div>\n<\/div>\n<div id class=\"brz-css-gD1Gm brz-wrapper\">\n<div class=\"brz-rich-text brz-rich-text__custom brz-css-lMwxJ\" data-brz-custom-id=\"czmyjpstpilzxnngfaylmpkhizhgbrbnqqhx\">\n<div data-brz-translate-text=\"1\">\n<p class=\"brz-tp-lg-paragraph brz-css-c4RJ0\" data-generated-css=\"brz-css-xydah\" data-uniq-id=\"akpdn\"><span class=\"brz-cp-color7\">Auf speziellen Pfeiltr\u00e4gern k\u00f6nnen Sie in Kreuzungsbereichen Ihren Kunden den richtigen Weg weisen. Ebenso eignet sich Lichtmastwerbung an Einkaufsm\u00e4rkten oder Stra\u00dfenz\u00fcgen im Stadtgebiet hervorragend, um auf sich aufmerksam zu machen. An Lichtmasten k\u00f6nnen entweder Tafeln oder drei- bzw. vierseitige Felder mit Werbefl\u00e4chen montiert werden.<\/span><\/p>\n<\/div>\n<\/div>\n<\/div>\n<\/div>\n<\/div>\n<\/div>\n<\/div>\n<div class=\"brz-row__container brz-css-lZkXJ\" data-brz-custom-id=\"tyznubfokpkkpkgoymvreputehfdrgcokere\">\n<div class=\"brz-bg\"><\/div>\n<div class=\"brz-row brz-css-gz4lB brz-css-v1quA\">\n<div class=\"brz-columns brz-css-qnkR2 brz-css-s6nbF\" data-brz-custom-id=\"drekwqxlvambsqdcqitlekelspbcnfvqwgrt\">\n<div class=\"brz-bg\"><\/div>\n<div class=\"brz-column__items brz-css-zOYw8\">\n<div class=\"brz-row__container brz-css-lZkXJ\" data-brz-custom-id=\"rekiwgsapinflmckgmrrrceehhpeenbksyla\">\n<div class=\"brz-bg\"><\/div>\n<div class=\"brz-row brz-row--inner brz-css-gz4lB\">\n<div class=\"brz-columns brz-css-qnkR2 brz-css-hLYJw\" data-brz-custom-id=\"ftxdrxvpoawkkgoeljlbtlizzslheibicufj\">\n<div class=\"brz-bg\"><\/div>\n<div class=\"brz-column__items brz-css-zOYw8\">\n<div id class=\"brz-css-gD1Gm brz-wrapper\">\n<div class=\"brz-image brz-image__lightbox brz-css-ha5bN\" data-brz-custom-id=\"nkjcjajjnmsczyerkmkuffvxdwowrpttywjs\"><a class=\"brz-a\" href=\"https:\/\/www.mediagmbh.de\/de\/wp-content\/uploads\/2023\/08\/Wegweiser1.png\" target=\"_self\" rel=\"noopener\" data-brz-link-type=\"lightBox\"><img decoding=\"async\" class=\"brz-img\" src=\"https:\/\/www.mediagmbh.de\/de\/wp-content\/uploads\/2023\/08\/Wegweiser1.png\" alt=\"\" loading=\"lazy\"><\/a><\/div>\n<\/div>\n<\/div>\n<\/div>\n<div class=\"brz-columns brz-css-qnkR2 brz-css-zaNyE\" data-brz-custom-id=\"fnfrevnpchdquvwjqkpbitkzvzdlmrovabaz\">\n<div class=\"brz-bg\"><\/div>\n<div class=\"brz-column__items brz-css-zOYw8\">\n<div id class=\"brz-css-gD1Gm brz-wrapper\">\n<div class=\"brz-image brz-image__lightbox brz-css-nC6Vv\" data-brz-custom-id=\"slzvtzvdporuwpagirsgrenffzweahrvrenj\"><a class=\"brz-a\" href=\"https:\/\/www.mediagmbh.de\/de\/wp-content\/uploads\/2023\/08\/Wegweiser2.png\" target=\"_self\" rel=\"noopener\" data-brz-link-type=\"lightBox\"><img decoding=\"async\" class=\"brz-img\" src=\"https:\/\/www.mediagmbh.de\/de\/wp-content\/uploads\/2023\/08\/Wegweiser2.png\" alt=\"\" loading=\"lazy\"><\/a><\/div>\n<\/div>\n<\/div>\n<\/div>\n<div class=\"brz-columns brz-css-qnkR2 brz-css-rhFmr\" data-brz-custom-id=\"ixataymoxlrhcmabnthslufsokrfeftavsln\">\n<div class=\"brz-bg\"><\/div>\n<div class=\"brz-column__items brz-css-zOYw8\">\n<div id class=\"brz-css-gD1Gm brz-wrapper\">\n<div class=\"brz-image brz-image__lightbox brz-css-hbRGd\" data-brz-custom-id=\"fuxjtflvxrijnxkgepatbetkrvtirvmxnlxc\"><a class=\"brz-a\" href=\"https:\/\/www.mediagmbh.de\/de\/wp-content\/uploads\/2023\/08\/Wegweiser3.png\" target=\"_self\" rel=\"noopener\" data-brz-link-type=\"lightBox\"><img decoding=\"async\" class=\"brz-img\" src=\"https:\/\/www.mediagmbh.de\/de\/wp-content\/uploads\/2023\/08\/Wegweiser3.png\" alt=\"\" loading=\"lazy\"><\/a><\/div>\n<\/div>\n<\/div>\n<\/div>\n<\/div>\n<\/div>\n<\/div>\n<\/div>\n<\/div>\n<\/div>\n<\/div>\n<\/div>\n<\/section>\n<\/div>\n<p>    <!-- version:1773076346 --><\/p>\n","protected":false},"excerpt":{"rendered":"<p>klassische Werbung Gewerbe-Leitsysteme Auf speziellen Pfeiltr\u00e4gern k\u00f6nnen Sie in Kreuzungsbereichen Ihren Kunden den richtigen Weg weisen. Ebenso eignet sich Lichtmastwerbung an Einkaufsm\u00e4rkten oder Stra\u00dfenz\u00fcgen im Stadtgebiet hervorragend, um auf sich aufmerksam zu machen. An Lichtmasten k\u00f6nnen entweder Tafeln oder drei- bzw. vierseitige Felder mit Werbefl\u00e4chen montiert werden.<\/p>\n","protected":false},"author":1,"featured_media":0,"parent":929,"menu_order":0,"comment_status":"closed","ping_status":"closed","template":"","meta":{"footnotes":""},"_links":{"self":[{"href":"https:\/\/www.mediagmbh.de\/de\/wp-json\/wp\/v2\/pages\/1461"}],"collection":[{"href":"https:\/\/www.mediagmbh.de\/de\/wp-json\/wp\/v2\/pages"}],"about":[{"href":"https:\/\/www.mediagmbh.de\/de\/wp-json\/wp\/v2\/types\/page"}],"author":[{"embeddable":true,"href":"https:\/\/www.mediagmbh.de\/de\/wp-json\/wp\/v2\/users\/1"}],"replies":[{"embeddable":true,"href":"https:\/\/www.mediagmbh.de\/de\/wp-json\/wp\/v2\/comments?post=1461"}],"version-history":[{"count":7,"href":"https:\/\/www.mediagmbh.de\/de\/wp-json\/wp\/v2\/pages\/1461\/revisions"}],"predecessor-version":[{"id":2170,"href":"https:\/\/www.mediagmbh.de\/de\/wp-json\/wp\/v2\/pages\/1461\/revisions\/2170"}],"up":[{"embeddable":true,"href":"https:\/\/www.mediagmbh.de\/de\/wp-json\/wp\/v2\/pages\/929"}],"wp:attachment":[{"href":"https:\/\/www.mediagmbh.de\/de\/wp-json\/wp\/v2\/media?parent=1461"}],"curies":[{"name":"wp","href":"https:\/\/api.w.org\/{rel}","templated":true}]}}