{"id":1463,"date":"2023-08-03T11:24:21","date_gmt":"2023-08-03T09:24:21","guid":{"rendered":"https:\/\/www.mediagmbh.de\/de\/?page_id=1463"},"modified":"2026-03-09T09:52:07","modified_gmt":"2026-03-09T08:52:07","slug":"grossflaechen","status":"publish","type":"page","link":"https:\/\/www.mediagmbh.de\/de\/klassische-werbung\/grossflaechen\/","title":{"rendered":"Gro\u00dffl\u00e4chen"},"content":{"rendered":"<div class=\"brz-root__container brz-reset-all\">\n<section id=\"mioxoycltdnanwwskmxyclhhbzjejfypqiup\" class=\"brz-section brz-css-f1_qK\">\n<div class=\"brz-section__content brz-section--boxed brz-css-ykq3F brz-css-hUUS9\" data-brz-custom-id=\"yymyspcyeerukeaqechtmgnuieyxilpovtco\">\n<div class=\"brz-container brz-css-fNCHs\">\n<div class=\"brz-row__container brz-css-pEMXe\" data-brz-custom-id=\"phphxpgjzgshjabjzwhxzxrpmhbjvcuppajm\">\n<div class=\"brz-bg\"><\/div>\n<div class=\"brz-row brz-css-hKTmE brz-css-jf5MU\">\n<div class=\"brz-columns brz-css-i9FbD brz-css-gyw0q\" data-brz-custom-id=\"tqrrevruyxsmcnjzoqlmvuiqhxrensxxzjzz\">\n<div class=\"brz-bg\"><\/div>\n<div class=\"brz-column__items brz-css-o8SsS\">\n<div id class=\"brz-css-ztk6m brz-wrapper\">\n<div class=\"brz-rich-text brz-rich-text__custom brz-css-hO5EG\" data-brz-custom-id=\"pekufydeykzvncvttrwjxmmkqtrlqfevbxcx\">\n<div data-brz-translate-text=\"1\">\n<h5 data-uniq-id=\"njvhy\" data-generated-css=\"brz-css-orvyu\" class=\"brz-tp-lg-abovetitle brz-css-n6hIe\"><span class=\"brz-cp-color7\">klassische Werbung<\/span><\/h5>\n<\/div>\n<\/div>\n<\/div>\n<div id class=\"brz-css-ztk6m brz-wrapper\">\n<div class=\"brz-rich-text brz-rich-text__custom brz-css-hO5EG\" data-brz-custom-id=\"phyjbtbbknwqtxmoxumjyhvmieqsuxyhrtmw\">\n<div data-brz-translate-text=\"1\">\n<h2 class=\"brz-tp-lg-heading2 brz-css-vEogx\" data-generated-css=\"brz-css-mzzkn\" data-uniq-id=\"dokbv\"><span class=\"brz-cp-color2\">Gro\u00dffl\u00e4chen<\/span><\/h2>\n<\/div>\n<\/div>\n<\/div>\n<div id class=\"brz-css-ztk6m brz-wrapper\">\n<div class=\"brz-rich-text brz-rich-text__custom brz-css-hO5EG\" data-brz-custom-id=\"kktfbestuhiuejtyzrhsqjicbfqvnbxeasij\">\n<div data-brz-translate-text=\"1\">\n<p class=\"brz-tp-lg-paragraph brz-css-yFzn5\" data-generated-css=\"brz-css-mnnwz\" data-uniq-id=\"ltdfl\"><span class=\"brz-cp-color7\">M\u00f6chten Sie es noch gr\u00f6\u00dfer, dann mieten Sie eine unserer Gro\u00dffl\u00e4chen an. Ihre Werbung k\u00f6nnen wir an Hausw\u00e4nden oder auf, von uns platzierten Tafeln, an gut sichtbaren Standorten Ihrer Region anbringen.<\/span><\/p>\n<\/div>\n<\/div>\n<\/div>\n<\/div>\n<\/div>\n<\/div>\n<\/div>\n<div class=\"brz-row__container brz-css-pEMXe\" data-brz-custom-id=\"wfgkszjjekkzpxwdvapuulmxcjkwchkdlhyg\">\n<div class=\"brz-bg\"><\/div>\n<div class=\"brz-row brz-css-hKTmE brz-css-jf5MU\">\n<div class=\"brz-columns brz-css-i9FbD brz-css-oIwMC\" data-brz-custom-id=\"srcwvfgsoyznotkzidftuwzeqagegzqquyan\">\n<div class=\"brz-bg\"><\/div>\n<div class=\"brz-column__items brz-css-o8SsS\">\n<div class=\"brz-row__container brz-css-pEMXe\" data-brz-custom-id=\"kswdrdnhtanfuxsyucjwvvugtwpktkxfadvs\">\n<div class=\"brz-bg\"><\/div>\n<div class=\"brz-row brz-row--inner brz-css-hKTmE\">\n<div class=\"brz-columns brz-css-i9FbD brz-css-w8Q5c\" data-brz-custom-id=\"kadqheuaarbrrofnahwjscnponkwvzcdcmou\">\n<div class=\"brz-bg\"><\/div>\n<div class=\"brz-column__items brz-css-o8SsS\">\n<div id class=\"brz-css-ztk6m brz-wrapper\">\n<div class=\"brz-image brz-image__lightbox brz-css-i4hgt\" data-brz-custom-id=\"zzkdpvknrruzxtifwqgnezwqzryztqthbyau\"><a class=\"brz-a\" href=\"https:\/\/www.mediagmbh.de\/de\/wp-content\/uploads\/2023\/08\/Gross1.png\" target=\"_self\" rel=\"noopener\" data-brz-link-type=\"lightBox\"><img decoding=\"async\" class=\"brz-img\" src=\"https:\/\/www.mediagmbh.de\/de\/wp-content\/uploads\/2023\/08\/Gross1.png\" alt=\"\" loading=\"lazy\"><\/a><\/div>\n<\/div>\n<\/div>\n<\/div>\n<div class=\"brz-columns brz-css-i9FbD brz-css-mlUwD\" data-brz-custom-id=\"sweqfncjisfmpejfysjaxdhzndpxjximmqcq\">\n<div class=\"brz-bg\"><\/div>\n<div class=\"brz-column__items brz-css-o8SsS\">\n<div id class=\"brz-css-ztk6m brz-wrapper\">\n<div class=\"brz-image brz-image__lightbox brz-css-snCyk\" data-brz-custom-id=\"verklnrxpuwcwzumztyvudawrvmxcidppzsj\"><a class=\"brz-a\" href=\"https:\/\/www.mediagmbh.de\/de\/wp-content\/uploads\/2023\/08\/Gross2.png\" target=\"_self\" rel=\"noopener\" data-brz-link-type=\"lightBox\"><img decoding=\"async\" class=\"brz-img\" src=\"https:\/\/www.mediagmbh.de\/de\/wp-content\/uploads\/2023\/08\/Gross2.png\" alt=\"\" loading=\"lazy\"><\/a><\/div>\n<\/div>\n<\/div>\n<\/div>\n<div class=\"brz-columns brz-css-i9FbD brz-css-zA1qM\" data-brz-custom-id=\"vacspqgmbhkbkkqhrcesjopkybgziioizkco\">\n<div class=\"brz-bg\"><\/div>\n<div class=\"brz-column__items brz-css-o8SsS\">\n<div id class=\"brz-css-ztk6m brz-wrapper\">\n<div class=\"brz-image brz-image__lightbox brz-css-lwcr5\" data-brz-custom-id=\"ndldntnmmpqcacjdffheqlzwsbrchwoktlzf\"><a class=\"brz-a\" href=\"https:\/\/www.mediagmbh.de\/de\/wp-content\/uploads\/2023\/08\/Gross3.png\" target=\"_self\" rel=\"noopener\" data-brz-link-type=\"lightBox\"><img decoding=\"async\" class=\"brz-img\" src=\"https:\/\/www.mediagmbh.de\/de\/wp-content\/uploads\/2023\/08\/Gross3.png\" alt=\"\" loading=\"lazy\"><\/a><\/div>\n<\/div>\n<\/div>\n<\/div>\n<\/div>\n<\/div>\n<\/div>\n<\/div>\n<\/div>\n<\/div>\n<\/div>\n<\/div>\n<\/section>\n<\/div>\n<p>    <!-- version:1773046326 --><\/p>\n","protected":false},"excerpt":{"rendered":"<p>klassische Werbung Gro\u00dffl\u00e4chen M\u00f6chten Sie es noch gr\u00f6\u00dfer, dann mieten Sie eine unserer Gro\u00dffl\u00e4chen an. Ihre Werbung k\u00f6nnen wir an Hausw\u00e4nden oder auf, von uns platzierten Tafeln, an gut sichtbaren Standorten Ihrer Region anbringen.<\/p>\n","protected":false},"author":1,"featured_media":0,"parent":929,"menu_order":0,"comment_status":"closed","ping_status":"closed","template":"","meta":{"footnotes":""},"_links":{"self":[{"href":"https:\/\/www.mediagmbh.de\/de\/wp-json\/wp\/v2\/pages\/1463"}],"collection":[{"href":"https:\/\/www.mediagmbh.de\/de\/wp-json\/wp\/v2\/pages"}],"about":[{"href":"https:\/\/www.mediagmbh.de\/de\/wp-json\/wp\/v2\/types\/page"}],"author":[{"embeddable":true,"href":"https:\/\/www.mediagmbh.de\/de\/wp-json\/wp\/v2\/users\/1"}],"replies":[{"embeddable":true,"href":"https:\/\/www.mediagmbh.de\/de\/wp-json\/wp\/v2\/comments?post=1463"}],"version-history":[{"count":6,"href":"https:\/\/www.mediagmbh.de\/de\/wp-json\/wp\/v2\/pages\/1463\/revisions"}],"predecessor-version":[{"id":2177,"href":"https:\/\/www.mediagmbh.de\/de\/wp-json\/wp\/v2\/pages\/1463\/revisions\/2177"}],"up":[{"embeddable":true,"href":"https:\/\/www.mediagmbh.de\/de\/wp-json\/wp\/v2\/pages\/929"}],"wp:attachment":[{"href":"https:\/\/www.mediagmbh.de\/de\/wp-json\/wp\/v2\/media?parent=1463"}],"curies":[{"name":"wp","href":"https:\/\/api.w.org\/{rel}","templated":true}]}}