{"id":1465,"date":"2023-08-03T11:25:02","date_gmt":"2023-08-03T09:25:02","guid":{"rendered":"https:\/\/www.mediagmbh.de\/de\/?page_id=1465"},"modified":"2026-03-09T09:01:17","modified_gmt":"2026-03-09T08:01:17","slug":"videotruck-mit-buehne","status":"publish","type":"page","link":"https:\/\/www.mediagmbh.de\/de\/digitale-werbung\/led-waende-mieten\/videotruck-mit-buehne\/","title":{"rendered":"Videotruck mit B\u00fchne"},"content":{"rendered":"<div class=\"brz-root__container brz-reset-all\">\n<section id=\"wetmiroxknzisvscibrwoeqpkplrzxqwgwax\" class=\"brz-section brz-css-lImmT\">\n<div class=\"brz-section__content brz-section--boxed brz-css-acZrI brz-css-b8JkC\" data-brz-custom-id=\"cdfoshoezjztczxbfgtolphrhsppysvhecav\">\n<div class=\"brz-container brz-css-nDRVu\">\n<div class=\"brz-row__container brz-css-xYjID\" data-brz-custom-id=\"zirilhwouycjowxewnglvyboljdluwhlokuh\">\n<div class=\"brz-bg\"><\/div>\n<div class=\"brz-row brz-css-e7uez brz-css-eM4Qm\">\n<div class=\"brz-columns brz-css-pp450 brz-css-sx7H8\" data-brz-custom-id=\"pjkcvwbfosaxhsmguucdgiptfizmfspkyvpl\">\n<div class=\"brz-bg\"><\/div>\n<div class=\"brz-column__items brz-css-g4T6u\">\n<div id class=\"brz-css-r6xnu brz-wrapper\">\n<div class=\"brz-rich-text brz-rich-text__custom brz-css-p2y9O\" data-brz-custom-id=\"svmnbdfytbrriokbmvfcqbqxalcjgkslshrw\">\n<div data-brz-translate-text=\"1\">\n<h5 class=\"brz-tp-lg-abovetitle brz-css-lv9Bq\" data-generated-css=\"brz-css-romhf\" data-uniq-id=\"ioxjf\"><span class=\"brz-cp-color7\">digitale Werbung<\/span><\/h5>\n<\/div>\n<\/div>\n<\/div>\n<div id class=\"brz-css-r6xnu brz-wrapper\">\n<div class=\"brz-rich-text brz-rich-text__custom brz-css-p2y9O\" data-brz-custom-id=\"nwyvhnmztfwuzitdjxqptvsmxiisoeklmpuy\">\n<div data-brz-translate-text=\"1\">\n<h2 class=\"brz-tp-lg-heading2 brz-css-iPQjT\" data-uniq-id=\"lbcsg\" data-generated-css=\"brz-css-anrwp\"><span style=\"opacity: 1;\" class=\"brz-cp-color2\">Videotruck mit B\u00fchne<\/span><\/h2>\n<\/div>\n<\/div>\n<\/div>\n<div id class=\"brz-css-r6xnu brz-wrapper\">\n<div class=\"brz-rich-text brz-rich-text__custom brz-css-p2y9O\" data-brz-custom-id=\"xuvqghshgtzqtsgrhlnzbdgqafwzcierfrkg\">\n<div data-brz-translate-text=\"1\">\n<p class=\"brz-tp-lg-paragraph brz-css-kPEea\" data-generated-css=\"brz-css-bxltt\" data-uniq-id=\"hsiur\"><span class=\"brz-cp-color7\">Unser Videowall-Truck ist konzipiert f\u00fcr den schnellen und flexiblen Einsatz bei Au\u00dfenwerbungen jedweder Art, Sport- und Musikveranstaltungen, Stadtfesten, Public Viewing, etc.<\/span><\/p>\n<p class=\"brz-tp-lg-paragraph brz-css-bkULs\" data-generated-css=\"brz-css-odhoy\" data-uniq-id=\"xjwmy\"><span class=\"brz-cp-color7\"> <\/span><\/p>\n<p class=\"brz-tp-lg-paragraph brz-css-wjiMT\" data-generated-css=\"brz-css-bpzoa\" data-uniq-id=\"qrbcu\"><span class=\"brz-cp-color7\">W\u00e4hrend&nbsp;<\/span><span class=\"brz-cp-color7 brz-span\" style>Outdoor LED W\u00e4nde<\/span><span class=\"brz-cp-color7\">&nbsp;jedes mal neu modulweise aufgebaut werden m\u00fcssen, man sich um die ensprechende Layher-\/Traversenkonstruktion, die Statik und einige andere Faktoren k\u00fcmmern muss, k\u00f6nnen Sie sich bei der Miete eines LED Trailers bequem zur\u00fcck lehnen. In wenigen Minuten ist die mobile Videowand einsatzbereit und liefert auf seiner 4m x 2,25m gro\u00dfen LED-Wand ein hochwertiges und brillantes Bild.<\/span><\/p>\n<p class=\"brz-tp-lg-paragraph brz-css-h4DuF\" data-generated-css=\"brz-css-aikzy\" data-uniq-id=\"stecg\"><span class=\"brz-cp-color7\"> <\/span><\/p>\n<p class=\"brz-tp-lg-paragraph brz-css-rq_VA\" data-generated-css=\"brz-css-gyrne\" data-uniq-id=\"wbkdl\"><span class=\"brz-cp-color7\">Der LED-Truck ist bewusst in einer Gr\u00f6\u00dfe gebaut worden, um mit der Gesamtlast (6,5 t) auch Sportst\u00e4tten, sowie historische Innenst\u00e4dte\/Marktpl\u00e4tze oder auch Ufer und K\u00fcsten in der Windzone 4 befahren zu k\u00f6nnen.<\/span><\/p>\n<p class=\"brz-tp-lg-paragraph brz-css-onscH\" data-generated-css=\"brz-css-uchbi\" data-uniq-id=\"eulka\"><span class=\"brz-cp-color7\"> <\/span><\/p>\n<p class=\"brz-tp-lg-paragraph brz-css-sv35b\" data-generated-css=\"brz-css-gajdg\" data-uniq-id=\"npdkq\"><span class=\"brz-cp-color7\"> Technische Details:<\/span><\/p>\n<ul>\n<li class=\"brz-tp-lg-paragraph brz-bcp-color7 brz-css-aloOk\" data-generated-css=\"brz-css-yxzcm\" data-uniq-id=\"uwmue\"><span class=\"brz-cp-color7\">Auflieger mit ausklappbarer B\u00fchne (\u00fcberdacht)<\/span><\/li>\n<li class=\"brz-tp-lg-paragraph brz-bcp-color7 brz-css-ha8bD\" data-generated-css=\"brz-css-iakqz\" data-uniq-id=\"erake\"><span class=\"brz-cp-color7\">LED Wand 4 x 2,25m im Format 16:9<\/span><\/li>\n<li class=\"brz-tp-lg-paragraph brz-bcp-color7 brz-css-yywKZ\" data-generated-css=\"brz-css-vxjtc\" data-uniq-id=\"twyqz\"><span class=\"brz-cp-color7\">schwenkbar um 65\u00b0 zu zwei Seiten m\u00f6glich<\/span><\/li>\n<li class=\"brz-tp-lg-paragraph brz-bcp-color7 brz-css-pzUp9\" data-generated-css=\"brz-css-jjuji\" data-uniq-id=\"qhsvy\"><span class=\"brz-cp-color7\">sehr hochwertiges brillantes Bild, Pixelpitch 5,6mm<\/span><\/li>\n<li class=\"brz-tp-lg-paragraph brz-bcp-color7 brz-css-ayPDH\" data-generated-css=\"brz-css-ovgdl\" data-uniq-id=\"hnlrf\"><span class=\"brz-cp-color7\">4 Schnittpl\u00e4tze im Truck<\/span><\/li>\n<\/ul>\n<\/div>\n<\/div>\n<\/div>\n<\/div>\n<\/div>\n<\/div>\n<\/div>\n<div class=\"brz-row__container brz-css-xYjID\" data-brz-custom-id=\"qzgcvixltbhnlgruvhhldiifydnokyceuyje\">\n<div class=\"brz-bg\"><\/div>\n<div class=\"brz-row brz-css-e7uez brz-css-eM4Qm\">\n<div class=\"brz-columns brz-css-pp450 brz-css-yaHN3\" data-brz-custom-id=\"whuswshbudgpgjbycyvstylggliqealvbszo\">\n<div class=\"brz-bg\"><\/div>\n<div class=\"brz-column__items brz-css-g4T6u\">\n<div class=\"brz-row__container brz-css-xYjID\" data-brz-custom-id=\"aonpegrhjvzyolumglenynzojodpcpehasbq\">\n<div class=\"brz-bg\"><\/div>\n<div class=\"brz-row brz-row--inner brz-css-e7uez\">\n<div class=\"brz-columns brz-css-pp450 brz-css-vFWyI\" data-brz-custom-id=\"rnzvoybccwferrunsjxbdiblqafoyyhjjkzq\">\n<div class=\"brz-bg\"><\/div>\n<div class=\"brz-column__items brz-css-g4T6u\">\n<div id class=\"brz-css-r6xnu brz-wrapper\">\n<div class=\"brz-image brz-image__lightbox brz-css-tE3wR\" data-brz-custom-id=\"zwlzgpybknosbbqsljktwsdslrkuvhgjihfo\"><a class=\"brz-a\" href=\"https:\/\/www.mediagmbh.de\/de\/wp-content\/uploads\/2023\/08\/Video-Truck_1.png\" target=\"_self\" rel=\"noopener\" data-brz-link-type=\"lightBox\"><picture class=\"brz-picture brz-d-block brz-p-relative brz-css-cyv0n brz-css-vEySK\"><source srcset=\"https:\/\/www.mediagmbh.de\/de\/wp-content\/uploads\/2023\/08\/Video-Truck_1.png 1x, https:\/\/www.mediagmbh.de\/de\/wp-content\/uploads\/2023\/08\/Video-Truck_1.png 2x\" media=\"(min-width: 992px)\"><source srcset=\"https:\/\/www.mediagmbh.de\/de\/wp-content\/uploads\/2023\/08\/Video-Truck_1.png 1x, https:\/\/www.mediagmbh.de\/de\/wp-content\/uploads\/2023\/08\/Video-Truck_1.png 2x\" media=\"(min-width: 768px)\"><img decoding=\"async\" class=\"brz-img\" srcset=\"https:\/\/www.mediagmbh.de\/de\/wp-content\/uploads\/2023\/08\/Video-Truck_1.png 1x, https:\/\/www.mediagmbh.de\/de\/wp-content\/uploads\/2023\/08\/Video-Truck_1.png 2x\" src=\"https:\/\/www.mediagmbh.de\/de\/wp-content\/uploads\/2023\/08\/Video-Truck_1.png\" alt=\"\" draggable=\"false\" loading=\"lazy\"><\/picture><\/a><\/div>\n<\/div>\n<\/div>\n<\/div>\n<div class=\"brz-columns brz-css-pp450 brz-css-dq2Hx\" data-brz-custom-id=\"qayxjvyujkeqvjzmagssatgsupfoiykfgtie\">\n<div class=\"brz-bg\"><\/div>\n<div class=\"brz-column__items brz-css-g4T6u\">\n<div id class=\"brz-css-r6xnu brz-wrapper\">\n<div class=\"brz-image brz-image__lightbox brz-css-k32Uz\" data-brz-custom-id=\"qggbctokngpjboynwwkddswtbhedsbuevkxm\"><a class=\"brz-a\" href=\"https:\/\/www.mediagmbh.de\/de\/wp-content\/uploads\/2023\/08\/Video-Truck_2.png\" target=\"_self\" rel=\"noopener\" data-brz-link-type=\"lightBox\"><picture class=\"brz-picture brz-d-block brz-p-relative brz-css-j0baE brz-css-alu6N\"><source srcset=\"https:\/\/www.mediagmbh.de\/de\/wp-content\/uploads\/2023\/08\/Video-Truck_2.png 1x, https:\/\/www.mediagmbh.de\/de\/wp-content\/uploads\/2023\/08\/Video-Truck_2.png 2x\" media=\"(min-width: 992px)\"><source srcset=\"https:\/\/www.mediagmbh.de\/de\/wp-content\/uploads\/2023\/08\/Video-Truck_2.png 1x, https:\/\/www.mediagmbh.de\/de\/wp-content\/uploads\/2023\/08\/Video-Truck_2.png 2x\" media=\"(min-width: 768px)\"><img decoding=\"async\" class=\"brz-img\" srcset=\"https:\/\/www.mediagmbh.de\/de\/wp-content\/uploads\/2023\/08\/Video-Truck_2.png 1x, https:\/\/www.mediagmbh.de\/de\/wp-content\/uploads\/2023\/08\/Video-Truck_2.png 2x\" src=\"https:\/\/www.mediagmbh.de\/de\/wp-content\/uploads\/2023\/08\/Video-Truck_2.png\" alt=\"\" draggable=\"false\" loading=\"lazy\"><\/picture><\/a><\/div>\n<\/div>\n<\/div>\n<\/div>\n<div class=\"brz-columns brz-css-pp450 brz-css-lRVGA\" data-brz-custom-id=\"swdxqislujxmdrgpixaakfreroaxthqgwhqb\">\n<div class=\"brz-bg\"><\/div>\n<div class=\"brz-column__items brz-css-g4T6u\">\n<div id class=\"brz-css-r6xnu brz-wrapper\">\n<div class=\"brz-image brz-image__lightbox brz-css-z61u4\" data-brz-custom-id=\"owpbawtcjpewbvdozmcddxytmphyjzjglqax\"><a class=\"brz-a\" href=\"https:\/\/www.mediagmbh.de\/de\/wp-content\/uploads\/2023\/08\/Video-Truck_3.png\" target=\"_self\" rel=\"noopener\" data-brz-link-type=\"lightBox\"><picture class=\"brz-picture brz-d-block brz-p-relative brz-css-jbmGV brz-css-a9lg6\"><source srcset=\"https:\/\/www.mediagmbh.de\/de\/wp-content\/uploads\/2023\/08\/Video-Truck_3.png 1x, https:\/\/www.mediagmbh.de\/de\/wp-content\/uploads\/2023\/08\/Video-Truck_3.png 2x\" media=\"(min-width: 992px)\"><source srcset=\"https:\/\/www.mediagmbh.de\/de\/wp-content\/uploads\/2023\/08\/Video-Truck_3.png 1x, https:\/\/www.mediagmbh.de\/de\/wp-content\/uploads\/2023\/08\/Video-Truck_3.png 2x\" media=\"(min-width: 768px)\"><img decoding=\"async\" class=\"brz-img\" srcset=\"https:\/\/www.mediagmbh.de\/de\/wp-content\/uploads\/2023\/08\/Video-Truck_3.png 1x, https:\/\/www.mediagmbh.de\/de\/wp-content\/uploads\/2023\/08\/Video-Truck_3.png 2x\" src=\"https:\/\/www.mediagmbh.de\/de\/wp-content\/uploads\/2023\/08\/Video-Truck_3.png\" alt=\"\" draggable=\"false\" loading=\"lazy\"><\/picture><\/a><\/div>\n<\/div>\n<\/div>\n<\/div>\n<\/div>\n<\/div>\n<\/div>\n<\/div>\n<\/div>\n<\/div>\n<\/div>\n<\/div>\n<\/section>\n<\/div>\n<p>    <!-- version:1773043277 --><\/p>\n","protected":false},"excerpt":{"rendered":"<p>digitale Werbung Videotruck mit B\u00fchne Unser Videowall-Truck ist konzipiert f\u00fcr den schnellen und flexiblen Einsatz bei Au\u00dfenwerbungen jedweder Art, Sport- und Musikveranstaltungen, Stadtfesten, Public Viewing, etc. W\u00e4hrend&nbsp;Outdoor LED W\u00e4nde&nbsp;jedes mal neu modulweise aufgebaut werden m\u00fcssen, man sich um die ensprechende Layher-\/Traversenkonstruktion, die Statik und einige andere Faktoren k\u00fcmmern muss, k\u00f6nnen Sie sich bei der Miete [&hellip;]<\/p>\n","protected":false},"author":1,"featured_media":0,"parent":1308,"menu_order":0,"comment_status":"closed","ping_status":"closed","template":"","meta":{"footnotes":""},"_links":{"self":[{"href":"https:\/\/www.mediagmbh.de\/de\/wp-json\/wp\/v2\/pages\/1465"}],"collection":[{"href":"https:\/\/www.mediagmbh.de\/de\/wp-json\/wp\/v2\/pages"}],"about":[{"href":"https:\/\/www.mediagmbh.de\/de\/wp-json\/wp\/v2\/types\/page"}],"author":[{"embeddable":true,"href":"https:\/\/www.mediagmbh.de\/de\/wp-json\/wp\/v2\/users\/1"}],"replies":[{"embeddable":true,"href":"https:\/\/www.mediagmbh.de\/de\/wp-json\/wp\/v2\/comments?post=1465"}],"version-history":[{"count":9,"href":"https:\/\/www.mediagmbh.de\/de\/wp-json\/wp\/v2\/pages\/1465\/revisions"}],"predecessor-version":[{"id":2301,"href":"https:\/\/www.mediagmbh.de\/de\/wp-json\/wp\/v2\/pages\/1465\/revisions\/2301"}],"up":[{"embeddable":true,"href":"https:\/\/www.mediagmbh.de\/de\/wp-json\/wp\/v2\/pages\/1308"}],"wp:attachment":[{"href":"https:\/\/www.mediagmbh.de\/de\/wp-json\/wp\/v2\/media?parent=1465"}],"curies":[{"name":"wp","href":"https:\/\/api.w.org\/{rel}","templated":true}]}}