{"id":1467,"date":"2023-08-03T11:25:22","date_gmt":"2023-08-03T09:25:22","guid":{"rendered":"https:\/\/www.mediagmbh.de\/de\/?page_id=1467"},"modified":"2026-03-09T08:48:40","modified_gmt":"2026-03-09T07:48:40","slug":"led-trailer","status":"publish","type":"page","link":"https:\/\/www.mediagmbh.de\/de\/digitale-werbung\/led-waende-mieten\/led-trailer\/","title":{"rendered":"LED-Trailer"},"content":{"rendered":"<div class=\"brz-root__container brz-reset-all\">\n<section id=\"kbzevnzhhevcfjhungjpgpowtkgoebsgwxce\" class=\"brz-section brz-css-yfWTd\">\n<div class=\"brz-section__content brz-section--boxed brz-css-jpnKg brz-css-q6ucL\" data-brz-custom-id=\"ecwcyzmnssghbixbfmhpfgjoaocwsjbizrax\">\n<div class=\"brz-container brz-css-g17DX\">\n<div class=\"brz-row__container brz-css-zvD4W\" data-brz-custom-id=\"yrfcmrkvbpgxtddgorvvzlxeyzbaxujijwdo\">\n<div class=\"brz-bg\"><\/div>\n<div class=\"brz-row brz-css-pq12Z brz-css-vdtHp\">\n<div class=\"brz-columns brz-css-ghQ1J brz-css-yAdOn\" data-brz-custom-id=\"intexybrtprccmmolzptawdktqvwyttotdmv\">\n<div class=\"brz-bg\"><\/div>\n<div class=\"brz-column__items brz-css-jyRMu\">\n<div id class=\"brz-css-zbT3Z brz-wrapper\">\n<div class=\"brz-rich-text brz-rich-text__custom brz-css-xtQJX\" data-brz-custom-id=\"anervhunfcqitpwizdptytxknkwqasohswmo\">\n<div data-brz-translate-text=\"1\">\n<h5 class=\"brz-tp-lg-abovetitle brz-css-n63rq\" data-uniq-id=\"anyqw\" data-generated-css=\"brz-css-yvmtd\"><span class=\"brz-cp-color7\">digitale Werbung<\/span><\/h5>\n<\/div>\n<\/div>\n<\/div>\n<div id class=\"brz-css-zbT3Z brz-wrapper\">\n<div class=\"brz-rich-text brz-rich-text__custom brz-css-xtQJX\" data-brz-custom-id=\"bdyjyhqdrvobqahmmveoehtmgrldrlvgxcvw\">\n<div data-brz-translate-text=\"1\">\n<h2 class=\"brz-tp-lg-heading2 brz-css-hbyIw\" data-uniq-id=\"fxgqp\" data-generated-css=\"brz-css-hsiju\"><span style=\"opacity: 1;\" class=\"brz-cp-color2\">LED-Trailer<\/span><\/h2>\n<\/div>\n<\/div>\n<\/div>\n<div id class=\"brz-css-zbT3Z brz-wrapper\">\n<div class=\"brz-rich-text brz-rich-text__custom brz-css-xtQJX\" data-brz-custom-id=\"bvxxuivimjkbapnzuisynmvicxfzmmxawnbi\">\n<div data-brz-translate-text=\"1\">\n<p class=\"brz-ff-montserrat brz-ft-google brz-fs-lg-16 brz-fss-lg-px brz-fw-lg-400 brz-ls-lg-0 brz-lh-lg-1_7 brz-tp-lg-paragraph brz-css-eysDu\" data-generated-css=\"brz-css-dbkzc\" data-uniq-id=\"gvbfb\"><span style=\"opacity: 1;\" class=\"brz-cp-color7\">Unser Videowall-Anh\u00e4nger ist konzipiert f\u00fcr den schnellen und flexiblen Einsatz bei Au\u00dfenwerbungen jedweder Art, Sport- und Musikveranstaltungen, Stadtfesten, Public Viewing, Autokino etc.<\/span><\/p>\n<p class=\"brz-ff-montserrat brz-ft-google brz-fs-lg-16 brz-fss-lg-px brz-fw-lg-400 brz-ls-lg-0 brz-lh-lg-1_7 brz-tp-lg-paragraph brz-css-igBSD\" data-generated-css=\"brz-css-qdftn\" data-uniq-id=\"vuiof\"><span style=\"opacity: 1;\" class=\"brz-cp-color7\"> <\/span><\/p>\n<p class=\"brz-ff-montserrat brz-ft-google brz-fs-lg-16 brz-fss-lg-px brz-fw-lg-400 brz-ls-lg-0 brz-lh-lg-1_7 brz-tp-lg-paragraph brz-css-yNDcQ\" data-generated-css=\"brz-css-ufgul\" data-uniq-id=\"ocaxq\"><span style=\"opacity: 1;\" class=\"brz-cp-color7\">W\u00e4hrend&nbsp;Outdoor LED W\u00e4nde&nbsp;jedes mal neu modulweise aufgebaut werden m\u00fcssen, man sich um die ensprechende Layher-\/Traversenkonstruktion, die Statik und einige andere Faktoren k\u00fcmmern muss, k\u00f6nnen Sie sich bei der Miete eines LED Trailers bequem zur\u00fcck lehnen. In wenigen Minuten ist der mobile Videowand Anh\u00e4nger einsatzbereit und liefert auf seiner 5m x 3m gro\u00dfen LED-Wand ein hochwertiges HD-Bild mit 1280px x 768px.<\/span><\/p>\n<p class=\"brz-ff-montserrat brz-ft-google brz-fs-lg-16 brz-fss-lg-px brz-fw-lg-400 brz-ls-lg-0 brz-lh-lg-1_7 brz-tp-lg-paragraph brz-css-rzHD_\" data-generated-css=\"brz-css-oqbes\" data-uniq-id=\"cosev\"><span style=\"opacity: 1;\" class=\"brz-cp-color7\"> <\/span><\/p>\n<p class=\"brz-ff-montserrat brz-ft-google brz-fs-lg-16 brz-fss-lg-px brz-fw-lg-400 brz-ls-lg-0 brz-lh-lg-1_7 brz-tp-lg-paragraph brz-css-mL27b\" data-generated-css=\"brz-css-uanaa\" data-uniq-id=\"afmnj\"><span style=\"opacity: 1;\" class=\"brz-cp-color7\">Der LED-Screen Anh\u00e4nger kann durch sein geringes Gewicht von &lt;3,5to ganz einfach mit einem PKW an den Bestimmungsort gebracht werden.<\/span><\/p>\n<p class=\"brz-ff-montserrat brz-ft-google brz-fs-lg-16 brz-fss-lg-px brz-fw-lg-400 brz-ls-lg-0 brz-lh-lg-1_7 brz-tp-lg-paragraph brz-css-k99SR\" data-generated-css=\"brz-css-jdcbo\" data-uniq-id=\"hclzj\"><span style=\"opacity: 1;\" class=\"brz-cp-color7\"> <\/span><\/p>\n<p class=\"brz-ff-montserrat brz-ft-google brz-fs-lg-16 brz-fss-lg-px brz-fw-lg-400 brz-ls-lg-0 brz-lh-lg-1_7 brz-tp-lg-paragraph brz-css-pALoH\" data-generated-css=\"brz-css-tdife\" data-uniq-id=\"tmqyf\"><span style=\"opacity: 1;\" class=\"brz-cp-color7\">Technische Details:<\/span><\/p>\n<ul>\n<li style=\"opacity: 1;\" class=\"brz-ff-montserrat brz-ft-google brz-fs-lg-16 brz-fss-lg-px brz-fw-lg-400 brz-ls-lg-0 brz-lh-lg-1_7 brz-tp-lg-paragraph brz-bcp-color7 brz-css-rRTO4\" data-generated-css=\"brz-css-jpdld\" data-uniq-id=\"vjrxh\"><span style=\"opacity: 1;\" class=\"brz-cp-color7\">LED Wand 5 x 3m im Format 16:9<\/span><\/li>\n<li style=\"opacity: 1;\" class=\"brz-ff-montserrat brz-ft-google brz-fs-lg-16 brz-fss-lg-px brz-fw-lg-400 brz-ls-lg-0 brz-lh-lg-1_7 brz-tp-lg-paragraph brz-bcp-color7 brz-css-vx0_M\" data-generated-css=\"brz-css-ueomv\" data-uniq-id=\"xfzvs\"><span style=\"opacity: 1;\" class=\"brz-cp-color7\">schwenkbar um 360\u00b0<\/span><\/li>\n<li style=\"opacity: 1;\" class=\"brz-ff-montserrat brz-ft-google brz-fs-lg-16 brz-fss-lg-px brz-fw-lg-400 brz-ls-lg-0 brz-lh-lg-1_7 brz-tp-lg-paragraph brz-bcp-color7 brz-css-cdFhC\" data-generated-css=\"brz-css-spgsj\" data-uniq-id=\"exjxi\"><span style=\"opacity: 1;\" class=\"brz-cp-color7\">sehr hochwertiges brillantes Bild, Pixelpitch 3,91mm 5000nit<\/span><\/li>\n<li style=\"opacity: 1;\" class=\"brz-ff-montserrat brz-ft-google brz-fs-lg-16 brz-fss-lg-px brz-fw-lg-400 brz-ls-lg-0 brz-lh-lg-1_7 brz-tp-lg-paragraph brz-bcp-color7 brz-css-lo6I8\" data-generated-css=\"brz-css-mxebq\" data-uniq-id=\"eanmu\"><span style=\"opacity: 1;\" class=\"brz-cp-color7\">HD-Aufl\u00f6sung: 1280px x 768px!<\/span><\/li>\n<li style=\"opacity: 1;\" class=\"brz-ff-montserrat brz-ft-google brz-fs-lg-16 brz-fss-lg-px brz-fw-lg-400 brz-ls-lg-0 brz-lh-lg-1_7 brz-tp-lg-paragraph brz-bcp-color7 brz-css-toKqZ\" data-generated-css=\"brz-css-kwoxn\" data-uniq-id=\"ddwai\"><span style=\"opacity: 1;\" class=\"brz-cp-color7\">In unter 30 Minuten Spielfertig aufgebaut!<\/span><\/li>\n<\/ul>\n<\/div>\n<\/div>\n<\/div>\n<\/div>\n<\/div>\n<\/div>\n<\/div>\n<div class=\"brz-row__container brz-css-zvD4W\" data-brz-custom-id=\"obqjdfvetawgdhzjmihufrbiixabglcctcoq\">\n<div class=\"brz-bg\"><\/div>\n<div class=\"brz-row brz-css-pq12Z brz-css-vdtHp\">\n<div class=\"brz-columns brz-css-ghQ1J brz-css-l2iNy\" data-brz-custom-id=\"aqzzmjnydrjzibepkdwinxdwmlupbnbjvabz\">\n<div class=\"brz-bg\"><\/div>\n<div class=\"brz-column__items brz-css-jyRMu\">\n<div class=\"brz-row__container brz-css-zvD4W\" data-brz-custom-id=\"akeiukodfshwuhrkehlhshrrryxmolvrkvmj\">\n<div class=\"brz-bg\"><\/div>\n<div class=\"brz-row brz-row--inner brz-css-pq12Z\">\n<div class=\"brz-columns brz-css-ghQ1J brz-css-xuYks\" data-brz-custom-id=\"augbvbvmpgwgztwembggxnownlcpvwriatiq\">\n<div class=\"brz-bg\"><\/div>\n<div class=\"brz-column__items brz-css-jyRMu\">\n<div id class=\"brz-css-zbT3Z brz-wrapper\">\n<div class=\"brz-image brz-image__lightbox brz-css-sAiQC\" data-brz-custom-id=\"efrbhzvprzjuflhnxpkdbbnlhkkycjhylinp\"><a class=\"brz-a\" href=\"https:\/\/www.mediagmbh.de\/de\/wp-content\/uploads\/2023\/08\/LED-Trailer_1.png\" target=\"_self\" rel=\"noopener\" data-brz-link-type=\"lightBox\"><picture class=\"brz-picture brz-d-block brz-p-relative brz-css-hUNMd brz-css-es9Mz\"><source srcset=\"https:\/\/www.mediagmbh.de\/de\/wp-content\/uploads\/2023\/08\/LED-Trailer_1.png 1x, https:\/\/www.mediagmbh.de\/de\/wp-content\/uploads\/2023\/08\/LED-Trailer_1.png 2x\" media=\"(min-width: 992px)\"><source srcset=\"https:\/\/www.mediagmbh.de\/de\/wp-content\/uploads\/2023\/08\/LED-Trailer_1.png 1x, https:\/\/www.mediagmbh.de\/de\/wp-content\/uploads\/2023\/08\/LED-Trailer_1.png 2x\" media=\"(min-width: 768px)\"><img decoding=\"async\" class=\"brz-img\" srcset=\"https:\/\/www.mediagmbh.de\/de\/wp-content\/uploads\/2023\/08\/LED-Trailer_1.png 1x, https:\/\/www.mediagmbh.de\/de\/wp-content\/uploads\/2023\/08\/LED-Trailer_1.png 2x\" src=\"https:\/\/www.mediagmbh.de\/de\/wp-content\/uploads\/2023\/08\/LED-Trailer_1.png\" alt=\"\" draggable=\"false\" loading=\"lazy\"><\/picture><\/a><\/div>\n<\/div>\n<\/div>\n<\/div>\n<div class=\"brz-columns brz-css-ghQ1J brz-css-e8lsO\" data-brz-custom-id=\"ujfhvfvwhuwepvzaqchthkbaxkgezvdmmbsa\">\n<div class=\"brz-bg\"><\/div>\n<div class=\"brz-column__items brz-css-jyRMu\">\n<div id class=\"brz-css-zbT3Z brz-wrapper\">\n<div class=\"brz-image brz-image__lightbox brz-css-i3G1N\" data-brz-custom-id=\"tqfqohufbzdqabomrhxmlltyoajljtkkhcmh\"><a class=\"brz-a\" href=\"https:\/\/www.mediagmbh.de\/de\/wp-content\/uploads\/2023\/08\/LED-Trailer_2.png\" target=\"_self\" rel=\"noopener\" data-brz-link-type=\"lightBox\"><picture class=\"brz-picture brz-d-block brz-p-relative brz-css-zBIqX brz-css-owcbI\"><source srcset=\"https:\/\/www.mediagmbh.de\/de\/wp-content\/uploads\/2023\/08\/LED-Trailer_2.png 1x, https:\/\/www.mediagmbh.de\/de\/wp-content\/uploads\/2023\/08\/LED-Trailer_2.png 2x\" media=\"(min-width: 992px)\"><source srcset=\"https:\/\/www.mediagmbh.de\/de\/wp-content\/uploads\/2023\/08\/LED-Trailer_2.png 1x, https:\/\/www.mediagmbh.de\/de\/wp-content\/uploads\/2023\/08\/LED-Trailer_2.png 2x\" media=\"(min-width: 768px)\"><img decoding=\"async\" class=\"brz-img\" srcset=\"https:\/\/www.mediagmbh.de\/de\/wp-content\/uploads\/2023\/08\/LED-Trailer_2.png 1x, https:\/\/www.mediagmbh.de\/de\/wp-content\/uploads\/2023\/08\/LED-Trailer_2.png 2x\" src=\"https:\/\/www.mediagmbh.de\/de\/wp-content\/uploads\/2023\/08\/LED-Trailer_2.png\" alt=\"\" draggable=\"false\" loading=\"lazy\"><\/picture><\/a><\/div>\n<\/div>\n<\/div>\n<\/div>\n<div class=\"brz-columns brz-css-ghQ1J brz-css-kqLW0\" data-brz-custom-id=\"zpobfsvmwojeozkdahnxnykkxmyjhjhbjjbf\">\n<div class=\"brz-bg\"><\/div>\n<div class=\"brz-column__items brz-css-jyRMu\">\n<div id class=\"brz-css-zbT3Z brz-wrapper\">\n<div class=\"brz-image brz-image__lightbox brz-css-zxBVQ\" data-brz-custom-id=\"bnmbvxwfgpvbfgjkzysxcehoovnwajfxztei\"><a class=\"brz-a\" href=\"https:\/\/www.mediagmbh.de\/de\/wp-content\/uploads\/2023\/08\/LED-Trailer_3.png\" target=\"_self\" rel=\"noopener\" data-brz-link-type=\"lightBox\"><picture class=\"brz-picture brz-d-block brz-p-relative brz-css-tsLQQ brz-css-kc9jJ\"><source srcset=\"https:\/\/www.mediagmbh.de\/de\/wp-content\/uploads\/2023\/08\/LED-Trailer_3.png 1x, https:\/\/www.mediagmbh.de\/de\/wp-content\/uploads\/2023\/08\/LED-Trailer_3.png 2x\" media=\"(min-width: 992px)\"><source srcset=\"https:\/\/www.mediagmbh.de\/de\/wp-content\/uploads\/2023\/08\/LED-Trailer_3.png 1x, https:\/\/www.mediagmbh.de\/de\/wp-content\/uploads\/2023\/08\/LED-Trailer_3.png 2x\" media=\"(min-width: 768px)\"><img decoding=\"async\" class=\"brz-img\" srcset=\"https:\/\/www.mediagmbh.de\/de\/wp-content\/uploads\/2023\/08\/LED-Trailer_3.png 1x, https:\/\/www.mediagmbh.de\/de\/wp-content\/uploads\/2023\/08\/LED-Trailer_3.png 2x\" src=\"https:\/\/www.mediagmbh.de\/de\/wp-content\/uploads\/2023\/08\/LED-Trailer_3.png\" alt=\"\" draggable=\"false\" loading=\"lazy\"><\/picture><\/a><\/div>\n<\/div>\n<\/div>\n<\/div>\n<\/div>\n<\/div>\n<\/div>\n<\/div>\n<\/div>\n<\/div>\n<\/div>\n<\/div>\n<\/section>\n<\/div>\n<p>    <!-- version:1773042520 --><\/p>\n","protected":false},"excerpt":{"rendered":"<p>digitale Werbung LED-Trailer Unser Videowall-Anh\u00e4nger ist konzipiert f\u00fcr den schnellen und flexiblen Einsatz bei Au\u00dfenwerbungen jedweder Art, Sport- und Musikveranstaltungen, Stadtfesten, Public Viewing, Autokino etc. W\u00e4hrend&nbsp;Outdoor LED W\u00e4nde&nbsp;jedes mal neu modulweise aufgebaut werden m\u00fcssen, man sich um die ensprechende Layher-\/Traversenkonstruktion, die Statik und einige andere Faktoren k\u00fcmmern muss, k\u00f6nnen Sie sich bei der Miete eines [&hellip;]<\/p>\n","protected":false},"author":1,"featured_media":0,"parent":1308,"menu_order":0,"comment_status":"closed","ping_status":"closed","template":"","meta":{"footnotes":""},"_links":{"self":[{"href":"https:\/\/www.mediagmbh.de\/de\/wp-json\/wp\/v2\/pages\/1467"}],"collection":[{"href":"https:\/\/www.mediagmbh.de\/de\/wp-json\/wp\/v2\/pages"}],"about":[{"href":"https:\/\/www.mediagmbh.de\/de\/wp-json\/wp\/v2\/types\/page"}],"author":[{"embeddable":true,"href":"https:\/\/www.mediagmbh.de\/de\/wp-json\/wp\/v2\/users\/1"}],"replies":[{"embeddable":true,"href":"https:\/\/www.mediagmbh.de\/de\/wp-json\/wp\/v2\/comments?post=1467"}],"version-history":[{"count":7,"href":"https:\/\/www.mediagmbh.de\/de\/wp-json\/wp\/v2\/pages\/1467\/revisions"}],"predecessor-version":[{"id":2293,"href":"https:\/\/www.mediagmbh.de\/de\/wp-json\/wp\/v2\/pages\/1467\/revisions\/2293"}],"up":[{"embeddable":true,"href":"https:\/\/www.mediagmbh.de\/de\/wp-json\/wp\/v2\/pages\/1308"}],"wp:attachment":[{"href":"https:\/\/www.mediagmbh.de\/de\/wp-json\/wp\/v2\/media?parent=1467"}],"curies":[{"name":"wp","href":"https:\/\/api.w.org\/{rel}","templated":true}]}}