{"id":1727,"date":"2023-08-03T13:28:22","date_gmt":"2023-08-03T11:28:22","guid":{"rendered":"https:\/\/www.mediagmbh.de\/de\/?page_id=1727"},"modified":"2026-03-09T09:06:41","modified_gmt":"2026-03-09T08:06:41","slug":"mobile-led-waende","status":"publish","type":"page","link":"https:\/\/www.mediagmbh.de\/de\/digitale-werbung\/led-waende-mieten\/mobile-led-waende\/","title":{"rendered":"mobile LED-W\u00e4nde"},"content":{"rendered":"<div class=\"brz-root__container brz-reset-all\">\n<section id=\"lpfrrgtobepcbalooaivsudktqqzthgsdjwl\" class=\"brz-section brz-css-aeIKj\">\n<div class=\"brz-section__content brz-section--boxed brz-css-yDYiB brz-css-ubHsi\" data-brz-custom-id=\"fmplqnicgkhaaoupkznvmgkfwthnemqdryjd\">\n<div class=\"brz-container brz-css-ezxUj\">\n<div class=\"brz-row__container brz-css-cc7OI\" data-brz-custom-id=\"hvrgexjsnwakzsoyqtmflocfosmlgmyptmls\">\n<div class=\"brz-bg\"><\/div>\n<div class=\"brz-row brz-css-iAue_ brz-css-kpCu0\">\n<div class=\"brz-columns brz-css-bViIj brz-css-i_Fnk\" data-brz-custom-id=\"igxhkqhphzyhzfibwixewzeiacjfybcrewoj\">\n<div class=\"brz-bg\"><\/div>\n<div class=\"brz-column__items brz-css-jAnNQ\">\n<div id class=\"brz-css-jwKaR brz-wrapper\">\n<div class=\"brz-rich-text brz-rich-text__custom brz-css-l6r9m\" data-brz-custom-id=\"bhkwtypnlocmvtwnerionogopydakcupaoja\">\n<div data-brz-translate-text=\"1\">\n<h5 class=\"brz-tp-lg-abovetitle brz-css-fOUW9\" data-generated-css=\"brz-css-romhf\" data-uniq-id=\"ioxjf\"><span class=\"brz-cp-color7\">digitale Werbung<\/span><\/h5>\n<\/div>\n<\/div>\n<\/div>\n<div id class=\"brz-css-jwKaR brz-wrapper\">\n<div class=\"brz-rich-text brz-rich-text__custom brz-css-l6r9m\" data-brz-custom-id=\"nuwpkwnrinmnehurfwjynqokyxmteffixbyx\">\n<div data-brz-translate-text=\"1\">\n<h2 class=\"brz-tp-lg-heading2 brz-css-yeEOQ\" data-generated-css=\"brz-css-gkkvw\" data-uniq-id=\"zudef\"><span class=\"brz-cp-color2\">Mobile LED-W\u00e4nde<\/span><\/h2>\n<\/div>\n<\/div>\n<\/div>\n<div id class=\"brz-css-jwKaR brz-css-qKXci brz-wrapper\">\n<div class=\"brz-rich-text brz-rich-text__custom brz-css-l6r9m\" data-brz-custom-id=\"woxnnvmkxdzoxirfmsxuxpckpkkgsmhlaqtb\">\n<div data-brz-translate-text=\"1\">\n<p class=\"brz-bcp-color7 brz-text-lg-left brz-tp-lg-paragraph brz-css-k1t7e\" data-uniq-id=\"fzksg\" data-generated-css=\"brz-css-fcdkv\"><span class=\"brz-cp-color7\">Unsere LED-Gro\u00dfbildleinw\u00e4nde finden Einsatz bei Sport- und Musikveranstaltungen, Stadtfesten, Public Viewing, Autokinos, Kongressen, Hauptversammlungen und Messen. Durch den modularen Aufbau sind unsere LED Videow\u00e4nde flexibel und multifunktional aufbau- und einsetzbar.<\/span><\/p>\n<p class=\"brz-bcp-color7 brz-text-lg-left brz-tp-lg-paragraph brz-css-oi5UZ\" data-uniq-id=\"mscwp\" data-generated-css=\"brz-css-tbfmh\"><span class=\"brz-cp-color7\"> <\/span><\/p>\n<p class=\"brz-bcp-color7 brz-text-lg-left brz-tp-lg-paragraph brz-css-iufRU\" data-uniq-id=\"wkmow\" data-generated-css=\"brz-css-udrpz\"><span class=\"brz-cp-color7\">Die Technik ist wetterfest und eignet sich dadurch besonders f\u00fcr Festivals, Konzerte, Public Viewing und weitere Au\u00dfenanwendungen.<\/span><\/p>\n<p class=\"brz-bcp-color7 brz-text-lg-left brz-tp-lg-paragraph brz-css-x7nSR\" data-uniq-id=\"qyriq\" data-generated-css=\"brz-css-lbicw\"><span class=\"brz-cp-color7\"> <\/span><\/p>\n<p class=\"brz-bcp-color7 brz-text-lg-left brz-tp-lg-paragraph brz-css-fs0ul\" data-uniq-id=\"ydsvm\" data-generated-css=\"brz-css-ceqwz\"><span class=\"brz-cp-color7\">Auch f\u00fcr Innenanwendungen wie Messen, Versammlungen, Konzerte oder Kongresse sind unsere LED-Walls sehr gut geeignet. Passend dazu k\u00f6nnen wir Ihnen selbstverst\u00e4ndlich auch kompatible Layher- und Traversenkonstruktionen mit entsprechender Statik anbieten.<\/span><\/p>\n<p class=\"brz-bcp-color7 brz-text-lg-left brz-tp-lg-paragraph brz-css-g1Bn2\" data-uniq-id=\"pmzkk\" data-generated-css=\"brz-css-mhlqz\"><span class=\"brz-cp-color7\"> <\/span><\/p>\n<p class=\"brz-bcp-color7 brz-text-lg-left brz-tp-lg-paragraph brz-css-qg6Ch\" data-uniq-id=\"yiwkn\" data-generated-css=\"brz-css-gavqj\"><span class=\"brz-cp-color7\">Je nach Konstruktion k\u00f6nnen unsere LED-Gro\u00dfbildvideow\u00e4nde gehangen\/geflogen, gestellt bzw. gestackt oder in Messew\u00e4nde eingebaut werden.<\/span><\/p>\n<\/div>\n<\/div>\n<\/div>\n<\/div>\n<\/div>\n<\/div>\n<\/div>\n<div class=\"brz-row__container brz-css-cc7OI\" data-brz-custom-id=\"dobdqyrlgkshubzqtmhbdaimxubuuausfssm\">\n<div class=\"brz-bg\"><\/div>\n<div class=\"brz-row brz-css-iAue_ brz-css-kpCu0\">\n<div class=\"brz-columns brz-css-bViIj brz-css-elEVO\" data-brz-custom-id=\"pqthwbyltnjhmfhfilodbuczdjigktluimmu\">\n<div class=\"brz-bg\"><\/div>\n<div class=\"brz-column__items brz-css-jAnNQ\">\n<div class=\"brz-row__container brz-css-cc7OI\" data-brz-custom-id=\"cmsrpnrwyjiyejaanzhscnmqanwtnoyrukkc\">\n<div class=\"brz-bg\"><\/div>\n<div class=\"brz-row brz-row--inner brz-css-iAue_\">\n<div class=\"brz-columns brz-css-bViIj brz-css-skjgC\" data-brz-custom-id=\"vdfvqpikdskcvquomyrhllzmgquacvcznofx\">\n<div class=\"brz-bg\"><\/div>\n<div class=\"brz-column__items brz-css-jAnNQ\">\n<div id class=\"brz-css-jwKaR brz-wrapper\">\n<div class=\"brz-image brz-image__lightbox brz-css-ht4AA\" data-brz-custom-id=\"qzlkociqlflhytyrqhsspqwrtrculfmznxrz\"><a class=\"brz-a\" href=\"https:\/\/www.mediagmbh.de\/de\/wp-content\/uploads\/2023\/08\/LED_Wand_1.png\" target=\"_self\" rel=\"noopener\" data-brz-link-type=\"lightBox\"><img decoding=\"async\" class=\"brz-img\" src=\"https:\/\/www.mediagmbh.de\/de\/wp-content\/uploads\/2023\/08\/LED_Wand_1.png\" alt=\"\" loading=\"lazy\"><\/a><\/div>\n<\/div>\n<\/div>\n<\/div>\n<div class=\"brz-columns brz-css-bViIj brz-css-gTmkX\" data-brz-custom-id=\"oyavyxnhmqrxgvxdfkzwtxklwpelhmpnkuai\">\n<div class=\"brz-bg\"><\/div>\n<div class=\"brz-column__items brz-css-jAnNQ\">\n<div id class=\"brz-css-jwKaR brz-wrapper\">\n<div class=\"brz-image brz-image__lightbox brz-css-hqAaO\" data-brz-custom-id=\"emchpyogkomlwbcvdgyirddauqfvscszogrh\"><a class=\"brz-a\" href=\"https:\/\/www.mediagmbh.de\/de\/wp-content\/uploads\/2023\/08\/LED_Wand_2.png\" target=\"_self\" rel=\"noopener\" data-brz-link-type=\"lightBox\"><img decoding=\"async\" class=\"brz-img\" src=\"https:\/\/www.mediagmbh.de\/de\/wp-content\/uploads\/2023\/08\/LED_Wand_2.png\" alt=\"\" loading=\"lazy\"><\/a><\/div>\n<\/div>\n<\/div>\n<\/div>\n<div class=\"brz-columns brz-css-bViIj brz-css-zTI4O\" data-brz-custom-id=\"qvbbshubchujdruhyykoraaxlkajngfhaulv\">\n<div class=\"brz-bg\"><\/div>\n<div class=\"brz-column__items brz-css-jAnNQ\">\n<div id class=\"brz-css-jwKaR brz-wrapper\">\n<div class=\"brz-image brz-image__lightbox brz-css-i5mw6\" data-brz-custom-id=\"ihywlsubjjordltolptnzozfirhgtmqjcfpa\"><a class=\"brz-a\" href=\"https:\/\/www.mediagmbh.de\/de\/wp-content\/uploads\/2023\/08\/LED_Wand_3.png\" target=\"_self\" rel=\"noopener\" data-brz-link-type=\"lightBox\"><img decoding=\"async\" class=\"brz-img\" src=\"https:\/\/www.mediagmbh.de\/de\/wp-content\/uploads\/2023\/08\/LED_Wand_3.png\" alt=\"\" loading=\"lazy\"><\/a><\/div>\n<\/div>\n<\/div>\n<\/div>\n<\/div>\n<\/div>\n<\/div>\n<\/div>\n<\/div>\n<\/div>\n<\/div>\n<\/div>\n<\/section>\n<\/div>\n<p>    <!-- version:1773043600 --><\/p>\n","protected":false},"excerpt":{"rendered":"<p>digitale Werbung Mobile LED-W\u00e4nde Unsere LED-Gro\u00dfbildleinw\u00e4nde finden Einsatz bei Sport- und Musikveranstaltungen, Stadtfesten, Public Viewing, Autokinos, Kongressen, Hauptversammlungen und Messen. Durch den modularen Aufbau sind unsere LED Videow\u00e4nde flexibel und multifunktional aufbau- und einsetzbar. Die Technik ist wetterfest und eignet sich dadurch besonders f\u00fcr Festivals, Konzerte, Public Viewing und weitere Au\u00dfenanwendungen. Auch f\u00fcr Innenanwendungen wie [&hellip;]<\/p>\n","protected":false},"author":1,"featured_media":0,"parent":1308,"menu_order":0,"comment_status":"closed","ping_status":"closed","template":"","meta":{"footnotes":""},"_links":{"self":[{"href":"https:\/\/www.mediagmbh.de\/de\/wp-json\/wp\/v2\/pages\/1727"}],"collection":[{"href":"https:\/\/www.mediagmbh.de\/de\/wp-json\/wp\/v2\/pages"}],"about":[{"href":"https:\/\/www.mediagmbh.de\/de\/wp-json\/wp\/v2\/types\/page"}],"author":[{"embeddable":true,"href":"https:\/\/www.mediagmbh.de\/de\/wp-json\/wp\/v2\/users\/1"}],"replies":[{"embeddable":true,"href":"https:\/\/www.mediagmbh.de\/de\/wp-json\/wp\/v2\/comments?post=1727"}],"version-history":[{"count":11,"href":"https:\/\/www.mediagmbh.de\/de\/wp-json\/wp\/v2\/pages\/1727\/revisions"}],"predecessor-version":[{"id":2279,"href":"https:\/\/www.mediagmbh.de\/de\/wp-json\/wp\/v2\/pages\/1727\/revisions\/2279"}],"up":[{"embeddable":true,"href":"https:\/\/www.mediagmbh.de\/de\/wp-json\/wp\/v2\/pages\/1308"}],"wp:attachment":[{"href":"https:\/\/www.mediagmbh.de\/de\/wp-json\/wp\/v2\/media?parent=1727"}],"curies":[{"name":"wp","href":"https:\/\/api.w.org\/{rel}","templated":true}]}}