{"id":61,"date":"2019-06-27T15:22:49","date_gmt":"2019-06-27T13:22:49","guid":{"rendered":"https:\/\/www.mediagmbh.de\/de\/?page_id=61"},"modified":"2026-03-09T09:32:41","modified_gmt":"2026-03-09T08:32:41","slug":"partner","status":"publish","type":"page","link":"https:\/\/www.mediagmbh.de\/de\/ueber-uns\/partner\/","title":{"rendered":"Partner"},"content":{"rendered":"<div class=\"brz-root__container brz-reset-all\">\n<section id=\"dbkeqkbffieddgphrxusuxnliaomknrkqjju\" class=\"brz-section brz-css-yoWGg\">\n<div class=\"brz-section__content brz-section--boxed brz-css-qDZlN brz-css-tYCZV\" data-brz-custom-id=\"qawmjcqfqnneadceaysmvkognazphjbsghfu\">\n<div class=\"brz-bg\">\n<div class=\"brz-bg-color\"><\/div>\n<\/div>\n<div class=\"brz-container brz-css-qjzc3\">\n<div class=\"brz-row__container brz-css-pNVg1\" data-brz-custom-id=\"vecadvxeuvkaosmqfrspztnviwwafeaywnua\">\n<div class=\"brz-bg\"><\/div>\n<div class=\"brz-row brz-css-hEFaV brz-css-lHEBg\">\n<div class=\"brz-columns brz-css-ybyNZ brz-css-viHlf\" data-brz-custom-id=\"ypegmlmoycbhtvfogenjpgpeifnrmosvuvmo\">\n<div class=\"brz-bg\"><\/div>\n<div class=\"brz-column__items brz-css-eGaJA\">\n<div id class=\"brz-css-gf3cj brz-wrapper\">\n<div class=\"brz-rich-text brz-rich-text__custom brz-css-tRjGa\" data-brz-custom-id=\"dfumnaljaqgznogocvsyfzevrfyfvsuupoda\">\n<div data-brz-translate-text=\"1\">\n<h2 class=\"brz-tp-heading2 brz-css-bjmxg\"><span class=\"brz-cp-color2\">Partner<\/span><\/h2>\n<\/div>\n<\/div>\n<\/div>\n<\/div>\n<\/div>\n<\/div>\n<\/div>\n<\/div>\n<\/div>\n<\/section>\n<section id=\"amppewjhrsrfevcybiqwmkwesodugngphbys\" class=\"brz-section brz-css-yoWGg\">\n<div class=\"brz-section__content brz-section--boxed brz-css-qDZlN brz-css-nxHXD\" data-brz-custom-id=\"bcgpabhcdaudkhccmiwhhckbuhhortevutvj\">\n<div class=\"brz-bg\">\n<div class=\"brz-bg-color\"><\/div>\n<\/div>\n<div class=\"brz-container brz-css-qjzc3\">\n<div class=\"brz-row__container brz-css-pNVg1\" data-brz-custom-id=\"cspcnhmlliciavgynirsxnrkjkstwtkupdao\">\n<div class=\"brz-bg\"><\/div>\n<div class=\"brz-row brz-css-hEFaV brz-css-lHEBg\">\n<div class=\"brz-columns brz-css-ybyNZ brz-css-rlM3s\" data-brz-custom-id=\"whvamedcjisdhpksdwcqsvzcvzmnvfbuqvme\">\n<div class=\"brz-bg\">\n<div class=\"brz-bg-color\"><\/div>\n<\/div>\n<div class=\"brz-column__items brz-css-eGaJA brz-css-wHBdM\">\n<div id class=\"brz-css-gf3cj brz-wrapper\">\n<div class=\"brz-image brz-css-nrW_4\" data-brz-custom-id=\"podicwroeapabvevgtscfmvyagbsidhnheqd\"><img decoding=\"async\" class=\"brz-img\" src=\"https:\/\/www.mediagmbh.de\/de\/wp-content\/uploads\/brizy\/imgs\/www-167x195x0x0x167x195x1561715503.png\" alt=\"\" loading=\"lazy\"><\/div>\n<\/div>\n<\/div>\n<\/div>\n<div class=\"brz-columns brz-css-ybyNZ brz-css-eip_e\" data-brz-custom-id=\"pdbqzieglpyafxtoeqzzxdcyrcwszihvdknx\">\n<div class=\"brz-bg\">\n<div class=\"brz-bg-color\"><\/div>\n<\/div>\n<div class=\"brz-column__items brz-css-eGaJA brz-css-aIoHN\">\n<div id class=\"brz-css-gf3cj brz-wrapper\">\n<div class=\"brz-rich-text brz-rich-text__custom brz-css-tRjGa\" data-brz-custom-id=\"yphdoxbfqgjxzonfbrkhsacfrtiyrytczvdm\">\n<div data-brz-translate-text=\"1\">\n<h4 class=\"brz-tp-lg-heading4 brz-text-xs-center brz-css-dnN3G\" data-uniq-id=\"nwgyk\" data-generated-css=\"brz-css-yszur\"><span class=\"brz-cp-color2\">Wolfener Wirtschafts Werbung<\/span><\/h4>\n<\/div>\n<\/div>\n<\/div>\n<div id class=\"brz-css-gf3cj brz-wrapper\">\n<div class=\"brz-icon-text brz-css-rAgga\" data-brz-custom-id=\"wetsnluwvdfzznuyxlwhmoxjqqmqfnptpabj\">\n<div class=\"brz-icon__container\" data-brz-custom-id=\"qsxuiglcjopcmhncsghunhxwyscigplxikjp\"><span class=\"brz-icon brz-span brz-css-kISXm brz-css-xGtOs\"><\/span><\/div>\n<div class=\"brz-text-btn\">\n<div class=\"brz-rich-text brz-rich-text__custom brz-css-tRjGa\" data-brz-custom-id=\"mpdgzgvbzpbtkcakuqmsyvxmeqkiorvwulsj\">\n<div data-brz-translate-text=\"1\">\n<p class=\"brz-tp-paragraph brz-css-k69Ux\"><span class=\"brz-cp-color7\">Liebigstra\u00dfe 7<\/span><\/p>\n<p class=\"brz-tp-paragraph brz-css-jxMqM\"><span class=\"brz-cp-color7\">06766 Bitterfeld-Wolfen OT Wolfen <\/span><\/p>\n<\/div>\n<\/div>\n<\/div>\n<\/div>\n<\/div>\n<div id class=\"brz-css-gf3cj brz-wrapper\">\n<div class=\"brz-icon-text brz-css-rAgga\" data-brz-custom-id=\"mybmligyzlbjyrcuflyaeuittvfgnpdsowue\">\n<div class=\"brz-icon__container\" data-brz-custom-id=\"ogmplyikeghqvzzuwdiidwaiofhzhjtchxfm\"><span class=\"brz-icon brz-span brz-css-kISXm brz-css-mAH14\"><\/span><\/div>\n<div class=\"brz-text-btn\">\n<div class=\"brz-rich-text brz-rich-text__custom brz-css-tRjGa\" data-brz-custom-id=\"glwpvyfapkbfdvxvsxbnzneupsevzsriwrkw\">\n<div data-brz-translate-text=\"1\">\n<p class=\"brz-mt-lg-3 brz-tp-paragraph brz-css-gAJTB\"><a class=\"brz-cp-color7 link--external\" href=\"http:\/\/www.wolfener-wirtschafts-werbung.de\" data-brz-link-type=\"external\" target=\"_blank\" rel=\"nofollow noopener\">www.wolfener-wirtschafts-werbung.de<\/a><\/p>\n<\/div>\n<\/div>\n<\/div>\n<\/div>\n<\/div>\n<\/div>\n<\/div>\n<\/div>\n<\/div>\n<div id class=\"brz-css-gf3cj brz-css-yzDTh brz-wrapper\">\n<div class=\"brz-spacer brz-css-jceBD brz-css-dThhB\"><\/div>\n<\/div>\n<div class=\"brz-row__container brz-css-pNVg1\" data-brz-custom-id=\"vqgfzbgbjiiqqquxanagfswlyrxbcfgrnhaa\">\n<div class=\"brz-bg\"><\/div>\n<div class=\"brz-row brz-css-hEFaV brz-css-lHEBg\">\n<div class=\"brz-columns brz-css-ybyNZ brz-css-pNBze\" data-brz-custom-id=\"lmpdzstlpqpkqzicekdesljwtcgmxhpbjyvy\">\n<div class=\"brz-bg\">\n<div class=\"brz-bg-color\"><\/div>\n<\/div>\n<div class=\"brz-column__items brz-css-eGaJA brz-css-yRRYw\">\n<div id class=\"brz-css-gf3cj brz-wrapper\">\n<div class=\"brz-image brz-css-v7sfv\" data-brz-custom-id=\"xyobckfdghblaizoruuhmhzamglwimnweuim\"><img decoding=\"async\" class=\"brz-img\" src=\"https:\/\/www.mediagmbh.de\/de\/wp-content\/uploads\/brizy\/imgs\/toko_fahrzeug-300x147x0x0x300x147x1561715477.png\" alt=\"\" loading=\"lazy\"><\/div>\n<\/div>\n<\/div>\n<\/div>\n<div class=\"brz-columns brz-css-ybyNZ brz-css-yvKbk\" data-brz-custom-id=\"xaigwohfjrcfmoikdtofsshkvbvktwvkvhto\">\n<div class=\"brz-bg\">\n<div class=\"brz-bg-color\"><\/div>\n<\/div>\n<div class=\"brz-column__items brz-css-eGaJA brz-css-bvIk6\">\n<div id class=\"brz-css-gf3cj brz-wrapper\">\n<div class=\"brz-rich-text brz-rich-text__custom brz-css-tRjGa\" data-brz-custom-id=\"lbvslaexsdhfdpostqyayteiirpxfwovaybh\">\n<div data-brz-translate-text=\"1\">\n<h4 class=\"brz-tp-lg-heading4 brz-text-xs-center brz-css-eQwoV\" data-uniq-id=\"kldlu\" data-generated-css=\"brz-css-lgkwi\"><span class=\"brz-cp-color2\">TOKO Fahrzeugservice GmbH <\/span><\/h4>\n<\/div>\n<\/div>\n<\/div>\n<div id class=\"brz-css-gf3cj brz-wrapper\">\n<div class=\"brz-icon-text brz-css-rAgga\" data-brz-custom-id=\"wuroolqklmtiqraaljgfgwxhujkalpycyzlv\">\n<div class=\"brz-icon__container\" data-brz-custom-id=\"yqyqtxeompvximxijojejtonyjixedwrrtcg\"><span class=\"brz-icon brz-span brz-css-kISXm brz-css-opBqH\"><\/span><\/div>\n<div class=\"brz-text-btn\">\n<div class=\"brz-rich-text brz-rich-text__custom brz-css-tRjGa\" data-brz-custom-id=\"xoqkicqrvwbrsmegokpazfjpeowqpddofsvd\">\n<div data-brz-translate-text=\"1\">\n<p class=\"brz-tp-paragraph brz-css-ux8vT\"><span class=\"brz-cp-color7\">Jahnstra\u00dfe 51<\/span><\/p>\n<p class=\"brz-tp-paragraph brz-css-qdVHG\"><span class=\"brz-cp-color7\">06766 Bitterfeld-Wolfen OT Wolfen <\/span><\/p>\n<\/div>\n<\/div>\n<\/div>\n<\/div>\n<\/div>\n<div id class=\"brz-css-gf3cj brz-wrapper\">\n<div class=\"brz-icon-text brz-css-rAgga\" data-brz-custom-id=\"vmqrbcqccbhbeutzzcgzztlzmlaizenhbqss\">\n<div class=\"brz-icon__container\" data-brz-custom-id=\"ephqldsbpfucbtyackhopqjeowabagatrmgv\"><span class=\"brz-icon brz-span brz-css-kISXm brz-css-wCfBW\"><\/span><\/div>\n<div class=\"brz-text-btn\">\n<div class=\"brz-rich-text brz-rich-text__custom brz-css-tRjGa\" data-brz-custom-id=\"kfllqswwmkuyizchnrpodjmexbpdlmblmzrz\">\n<div data-brz-translate-text=\"1\">\n<p class=\"brz-tp-paragraph brz-mt-lg-3 brz-css-hD9Xu\"><a class=\"brz-cp-color7 link--external\" href=\"http:\/\/www.toko-fahrzeugservice.de\" data-brz-link-type=\"external\" target=\"_blank\" rel=\"nofollow noopener\">www.toko-fahrzeugservice.de<\/a><\/p>\n<\/div>\n<\/div>\n<\/div>\n<\/div>\n<\/div>\n<\/div>\n<\/div>\n<\/div>\n<\/div>\n<div id class=\"brz-css-gf3cj brz-css-yzDTh brz-wrapper\">\n<div class=\"brz-spacer brz-css-jceBD brz-css-nui6r\"><\/div>\n<\/div>\n<div class=\"brz-row__container brz-css-pNVg1\" data-brz-custom-id=\"egbrispgddycijvdibpynhjzpbtzfswhqpun\">\n<div class=\"brz-bg\"><\/div>\n<div class=\"brz-row brz-css-hEFaV brz-css-lHEBg\">\n<div class=\"brz-columns brz-css-ybyNZ brz-css-xdVCH\" data-brz-custom-id=\"tkxnnxjxaoeftckhwbgxwsbgxfsgyvpskyfi\">\n<div class=\"brz-bg\">\n<div class=\"brz-bg-color\"><\/div>\n<\/div>\n<div class=\"brz-column__items brz-css-eGaJA brz-css-xuHsS\">\n<div id class=\"brz-css-gf3cj brz-wrapper\">\n<div class=\"brz-image brz-css-l2Jo_\" data-brz-custom-id=\"dvkacjchlzcknuifgkactqzbdzjydwdfgdkg\"><img decoding=\"async\" class=\"brz-img\" src=\"https:\/\/www.mediagmbh.de\/de\/wp-content\/uploads\/brizy\/imgs\/toko_wolfen-300x134x0x1x300x133x1561715478.png\" alt=\"\" loading=\"lazy\"><\/div>\n<\/div>\n<\/div>\n<\/div>\n<div class=\"brz-columns brz-css-ybyNZ brz-css-cFIox\" data-brz-custom-id=\"nokfnykdavopvnczztndtcdbnvwfuyirtbmi\">\n<div class=\"brz-bg\">\n<div class=\"brz-bg-color\"><\/div>\n<\/div>\n<div class=\"brz-column__items brz-css-eGaJA brz-css-nb6TR\">\n<div id class=\"brz-css-gf3cj brz-wrapper\">\n<div class=\"brz-rich-text brz-rich-text__custom brz-css-tRjGa\" data-brz-custom-id=\"krqfixzditdebahsuqewlombilcatrieafuu\">\n<div data-brz-translate-text=\"1\">\n<h4 class=\"brz-tp-lg-heading4 brz-text-xs-center brz-css-sdNUI\" data-uniq-id=\"adgrq\" data-generated-css=\"brz-css-ozdpv\"><span class=\"brz-cp-color2\">TOKO Gruppe Wolfen<\/span><\/h4>\n<\/div>\n<\/div>\n<\/div>\n<div id class=\"brz-css-gf3cj brz-wrapper\">\n<div class=\"brz-icon-text brz-css-rAgga\" data-brz-custom-id=\"qrfiqkyisvlkxyyrolzrykdwhxhraxociveb\">\n<div class=\"brz-icon__container\" data-brz-custom-id=\"xgkxlyewmcryguaueegwyicgkfjmlwnpdihk\"><span class=\"brz-icon brz-span brz-css-kISXm brz-css-nTcX7\"><\/span><\/div>\n<div class=\"brz-text-btn\">\n<div class=\"brz-rich-text brz-rich-text__custom brz-css-tRjGa\" data-brz-custom-id=\"jtuleedapnnsmlwfkbvpnimxwzujmnxcncwe\">\n<div data-brz-translate-text=\"1\">\n<p class=\"brz-tp-paragraph brz-css-fGL5L\"><span class=\"brz-cp-color7\">Liebigstra\u00dfe 7<\/span><\/p>\n<p class=\"brz-tp-paragraph brz-css-giJJB\"><span class=\"brz-cp-color7\">06766 Bitterfeld-Wolfen OT Wolfen <\/span><\/p>\n<\/div>\n<\/div>\n<\/div>\n<\/div>\n<\/div>\n<div id class=\"brz-css-gf3cj brz-wrapper\">\n<div class=\"brz-icon-text brz-css-rAgga\" data-brz-custom-id=\"batybghmtncuqnystvzzticsspgifhpdzbjm\">\n<div class=\"brz-icon__container\" data-brz-custom-id=\"fnktkuaogafkzniumkewzryxmbefdbbnlfbi\"><span class=\"brz-icon brz-span brz-css-kISXm brz-css-h04NM\"><\/span><\/div>\n<div class=\"brz-text-btn\">\n<div class=\"brz-rich-text brz-rich-text__custom brz-css-tRjGa\" data-brz-custom-id=\"wnqrngcemejsicahkcfureqpsojbvaeevbbx\">\n<div data-brz-translate-text=\"1\">\n<p class=\"brz-mt-lg-3 brz-tp-paragraph brz-css-qD8Wt\"><a class=\"brz-cp-color7 link--external\" href=\"http:\/\/www.toko-wolfen.de\" data-brz-link-type=\"external\" target=\"_blank\" rel=\"nofollow noopener\">www.toko-wolfen.de<\/a><\/p>\n<\/div>\n<\/div>\n<\/div>\n<\/div>\n<\/div>\n<\/div>\n<\/div>\n<\/div>\n<\/div>\n<\/div>\n<\/div>\n<\/section>\n<\/div>\n<p>    <!-- version:1773045161 --><\/p>\n","protected":false},"excerpt":{"rendered":"<p>Partner Wolfener Wirtschafts Werbung Liebigstra\u00dfe 7 06766 Bitterfeld-Wolfen OT Wolfen www.wolfener-wirtschafts-werbung.de TOKO Fahrzeugservice GmbH Jahnstra\u00dfe 51 06766 Bitterfeld-Wolfen OT Wolfen www.toko-fahrzeugservice.de TOKO Gruppe Wolfen Liebigstra\u00dfe 7 06766 Bitterfeld-Wolfen OT Wolfen www.toko-wolfen.de<\/p>\n","protected":false},"author":1,"featured_media":0,"parent":1693,"menu_order":0,"comment_status":"closed","ping_status":"closed","template":"","meta":{"footnotes":""},"_links":{"self":[{"href":"https:\/\/www.mediagmbh.de\/de\/wp-json\/wp\/v2\/pages\/61"}],"collection":[{"href":"https:\/\/www.mediagmbh.de\/de\/wp-json\/wp\/v2\/pages"}],"about":[{"href":"https:\/\/www.mediagmbh.de\/de\/wp-json\/wp\/v2\/types\/page"}],"author":[{"embeddable":true,"href":"https:\/\/www.mediagmbh.de\/de\/wp-json\/wp\/v2\/users\/1"}],"replies":[{"embeddable":true,"href":"https:\/\/www.mediagmbh.de\/de\/wp-json\/wp\/v2\/comments?post=61"}],"version-history":[{"count":12,"href":"https:\/\/www.mediagmbh.de\/de\/wp-json\/wp\/v2\/pages\/61\/revisions"}],"predecessor-version":[{"id":2513,"href":"https:\/\/www.mediagmbh.de\/de\/wp-json\/wp\/v2\/pages\/61\/revisions\/2513"}],"up":[{"embeddable":true,"href":"https:\/\/www.mediagmbh.de\/de\/wp-json\/wp\/v2\/pages\/1693"}],"wp:attachment":[{"href":"https:\/\/www.mediagmbh.de\/de\/wp-json\/wp\/v2\/media?parent=61"}],"curies":[{"name":"wp","href":"https:\/\/api.w.org\/{rel}","templated":true}]}}