{"id":63,"date":"2019-06-27T15:23:02","date_gmt":"2019-06-27T13:23:02","guid":{"rendered":"https:\/\/www.mediagmbh.de\/de\/?page_id=63"},"modified":"2026-03-09T09:52:07","modified_gmt":"2026-03-09T08:52:07","slug":"kontakt","status":"publish","type":"page","link":"https:\/\/www.mediagmbh.de\/de\/ueber-uns\/kontakt\/","title":{"rendered":"Kontakt"},"content":{"rendered":"<div class=\"brz-root__container brz-reset-all\">\n<section id=\"ujoiwvftauzqydgvscaiwndrzlceueuexghj\" class=\"brz-section brz-css-qCZOm\">\n<div class=\"brz-section__content brz-section--boxed brz-css-iTsUt brz-css-c6T9e\" data-brz-custom-id=\"chlhctepwhdfxddlzsyvryobpbxhvassmfeu\">\n<div class=\"brz-bg\">\n<div class=\"brz-bg-color\"><\/div>\n<\/div>\n<div class=\"brz-container brz-css-dD6lK\">\n<div class=\"brz-row__container brz-css-um9gD\" data-brz-custom-id=\"zcdxejmndhgzpcolzaykxgcuvwfhczwosmuh\">\n<div class=\"brz-bg\"><\/div>\n<div class=\"brz-row brz-css-yDPlA brz-css-yteJH\">\n<div class=\"brz-columns brz-css-r05pe brz-css-m5lcg\" data-brz-custom-id=\"dxrvigdyqsgzesaahkbmubqrvupdbguafojc\">\n<div class=\"brz-bg\"><\/div>\n<div class=\"brz-column__items brz-css-aLtc2\">\n<div id class=\"brz-css-nhdXN brz-css-eW56k brz-wrapper\">\n<div class=\"brz-rich-text brz-rich-text__custom brz-css-hWHeZ\" data-brz-custom-id=\"tguucesdsyggmvsgjxogbtswftpbbgbnraxz\">\n<div data-brz-translate-text=\"1\">\n<h2 class=\"brz-tp-heading2 brz-mb-lg-0 brz-css-tPozl\"><span class=\"brz-cp-color2\">Kontakt<\/span><\/h2>\n<\/div>\n<\/div>\n<\/div>\n<div id class=\"brz-css-nhdXN brz-wrapper\">\n<div class=\"brz-rich-text brz-rich-text__custom brz-css-hWHeZ\" data-brz-custom-id=\"alwlxvhuuocslpvorkxxdxowhshpfwsxlzkk\">\n<div data-brz-translate-text=\"1\">\n<p class=\"brz-tp-paragraph brz-css-zCdFk\"><span class=\"brz-cp-color7\">Siehe auch: <\/span><a class=\"link--external brz-cp-color7\" href=\"impressum\" data-brz-link-type=\"external\"><strong>Impressum <\/strong><\/a><span class=\"brz-cp-color7\">und <\/span><a class=\"link--external brz-cp-color7\" href=\"datenschutz\" data-brz-link-type=\"external\"><strong>Datenschutz<\/strong><\/a><\/p>\n<\/div>\n<\/div>\n<\/div>\n<\/div>\n<\/div>\n<\/div>\n<\/div>\n<\/div>\n<\/div>\n<\/section>\n<section id=\"otoytjcyxapmwznvbswcfgshevjbhzfvxohu\" class=\"brz-section brz-css-qCZOm\">\n<div class=\"brz-section__content brz-section--boxed brz-css-iTsUt brz-css-dzY60\" data-brz-custom-id=\"rvkapepvuepewzzuopxejuhqllxksqgvaqhd\">\n<div class=\"brz-bg\">\n<div class=\"brz-bg-color\"><\/div>\n<\/div>\n<div class=\"brz-container brz-css-dD6lK\">\n<div class=\"brz-row__container brz-css-um9gD\" data-brz-custom-id=\"yqtgrogjoxbbwrieazatgjwwuzvxpvwinexj\">\n<div class=\"brz-bg\"><\/div>\n<div class=\"brz-row brz-css-yDPlA brz-css-yteJH\">\n<div class=\"brz-columns brz-css-r05pe brz-css-lg7nt\" data-brz-custom-id=\"vuejcgjspfnqvzwkugowxgsnqxiehnratziw\">\n<div class=\"brz-bg\">\n<div class=\"brz-bg-color\"><\/div>\n<\/div>\n<div class=\"brz-column__items brz-css-aLtc2 brz-css-enD0r\">\n<div id class=\"brz-css-nhdXN brz-wrapper\">\n<div class=\"brz-rich-text brz-rich-text__custom brz-css-hWHeZ\" data-brz-custom-id=\"alqtanhucsszvmoditsuzzybunoraxjvbjzi\">\n<div data-brz-translate-text=\"1\">\n<h3 class=\"brz-tp-heading3 brz-text-lg-left brz-css-lxL2p\"><span class=\"brz-cp-color2\">Media GmbH<\/span><\/h3>\n<h3 class=\"brz-text-lg-left brz-tp-heading5 brz-css-jGTv3\"><span class=\"brz-cp-color2\">Gesellschaft f\u00fcr Au\u00dfenwerbung<\/span><\/h3>\n<\/div>\n<\/div>\n<\/div>\n<div id class=\"brz-css-nhdXN brz-wrapper\">\n<div class=\"brz-rich-text brz-rich-text__custom brz-css-hWHeZ\" data-brz-custom-id=\"ohdzggzrkcqtpdyenirsowngmvryzyvpsknr\">\n<div data-brz-translate-text=\"1\">\n<p class=\"brz-tp-paragraph brz-css-gPM1I\"><span class=\"brz-cp-color7\">Weiter unten finden Sie die verschiedenen Abteilungen inkl. Kontaktm\u00f6glichkeiten. <\/span><\/p>\n<\/div>\n<\/div>\n<\/div>\n<div id class=\"brz-css-nhdXN brz-css-ap5Ek brz-wrapper\">\n<div class=\"brz-spacer brz-css-q7bxU brz-css-kO5KL\"><\/div>\n<\/div>\n<div id class=\"brz-css-nhdXN brz-wrapper\">\n<div class=\"brz-icon-text brz-css-sLbp2 brz-css-cvArS\" data-brz-custom-id=\"kloqjvvrowalzpmfqdgeoppalskmtoicomte\">\n<div class=\"brz-icon__container\" data-brz-custom-id=\"syyjujvckrdjjcppprvoshnrtkcwsveazvpp\"><span class=\"brz-icon brz-span brz-css-wAKyA brz-css-rZRgU\"><\/span><\/div>\n<div class=\"brz-text-btn\">\n<div class=\"brz-rich-text brz-rich-text__custom brz-css-hWHeZ\" data-brz-custom-id=\"vhyymwyuzrqznjecirgnrctnwhrtgfplhtig\">\n<div data-brz-translate-text=\"1\">\n<h6 class=\"brz-tp-lg-heading6 brz-text-xs-justify brz-css-facuj\" data-uniq-id=\"loinl\" data-generated-css=\"brz-css-jhtui\"><span class=\"brz-cp-color3\">Liebigstra\u00dfe 7<\/span><\/h6>\n<h6 class=\"brz-tp-lg-heading6 brz-css-qSSfl\" data-uniq-id=\"zpcxp\" data-generated-css=\"brz-css-ruoap\"><span class=\"brz-cp-color3\">06766 Bitterfeld-Wolfen <\/span><\/h6>\n<\/div>\n<\/div>\n<\/div>\n<\/div>\n<\/div>\n<div id class=\"brz-css-nhdXN brz-wrapper\">\n<div class=\"brz-icon-text brz-css-sLbp2 brz-css-g3C94\" data-brz-custom-id=\"jrgxuvtracdvdnbdsimmghzcozhukcuvgimc\">\n<div class=\"brz-icon__container\" data-brz-custom-id=\"rtcjbshctdqfhfjwoaaoljwpamizccbbgtot\"><span class=\"brz-icon brz-span brz-css-wAKyA brz-css-cMHDY\"><\/span><\/div>\n<div class=\"brz-text-btn\">\n<div class=\"brz-rich-text brz-rich-text__custom brz-css-hWHeZ\" data-brz-custom-id=\"rkddtejoebxyahaevnzankckjnzjfhixeohz\">\n<div data-brz-translate-text=\"1\">\n<h6 class=\"brz-tp-heading6 brz-mt-lg-5 brz-css-m9efO\"><a class=\"brz-cp-color3 link--external\" href=\"mailto:info@mediagmbh.de\" data-brz-link-type=\"external\" rel=\"nofollow\">info@mediagmbh.de<\/a><\/h6>\n<\/div>\n<\/div>\n<\/div>\n<\/div>\n<\/div>\n<div id class=\"brz-css-nhdXN brz-wrapper\">\n<div class=\"brz-icon-text brz-css-sLbp2 brz-css-vom1Z\" data-brz-custom-id=\"ixtivkjlcyvutoyluuwfonfnlnykzoqogvjh\">\n<div class=\"brz-icon__container\" data-brz-custom-id=\"qcdrsqrvgqyieptcqdknqjjzdavikfvjhdhe\"><span class=\"brz-icon brz-span brz-css-wAKyA brz-css-qntJA\"><\/span><\/div>\n<div class=\"brz-text-btn\">\n<div class=\"brz-rich-text brz-rich-text__custom brz-css-hWHeZ\" data-brz-custom-id=\"lreamkyoedysgwcbtdrpdbwsrpqzekaqydqr\">\n<div data-brz-translate-text=\"1\">\n<h6 class=\"brz-mt-lg-5 brz-tp-heading6 brz-css-kWVoa\"><span class=\"brz-cp-color3\">03494 &#8211; 36750 <\/span><\/h6>\n<\/div>\n<\/div>\n<\/div>\n<\/div>\n<\/div>\n<div id class=\"brz-css-nhdXN brz-wrapper\">\n<div class=\"brz-icon-text brz-css-sLbp2 brz-css-f_Xo5\" data-brz-custom-id=\"icfdizdgxongmkgmwkzslxaxmzuuxwfjtauv\">\n<div class=\"brz-icon__container\" data-brz-custom-id=\"ahozudtbjkiexipxvizpuxlrumnfblcvdaqt\"><span class=\"brz-icon brz-span brz-css-wAKyA brz-css-ez7St\"><\/span><\/div>\n<div class=\"brz-text-btn\">\n<div class=\"brz-rich-text brz-rich-text__custom brz-css-hWHeZ\" data-brz-custom-id=\"rqaltchetqpeolephgelimllqavyggvchskz\">\n<div data-brz-translate-text=\"1\">\n<h6 class=\"brz-mt-lg-5 brz-tp-heading6 brz-css-b3hye\"><span class=\"brz-cp-color3\">03494 &#8211; 33177 <\/span><\/h6>\n<\/div>\n<\/div>\n<\/div>\n<\/div>\n<\/div>\n<\/div>\n<\/div>\n<div class=\"brz-columns brz-css-r05pe brz-css-g0E4k\" data-brz-custom-id=\"zjdabfllkxsrtgchswidpuvtgmpadaqktgqk\">\n<div class=\"brz-bg\">\n<div class=\"brz-bg-color\"><\/div>\n<\/div>\n<div class=\"brz-column__items brz-css-aLtc2 brz-css-ojsCF\">\n<div id class=\"brz-css-nhdXN brz-css-ap5Ek brz-css-hKiJ4 brz-wrapper\">\n<div class=\"brz-spacer brz-css-q7bxU brz-css-uUtW2\"><\/div>\n<\/div>\n<div id class=\"brz-css-nhdXN brz-wrapper\">\n<div class=\"brz-image brz-css-edVJe\" data-brz-custom-id=\"fufzavpauztdzvpleldijidrergsxsnajukh\"><img decoding=\"async\" class=\"brz-img\" src=\"https:\/\/www.mediagmbh.de\/de\/wp-content\/uploads\/2023\/10\/y7cot18h.png\" alt=\"\" loading=\"lazy\"><\/div>\n<\/div>\n<div id class=\"brz-css-nhdXN brz-css-ap5Ek brz-css-btIB5 brz-wrapper\">\n<div class=\"brz-spacer brz-css-q7bxU brz-css-n1HrX\"><\/div>\n<\/div>\n<\/div>\n<\/div>\n<\/div>\n<\/div>\n<\/div>\n<\/div>\n<\/section>\n<section id=\"jtrmnfhluacdcdekibojttnlomqsaxqgxblo\" class=\"brz-section brz-css-qCZOm\">\n<div class=\"brz-section__content brz-section--boxed brz-css-iTsUt brz-css-bJ_o9\" data-brz-custom-id=\"eyvpxidkhubunhqoprpfsggyvolzgcjkoked\">\n<div class=\"brz-bg\">\n<div class=\"brz-bg-color\"><\/div>\n<\/div>\n<div class=\"brz-container brz-css-dD6lK\">\n<div class=\"brz-row__container brz-css-um9gD\" data-brz-custom-id=\"gkrdtenvvwvcucrsnimbpuwswnhntpreptyh\">\n<div class=\"brz-bg\"><\/div>\n<div class=\"brz-row brz-css-yDPlA brz-css-yteJH\">\n<div class=\"brz-columns brz-css-r05pe\" data-brz-custom-id=\"eaobyblfrxvmblsjvbysouwuevarxwgbffxb\">\n<div class=\"brz-bg\"><\/div>\n<div class=\"brz-column__items brz-css-aLtc2 brz-css-kfEpS\">\n<div id class=\"brz-css-nhdXN brz-css-eoJvS brz-wrapper\">\n<div class=\"brz-rich-text brz-rich-text__custom brz-css-hWHeZ\" data-brz-custom-id=\"ieoerhifyyuvjhnpieqgvcewnfpxlnwqcqml\">\n<div data-brz-translate-text=\"1\">\n<h5 class=\"brz-tp-heading5 brz-text-lg-justify brz-css-mZiV4\"><span class=\"brz-cp-color2\">Vertrieb Au\u00dfendienst<\/span><\/h5>\n<\/div>\n<\/div>\n<\/div>\n<div id class=\"brz-css-nhdXN brz-css-fotiE brz-wrapper\">\n<div class=\"brz-icon-text brz-css-sLbp2 brz-css-uHSAF\" data-brz-custom-id=\"jpptrylazotzdugxrqrccdxqbybzvuztwjby\">\n<div class=\"brz-icon__container\" data-brz-custom-id=\"csvjlxhornfxxdfwyjavkluzuprxziksiesp\"><span class=\"brz-icon brz-span brz-css-wAKyA brz-css-eRAqH\"><\/span><\/div>\n<div class=\"brz-text-btn\">\n<div class=\"brz-rich-text brz-rich-text__custom brz-css-hWHeZ\" data-brz-custom-id=\"foighevgswczogkjjhyhrawyotfpeceoidvi\">\n<div data-brz-translate-text=\"1\">\n<p class=\"brz-tp-paragraph brz-text-lg-justify brz-css-slSgL\"><span class=\"brz-cp-color7\">info@mediagmbh.de<\/span><\/p>\n<\/div>\n<\/div>\n<\/div>\n<\/div>\n<\/div>\n<div id class=\"brz-css-nhdXN brz-css-aA0b_ brz-wrapper\">\n<div class=\"brz-icon-text brz-css-sLbp2 brz-css-vkFa6\" data-brz-custom-id=\"dcvzuceiuqjmohkzhsecwffomibsgqszkbew\">\n<div class=\"brz-icon__container\" data-brz-custom-id=\"tgzdcghoyuajrkdwwuqmtjljrrmrpimclucj\"><span class=\"brz-icon brz-span brz-css-wAKyA brz-css-ctEpY\"><\/span><\/div>\n<div class=\"brz-text-btn\">\n<div class=\"brz-rich-text brz-rich-text__custom brz-css-hWHeZ\" data-brz-custom-id=\"wmxbelfdcvisxzjdvsyopgtdmvtyoheemsfm\">\n<div data-brz-translate-text=\"1\">\n<p class=\"brz-tp-paragraph brz-css-cYDEJ\"><span class=\"brz-cp-color7\">03494 &#8211; 367525<\/span><\/p>\n<\/div>\n<\/div>\n<\/div>\n<\/div>\n<\/div>\n<\/div>\n<\/div>\n<div class=\"brz-columns brz-css-r05pe\" data-brz-custom-id=\"lvkszcbylyrwrmlcbnkaxhnfookjmmckubsc\">\n<div class=\"brz-bg\"><\/div>\n<div class=\"brz-column__items brz-css-aLtc2 brz-css-qCb2x\">\n<div id class=\"brz-css-nhdXN brz-css-mUxK8 brz-wrapper\">\n<div class=\"brz-rich-text brz-rich-text__custom brz-css-hWHeZ\" data-brz-custom-id=\"jtyusrcqxjunsmyqvzduvgcszukrbebbmwor\">\n<div data-brz-translate-text=\"1\">\n<h5 class=\"brz-tp-heading5 brz-text-lg-justify brz-css-yhSvX\"><span class=\"brz-cp-color2\">Abteilung Grafik \/ Herstellung<\/span><\/h5>\n<\/div>\n<\/div>\n<\/div>\n<div id class=\"brz-css-nhdXN brz-css-jYhSy brz-wrapper\">\n<div class=\"brz-icon-text brz-css-sLbp2 brz-css-woDKJ\" data-brz-custom-id=\"ovjextpjmtavtzrblqilclkqbdawwjfufzoi\">\n<div class=\"brz-icon__container\" data-brz-custom-id=\"balvnzjwwywjkewjmhxfuxxjpgwstojlkqbz\"><span class=\"brz-icon brz-span brz-css-wAKyA brz-css-rSxLw\"><\/span><\/div>\n<div class=\"brz-text-btn\">\n<div class=\"brz-rich-text brz-rich-text__custom brz-css-hWHeZ\" data-brz-custom-id=\"atwfgbmfgrcuhaqwhalceozuhqngtaokqahd\">\n<div data-brz-translate-text=\"1\">\n<p class=\"brz-tp-paragraph brz-css-e2edA\"><span class=\"brz-cp-color7\">grafik@mediagmbh.de<\/span><\/p>\n<\/div>\n<\/div>\n<\/div>\n<\/div>\n<\/div>\n<div id class=\"brz-css-nhdXN brz-css-iLGrI brz-wrapper\">\n<div class=\"brz-icon-text brz-css-sLbp2 brz-css-rVExn\" data-brz-custom-id=\"mdsxgsiylbxfysrqekwxoyelnqkfsywntfpk\">\n<div class=\"brz-icon__container\" data-brz-custom-id=\"wzqpwigsvwmbhdoxqvndjnyfkgzyzjqpeyxi\"><span class=\"brz-icon brz-span brz-css-wAKyA brz-css-h24ox\"><\/span><\/div>\n<div class=\"brz-text-btn\">\n<div class=\"brz-rich-text brz-rich-text__custom brz-css-hWHeZ\" data-brz-custom-id=\"gdlxhmyxobeyhuzyorigtjgqmgwgfzqwuvbb\">\n<div data-brz-translate-text=\"1\">\n<p class=\"brz-tp-paragraph brz-css-o26SV\"><span class=\"brz-cp-color7\">03494 &#8211; 367515<\/span><\/p>\n<\/div>\n<\/div>\n<\/div>\n<\/div>\n<\/div>\n<\/div>\n<\/div>\n<\/div>\n<\/div>\n<div id class=\"brz-css-nhdXN brz-css-ap5Ek brz-wrapper\">\n<div class=\"brz-spacer brz-css-q7bxU brz-css-dlDx_\"><\/div>\n<\/div>\n<div class=\"brz-row__container brz-css-um9gD\" data-brz-custom-id=\"lcfflzioyrayqwsjwpjcgxjpdsrclrcchtyb\">\n<div class=\"brz-bg\"><\/div>\n<div class=\"brz-row brz-css-yDPlA brz-css-yteJH\">\n<div class=\"brz-columns brz-css-r05pe\" data-brz-custom-id=\"xcrhguehfpwomnjndzdbvpglcvflkfvdgyqw\">\n<div class=\"brz-bg\"><\/div>\n<div class=\"brz-column__items brz-css-aLtc2 brz-css-bT0Wx\">\n<div id class=\"brz-css-nhdXN brz-css-lBrkN brz-wrapper\">\n<div class=\"brz-rich-text brz-rich-text__custom brz-css-hWHeZ\" data-brz-custom-id=\"fggwxzvflplddlaiqkgfsywyerxlivirfnjz\">\n<div data-brz-translate-text=\"1\">\n<h5 class=\"brz-tp-heading5 brz-text-lg-justify brz-css-xmZoF\"><span class=\"brz-cp-color2\">Immobilienverwaltung<\/span><\/h5>\n<\/div>\n<\/div>\n<\/div>\n<div id class=\"brz-css-nhdXN brz-css-lM_eC brz-wrapper\">\n<div class=\"brz-icon-text brz-css-sLbp2 brz-css-dcURD\" data-brz-custom-id=\"rmouxonxzalssodigfzvksmanbihihtwmvxb\">\n<div class=\"brz-icon__container\" data-brz-custom-id=\"fflimhtbnqwmlcsmkzoiyxxvonfbfcemxkdg\"><span class=\"brz-icon brz-span brz-css-wAKyA brz-css-hABR4\"><\/span><\/div>\n<div class=\"brz-text-btn\">\n<div class=\"brz-rich-text brz-rich-text__custom brz-css-hWHeZ\" data-brz-custom-id=\"xabbfjjboxpyvkmrmzgrdqjekmtwuxmdmxfd\">\n<div data-brz-translate-text=\"1\">\n<p class=\"brz-tp-lg-paragraph brz-css-wQy_G\" data-uniq-id=\"yvvgp\" data-generated-css=\"brz-css-elmcc\"><span class=\"brz-cp-color7\">c.schmidt@mediagmbh.de<\/span><\/p>\n<\/div>\n<\/div>\n<\/div>\n<\/div>\n<\/div>\n<div id class=\"brz-css-nhdXN brz-css-jjeC3 brz-wrapper\">\n<div class=\"brz-icon-text brz-css-sLbp2 brz-css-teuP1\" data-brz-custom-id=\"wyiuoxjhouqjnvjberofksyyiebcwcuyafcf\">\n<div class=\"brz-icon__container\" data-brz-custom-id=\"fhizgdxizedzbiualizslaghuqixxvpkivxf\"><span class=\"brz-icon brz-span brz-css-wAKyA brz-css-cR8Ov\"><\/span><\/div>\n<div class=\"brz-text-btn\">\n<div class=\"brz-rich-text brz-rich-text__custom brz-css-hWHeZ\" data-brz-custom-id=\"blvexhxapyylzzubpqfyqkbgwmrrxzusjhsb\">\n<div data-brz-translate-text=\"1\">\n<p class=\"brz-tp-lg-paragraph brz-css-nf5ii\" data-uniq-id=\"kyrbb\" data-generated-css=\"brz-css-yexuf\"><span class=\"brz-cp-color7\">03494 &#8211; 367552<\/span><\/p>\n<\/div>\n<\/div>\n<\/div>\n<\/div>\n<\/div>\n<\/div>\n<\/div>\n<div class=\"brz-columns brz-css-r05pe\" data-brz-custom-id=\"suiaiujpvqzdnfzkacvpxgalfwsdybkmhbrq\">\n<div class=\"brz-bg\"><\/div>\n<div class=\"brz-column__items brz-css-aLtc2 brz-css-myOER\">\n<div id class=\"brz-css-nhdXN brz-css-vuaqU brz-wrapper\">\n<div class=\"brz-rich-text brz-rich-text__custom brz-css-hWHeZ\" data-brz-custom-id=\"dbcupuxhyrrohfdgocjelocefudtncpictsv\">\n<div data-brz-translate-text=\"1\">\n<h5 class=\"brz-tp-heading5 brz-text-lg-justify brz-css-hH7bp\"><span class=\"brz-cp-color2\">Video-Truck <\/span><\/h5>\n<\/div>\n<\/div>\n<\/div>\n<div id class=\"brz-css-nhdXN brz-css-phs_2 brz-wrapper\">\n<div class=\"brz-icon-text brz-css-sLbp2 brz-css-hQxDq\" data-brz-custom-id=\"ccdsknyiebgzizkecfjfdofxlwwtbqfxitvg\">\n<div class=\"brz-icon__container\" data-brz-custom-id=\"eswssqgbvnnpxfoqnafkklvwchyfadwxrhnw\"><span class=\"brz-icon brz-span brz-css-wAKyA brz-css-pH3As\"><\/span><\/div>\n<div class=\"brz-text-btn\">\n<div class=\"brz-rich-text brz-rich-text__custom brz-css-hWHeZ\" data-brz-custom-id=\"qjqqnytmzrpxnpllikpbclwqpsdpvqisrrse\">\n<div data-brz-translate-text=\"1\">\n<p class=\"brz-tp-paragraph brz-css-iczde\"><span class=\"brz-cp-color7\">info@mediagmbh.de<\/span><\/p>\n<\/div>\n<\/div>\n<\/div>\n<\/div>\n<\/div>\n<div id class=\"brz-css-nhdXN brz-css-alyCp brz-wrapper\">\n<div class=\"brz-icon-text brz-css-sLbp2 brz-css-u69TP\" data-brz-custom-id=\"unoizatvetzmtjkasfwmszdplqcvvnsaolbf\">\n<div class=\"brz-icon__container\" data-brz-custom-id=\"khxuxesjegugnsedyrkzeffchvtuqomnrzxo\"><span class=\"brz-icon brz-span brz-css-wAKyA brz-css-u7jPS\"><\/span><\/div>\n<div class=\"brz-text-btn\">\n<div class=\"brz-rich-text brz-rich-text__custom brz-css-hWHeZ\" data-brz-custom-id=\"ltxritqaxulbqthffakumqavqdoulrihtlbd\">\n<div data-brz-translate-text=\"1\">\n<p class=\"brz-tp-paragraph brz-css-eRCpp\"><span class=\"brz-cp-color7\">03494 &#8211; 36750<\/span><\/p>\n<\/div>\n<\/div>\n<\/div>\n<\/div>\n<\/div>\n<\/div>\n<\/div>\n<\/div>\n<\/div>\n<div id class=\"brz-css-nhdXN brz-css-ap5Ek brz-wrapper\">\n<div class=\"brz-spacer brz-css-q7bxU brz-css-hpfQe\"><\/div>\n<\/div>\n<div class=\"brz-row__container brz-css-um9gD\" data-brz-custom-id=\"rpcvfqygdesdqeilbwmkstmhejjdoczvjywt\">\n<div class=\"brz-bg\"><\/div>\n<div class=\"brz-row brz-css-yDPlA brz-css-yteJH\">\n<div class=\"brz-columns brz-css-r05pe brz-css-iyADm\" data-brz-custom-id=\"hyxfaqslxruuiwfpwigfzablrcpcopzbaskl\">\n<div class=\"brz-bg\"><\/div>\n<div class=\"brz-column__items brz-css-aLtc2 brz-css-u4E9G\">\n<div id class=\"brz-css-nhdXN brz-css-zUZSK brz-wrapper\">\n<div class=\"brz-rich-text brz-rich-text__custom brz-css-hWHeZ\" data-brz-custom-id=\"mktajybbtcomoppwalcfvtfccrolpkvxvyol\">\n<div data-brz-translate-text=\"1\">\n<h5 class=\"brz-tp-heading5 brz-text-lg-justify brz-css-vExTJ\"><span class=\"brz-cp-color2\">Buchhaltung<\/span><\/h5>\n<\/div>\n<\/div>\n<\/div>\n<div id class=\"brz-css-nhdXN brz-css-bjTJj brz-wrapper\">\n<div class=\"brz-icon-text brz-css-sLbp2 brz-css-cKGOf\" data-brz-custom-id=\"xvnoopelgbjkzgcfjoatiduucvxwgzmcrgkv\">\n<div class=\"brz-icon__container\" data-brz-custom-id=\"pdipmtgbllqeifobzlamsxhuzqdvpshdcwwt\"><span class=\"brz-icon brz-span brz-css-wAKyA brz-css-dCBeX\"><\/span><\/div>\n<div class=\"brz-text-btn\">\n<div class=\"brz-rich-text brz-rich-text__custom brz-css-hWHeZ\" data-brz-custom-id=\"gzrqjyyjsyymbgacabfkpevekhskwjivnsfr\">\n<div data-brz-translate-text=\"1\">\n<p class=\"brz-tp-paragraph brz-css-z_Bqh\"><span class=\"brz-cp-color7\">03494 &#8211; 367551<\/span><\/p>\n<\/div>\n<\/div>\n<\/div>\n<\/div>\n<\/div>\n<\/div>\n<\/div>\n<\/div>\n<\/div>\n<\/div>\n<\/div>\n<\/section>\n<\/div>\n<p>    <!-- version:1773046327 --><\/p>\n","protected":false},"excerpt":{"rendered":"<p>Kontakt Siehe auch: Impressum und Datenschutz Media GmbH Gesellschaft f\u00fcr Au\u00dfenwerbung Weiter unten finden Sie die verschiedenen Abteilungen inkl. Kontaktm\u00f6glichkeiten. Liebigstra\u00dfe 7 06766 Bitterfeld-Wolfen info@mediagmbh.de 03494 &#8211; 36750 03494 &#8211; 33177 Vertrieb Au\u00dfendienst info@mediagmbh.de 03494 &#8211; 367525 Abteilung Grafik \/ Herstellung grafik@mediagmbh.de 03494 &#8211; 367515 Immobilienverwaltung c.schmidt@mediagmbh.de 03494 &#8211; 367552 Video-Truck info@mediagmbh.de 03494 &#8211; 36750 [&hellip;]<\/p>\n","protected":false},"author":1,"featured_media":0,"parent":1693,"menu_order":0,"comment_status":"closed","ping_status":"closed","template":"","meta":{"footnotes":""},"_links":{"self":[{"href":"https:\/\/www.mediagmbh.de\/de\/wp-json\/wp\/v2\/pages\/63"}],"collection":[{"href":"https:\/\/www.mediagmbh.de\/de\/wp-json\/wp\/v2\/pages"}],"about":[{"href":"https:\/\/www.mediagmbh.de\/de\/wp-json\/wp\/v2\/types\/page"}],"author":[{"embeddable":true,"href":"https:\/\/www.mediagmbh.de\/de\/wp-json\/wp\/v2\/users\/1"}],"replies":[{"embeddable":true,"href":"https:\/\/www.mediagmbh.de\/de\/wp-json\/wp\/v2\/comments?post=63"}],"version-history":[{"count":21,"href":"https:\/\/www.mediagmbh.de\/de\/wp-json\/wp\/v2\/pages\/63\/revisions"}],"predecessor-version":[{"id":2668,"href":"https:\/\/www.mediagmbh.de\/de\/wp-json\/wp\/v2\/pages\/63\/revisions\/2668"}],"up":[{"embeddable":true,"href":"https:\/\/www.mediagmbh.de\/de\/wp-json\/wp\/v2\/pages\/1693"}],"wp:attachment":[{"href":"https:\/\/www.mediagmbh.de\/de\/wp-json\/wp\/v2\/media?parent=63"}],"curies":[{"name":"wp","href":"https:\/\/api.w.org\/{rel}","templated":true}]}}