{"id":75,"date":"2019-06-27T15:24:49","date_gmt":"2019-06-27T13:24:49","guid":{"rendered":"https:\/\/www.mediagmbh.de\/de\/?page_id=75"},"modified":"2026-03-09T09:52:07","modified_gmt":"2026-03-09T08:52:07","slug":"leistungen","status":"publish","type":"page","link":"https:\/\/www.mediagmbh.de\/de\/ueber-uns\/leistungen\/","title":{"rendered":"Leistungen"},"content":{"rendered":"<div class=\"brz-root__container brz-reset-all\">\n<section id=\"zxzuaunzfvedpjycpurkrispkigsdrbiwtet\" class=\"brz-section brz-css-vhZHZ\">\n<div class=\"brz-section__content brz-section--boxed brz-css-iAFVx brz-css-uZxlf\" data-brz-custom-id=\"dcapqmoqgrjtymfdhvupuothfwjgcoxinfvm\">\n<div class=\"brz-bg\">\n<div class=\"brz-bg-color\"><\/div>\n<\/div>\n<div class=\"brz-container brz-css-v6GHN\">\n<div class=\"brz-row__container brz-css-cdXWf\" data-brz-custom-id=\"zmmpzwaxhcrdznfzqfuacejfjmmtxgrrjnoq\">\n<div class=\"brz-bg\"><\/div>\n<div class=\"brz-row brz-css-p48EQ brz-css-y2TFw\">\n<div class=\"brz-columns brz-css-eFwzE brz-css-t8NE1\" data-brz-custom-id=\"ziiqvvkvgvjghweecydunppqwrtripkicfto\">\n<div class=\"brz-bg\"><\/div>\n<div class=\"brz-column__items brz-css-ghFAi\">\n<div id class=\"brz-css-jimay brz-wrapper\">\n<div class=\"brz-rich-text brz-rich-text__custom brz-css-lyFF8\" data-brz-custom-id=\"gnsrrdvrqodffdljwplzygcxkampsggbiepd\">\n<div data-brz-translate-text=\"1\">\n<h2 class=\"brz-tp-heading2 brz-css-dytiZ\"><span class=\"brz-cp-color2\">Unsere Leistungen<\/span><\/h2>\n<\/div>\n<\/div>\n<\/div>\n<\/div>\n<\/div>\n<\/div>\n<\/div>\n<\/div>\n<\/div>\n<\/section>\n<section id=\"crxpzgwpwwruazowgervmpfgygmpdpqsrcpf\" class=\"brz-section brz-css-vhZHZ\">\n<div class=\"brz-section__content brz-section--boxed brz-css-iAFVx brz-css-on5uc\" data-brz-custom-id=\"tfkwfgoxxoqufqjwuobbxbkgfckzujthatff\">\n<div class=\"brz-bg\">\n<div class=\"brz-bg-color\"><\/div>\n<\/div>\n<div class=\"brz-container brz-css-v6GHN\">\n<div class=\"brz-row__container brz-css-cdXWf\" data-brz-custom-id=\"jyyybpkmybeffamllacmgaapirjsxrdolgcy\">\n<div class=\"brz-bg\"><\/div>\n<div class=\"brz-row brz-css-p48EQ brz-css-y2TFw\">\n<div class=\"brz-columns brz-css-eFwzE brz-css-zBBvb\" data-brz-custom-id=\"ihcdcmqfjnpzfaokryzimtokeonbsthefdmq\">\n<div class=\"brz-bg\"><\/div>\n<div class=\"brz-column__items brz-css-ghFAi\">\n<div id class=\"brz-css-jimay brz-css-h69Gc brz-wrapper\">\n<div class=\"brz-image brz-css-y5BaG brz-css-b0v9j\" data-brz-custom-id=\"nzgailcfxzwoqaexhetvnewebwphffmuqaca\"><img decoding=\"async\" class=\"brz-img\" src=\"https:\/\/www.mediagmbh.de\/de\/wp-content\/uploads\/brizy\/imgs\/Leistungen_alleNeu-336x305x0x2x336x302x1566827373.png\" alt=\"\" loading=\"lazy\"><\/div>\n<\/div>\n<\/div>\n<\/div>\n<div class=\"brz-columns brz-css-eFwzE brz-css-ugSAr\" data-brz-custom-id=\"eqmmgsmdrxasnzsiohfanoqgribsvbzvumqd\">\n<div class=\"brz-bg\"><\/div>\n<div class=\"brz-column__items brz-css-ghFAi brz-css-ce3x4\">\n<div id class=\"brz-css-jimay brz-css-ki2jb brz-wrapper\">\n<div class=\"brz-rich-text brz-rich-text__custom brz-css-lyFF8\" data-brz-custom-id=\"agqyqdxuuijxinmvtokxodccniwhhhdppajw\">\n<div data-brz-translate-text=\"1\">\n<h2 class=\"brz-text-lg-left brz-text-xs-center brz-tp-heading4 brz-css-rMpuN\"><span class=\"brz-cp-color2\">Ein Rund-um-sorglos-Paket f\u00fcr Sie!<\/span><\/h2>\n<\/div>\n<\/div>\n<\/div>\n<div id class=\"brz-css-jimay brz-wrapper\">\n<div class=\"brz-rich-text brz-rich-text__custom brz-css-lyFF8\" data-brz-custom-id=\"pykhinmrjddczdzqjmxctoveaxtooijjfmro\">\n<div data-brz-translate-text=\"1\">\n<p class=\"brz-text-lg-justify brz-tp-lg-paragraph brz-css-qtYxi\" data-uniq-id=\"luzjo\" data-generated-css=\"brz-css-xntji\"><span class=\"brz-cp-color7\">Im Zeitalter allgegenw\u00e4rtiger mehr oder weniger erw\u00fcnschter Werbung ist es wichtig, eigene Aktivit\u00e4ten so zu kanalisieren, dass sie zielgerichtet jene Klientel ansprechen, welche f\u00fcr die eigenen Produkte und Dienstleistungen am empf\u00e4nglichsten ist. Wir bieten Ihnen \u00fcber ein Mietpaket den Standort, die Gestaltung und Fertigung der Werbefl\u00e4che sowie Versicherung und Wartung der Werbefl\u00e4che zu attraktiven Preisen. Sie genie\u00dfen an allen Standorten der<\/span><\/p>\n<p class=\"brz-text-lg-justify brz-tp-lg-paragraph brz-css-bDjdw\" data-uniq-id=\"luzjo\" data-generated-css=\"brz-css-xntji\"><span class=\"brz-cp-color7\">Media GmbH ein hohes Ma\u00df an Aufmerksamkeit.<\/span><\/p>\n<p class=\"brz-text-lg-justify brz-tp-lg-paragraph brz-css-v9uv1\" data-uniq-id=\"nodmz\" data-generated-css=\"brz-css-fkdfj\"><\/p>\n<p class=\"brz-text-lg-justify brz-tp-lg-paragraph brz-mb-lg-20 brz-text-xs-center brz-mb-xs-15 brz-css-zfE0B\" data-uniq-id=\"wrmry\" data-generated-css=\"brz-css-rficr\"><span class=\"brz-cp-color7\">Der Ablauf erfolgt im Allgemeinen nach Vertragsabschluss in folgenden Schritten:<\/span><\/p>\n<\/div>\n<\/div>\n<\/div>\n<\/div>\n<\/div>\n<\/div>\n<\/div>\n<\/div>\n<\/div>\n<\/section>\n<section id=\"sogslufhqjcyimqpzeuicenyasorxgonoxmr\" class=\"brz-section brz-css-vhZHZ\">\n<div class=\"brz-section__content brz-section--boxed brz-css-iAFVx brz-css-fT8iV\" data-brz-custom-id=\"judgaucvtkuedihzuliqcfdunioydyynrhwa\">\n<div class=\"brz-bg\">\n<div class=\"brz-bg-color\"><\/div>\n<\/div>\n<div class=\"brz-container brz-css-v6GHN\">\n<div id class=\"brz-css-jimay brz-wrapper\">\n<div class=\"brz-icon-text brz-css-aIsaY brz-css-vK8iI\" data-brz-custom-id=\"vtclyjqteujdvtjdulwvafpgrcfaeylgwcmc\">\n<div class=\"brz-icon__container\" data-brz-custom-id=\"gwjqlerkvniwnsrancfvtxjwpqvrslvzykie\"><span class=\"brz-icon brz-span brz-css-htFJT brz-css-svAPM\"><\/span><\/div>\n<div class=\"brz-text-btn\">\n<div class=\"brz-rich-text brz-rich-text__custom brz-css-lyFF8\" data-brz-custom-id=\"gsiepcdezrgnbxljnrtzvopxcfqxhscjtpja\">\n<div data-brz-translate-text=\"1\">\n<p class=\"brz-tp-heading4 brz-css-dC4Zb\"><span class=\"brz-cp-color2\">1. Grafik<\/span><\/p>\n<\/div>\n<\/div>\n<\/div>\n<\/div>\n<\/div>\n<div class=\"brz-row__container brz-css-cdXWf brz-css-tCTTA\" data-brz-custom-id=\"ejfjzvmpacrigviptfqyxqzmyiddaphtkvig\">\n<div class=\"brz-bg\"><\/div>\n<div class=\"brz-row brz-css-p48EQ brz-css-mMXh2\">\n<div class=\"brz-columns brz-css-eFwzE brz-css-qm_WK\" data-brz-custom-id=\"unklogqtffcuowcbwigtdrcqnzsoeqcxgibe\">\n<div class=\"brz-bg\"><\/div>\n<div class=\"brz-column__items brz-css-ghFAi brz-css-aAxbe\">\n<div id class=\"brz-css-jimay brz-css-xOG93 brz-wrapper\">\n<div class=\"brz-rich-text brz-rich-text__custom brz-css-lyFF8\" data-brz-custom-id=\"cnyjfqfjwxcacogppzebaatjdvseknbiepdx\">\n<div data-brz-translate-text=\"1\">\n<p class=\"brz-text-lg-justify brz-tp-lg-paragraph brz-css-miBi4\" data-uniq-id=\"ucuyw\" data-generated-css=\"brz-css-bkknt\"><span class=\"brz-cp-color7\">Unsere Grafikabteilung erstellt hierf\u00fcr nach Ihren Vorstellungen ein individuelles Layout. Das Layout wird nach Ihren Vorlagen oder durch eigene Kreativit\u00e4t unseres Grafikteams gestaltet und Ihnen zur Korrekturlesung und Druckfreigabe \u00fcbermittelt. Somit haben Sie bis zur anschlie\u00dfenden Fertigung vollstes Mitspracherecht.<\/span><\/p>\n<\/div>\n<\/div>\n<\/div>\n<\/div>\n<\/div>\n<\/div>\n<\/div>\n<div id class=\"brz-css-jimay brz-wrapper\">\n<div class=\"brz-line brz-line-default brz-css-eihxY brz-css-nLlS7\" data-brz-custom-id=\"dfnbiprrnukdgitxsseldhtbgwdpbccerztp\">\n<hr class=\"brz-hr\"><\/div>\n<\/div>\n<div id class=\"brz-css-jimay brz-wrapper\">\n<div class=\"brz-icon-text brz-css-aIsaY brz-css-w72uZ\" data-brz-custom-id=\"wercgaidwsczbsmfzjzgbmvichnykkrwutet\">\n<div class=\"brz-icon__container\" data-brz-custom-id=\"mwwtllorfpulmyqwpcdkddekpjvtlxxztcyc\"><span class=\"brz-icon brz-span brz-css-htFJT brz-css-kUNiS\"><\/span><\/div>\n<div class=\"brz-text-btn\">\n<div class=\"brz-rich-text brz-rich-text__custom brz-css-lyFF8\" data-brz-custom-id=\"ljwolrzqfcodkiuxpgddnsvyovphizvyeajd\">\n<div data-brz-translate-text=\"1\">\n<h2 class=\"brz-tp-heading4 brz-css-hL1_E\"><span class=\"brz-cp-color2\">2. Fertigung<\/span><\/h2>\n<\/div>\n<\/div>\n<\/div>\n<\/div>\n<\/div>\n<div class=\"brz-row__container brz-css-cdXWf brz-css-dEZIN\" data-brz-custom-id=\"yzpxbdwteksigbnfancsvvrqaiazgbbkctcv\">\n<div class=\"brz-bg\"><\/div>\n<div class=\"brz-row brz-css-p48EQ brz-css-pcVl6\">\n<div class=\"brz-columns brz-css-eFwzE brz-css-xf86N\" data-brz-custom-id=\"ksywwurcilvtivjadsbxxarmfftrxwaakptn\">\n<div class=\"brz-bg\"><\/div>\n<div class=\"brz-column__items brz-css-ghFAi brz-css-c8O0T\">\n<div id class=\"brz-css-jimay brz-css-sPzmE brz-wrapper\">\n<div class=\"brz-rich-text brz-rich-text__custom brz-css-lyFF8\" data-brz-custom-id=\"tvvauuhjiqfnqisngyrgudljrizcgmpsyvbv\">\n<div data-brz-translate-text=\"1\">\n<p class=\"brz-tp-paragraph brz-text-lg-justify brz-css-serYy\"><span class=\"brz-cp-color7\">Handwerkliches Geschick, Liebe zum Detail und fachliches Wissen sind die Basis unserer Werbeprodukte. Unsere umfangreiche Produktpalette stammt aus eigner Produktion und Kooperation mit langj\u00e4hrigen Zulieferern. Die Werbetr\u00e4ger bzw. die Werbeanlagen werden, um unserem Qualit\u00e4tsanspruch gerecht zu werden, unter Einsatz von hochwertigen Materialien in unserer hauseigenen Fertigung mit Hilfe von modernster Technik hergestellt und das wetterfest und lichtgesch\u00fctzt.<\/span><\/p>\n<\/div>\n<\/div>\n<\/div>\n<\/div>\n<\/div>\n<\/div>\n<\/div>\n<div id class=\"brz-css-jimay brz-wrapper\">\n<div class=\"brz-line brz-line-default brz-css-eihxY brz-css-bU7PA\" data-brz-custom-id=\"jimytjbpvkeyvzzlhacbcbutqzawqyrnpelp\">\n<hr class=\"brz-hr\"><\/div>\n<\/div>\n<div id class=\"brz-css-jimay brz-wrapper\">\n<div class=\"brz-icon-text brz-css-aIsaY brz-css-kViTf\" data-brz-custom-id=\"fjsatoxoopufrukyvmgbtnxkuxskepkrkfzv\">\n<div class=\"brz-icon__container\" data-brz-custom-id=\"nbczqnledpcdbhkwnehcabvxxwofcacwiwze\"><span class=\"brz-icon brz-span brz-css-htFJT brz-css-vhRlh\"><\/span><\/div>\n<div class=\"brz-text-btn\">\n<div class=\"brz-rich-text brz-rich-text__custom brz-css-lyFF8\" data-brz-custom-id=\"xpknejwmvaspfgzswsopiccfdcmqefjwvgoo\">\n<div data-brz-translate-text=\"1\">\n<h2 class=\"brz-tp-heading4 brz-css-sQ3o_\"><span class=\"brz-cp-color2\">3. Montage<\/span><\/h2>\n<\/div>\n<\/div>\n<\/div>\n<\/div>\n<\/div>\n<div class=\"brz-row__container brz-css-cdXWf brz-css-ioINy\" data-brz-custom-id=\"ucugqspydijlklczkwrxftlrqvfudvgrfbif\">\n<div class=\"brz-bg\"><\/div>\n<div class=\"brz-row brz-css-p48EQ brz-css-sPzF7\">\n<div class=\"brz-columns brz-css-eFwzE brz-css-xtVC5\" data-brz-custom-id=\"xoorfelsvwqwykoezfyqztcdljpyfzpnltdl\">\n<div class=\"brz-bg\"><\/div>\n<div class=\"brz-column__items brz-css-ghFAi brz-css-kBTTj\">\n<div id class=\"brz-css-jimay brz-css-y93_p brz-wrapper\">\n<div class=\"brz-rich-text brz-rich-text__custom brz-css-lyFF8\" data-brz-custom-id=\"orxfzrkwtjqaivthqsrcxypwnpwmseqrfsqg\">\n<div data-brz-translate-text=\"1\">\n<p class=\"brz-tp-paragraph brz-text-lg-justify brz-css-i9DAU\"><span class=\"brz-cp-color7\">Unser erfahrenes Montageteam platziert Ihre Werbung dann am vereinbarten Standort.<\/span><\/p>\n<\/div>\n<\/div>\n<\/div>\n<\/div>\n<\/div>\n<\/div>\n<\/div>\n<div id class=\"brz-css-jimay brz-wrapper\">\n<div class=\"brz-line brz-line-default brz-css-eihxY brz-css-tA23X\" data-brz-custom-id=\"fcbzlwalbfrajknagtjgbpjrijrsylnhfrmn\">\n<hr class=\"brz-hr\"><\/div>\n<\/div>\n<div id class=\"brz-css-jimay brz-css-nyY1Z brz-wrapper\">\n<div class=\"brz-icon-text brz-css-aIsaY brz-css-rdKTX\" data-brz-custom-id=\"vyangkwvickhgcydekfyrcumizkppwaeawrw\">\n<div class=\"brz-icon__container\" data-brz-custom-id=\"llvmuzryjfmfsugeszcuvgicbvhpibjindnt\"><span class=\"brz-icon brz-span brz-css-htFJT brz-css-sn8ta\"><\/span><\/div>\n<div class=\"brz-text-btn\">\n<div class=\"brz-rich-text brz-rich-text__custom brz-css-lyFF8\" data-brz-custom-id=\"xiseoknwlyjphtklqettcjndxwiomwqwksmj\">\n<div data-brz-translate-text=\"1\">\n<h2 class=\"brz-tp-lg-heading4 brz-text-xs-justify brz-css-ol3FO\" data-uniq-id=\"ahynh\" data-generated-css=\"brz-css-vcqom\"><span class=\"brz-cp-color2\">4. Reparatur und Wartung<\/span><\/h2>\n<\/div>\n<\/div>\n<\/div>\n<\/div>\n<\/div>\n<div class=\"brz-row__container brz-css-cdXWf brz-css-sWgkI\" data-brz-custom-id=\"baqxcxpjqpoenpknuaccgosozlcgkrwnuvtg\">\n<div class=\"brz-bg\"><\/div>\n<div class=\"brz-row brz-css-p48EQ brz-css-qHmRy\">\n<div class=\"brz-columns brz-css-eFwzE brz-css-mxvM9\" data-brz-custom-id=\"mzangkxfzaffvnqngvmnflirkyggoohyysfw\">\n<div class=\"brz-bg\"><\/div>\n<div class=\"brz-column__items brz-css-ghFAi brz-css-zwlgO\">\n<div id class=\"brz-css-jimay brz-css-vjuZc brz-wrapper\">\n<div class=\"brz-rich-text brz-rich-text__custom brz-css-lyFF8\" data-brz-custom-id=\"sxtomhgxkklridbajvdiiyzyvsyiwozrdczj\">\n<div data-brz-translate-text=\"1\">\n<p class=\"brz-tp-paragraph brz-text-lg-justify brz-css-kjbAe\"><span class=\"brz-cp-color7\">W\u00e4hrend der gesamten Mietlaufzeit bleiben wir auch weiterhin Ihr Ansprechpartner: ob Wartungsleistungen, Reparaturen, Erweiterungen, Umz\u00fcge oder technische Neuerungen &#8211; wir bleiben an Ihrer Seite. Unser Wartungs-Service wird von firmeneigenen Mitarbeitern erledigt, das werbewirksame Erscheinungsbild unserer Kunden ist uns diesen Aufwand wert.<\/span><\/p>\n<\/div>\n<\/div>\n<\/div>\n<\/div>\n<\/div>\n<\/div>\n<\/div>\n<div id class=\"brz-css-jimay brz-wrapper\">\n<div class=\"brz-line brz-line-default brz-css-eihxY brz-css-hlmMT\" data-brz-custom-id=\"ruotqurxryyhbiozmvmflkvzakodhtscdnev\">\n<hr class=\"brz-hr\"><\/div>\n<\/div>\n<div id class=\"brz-css-jimay brz-css-jVurE brz-wrapper\">\n<div class=\"brz-icon-text brz-css-aIsaY brz-css-qDXJL\" data-brz-custom-id=\"hgfdidobrdpeqgyvscukitxggttvqakesxtg\">\n<div class=\"brz-icon__container\" data-brz-custom-id=\"mpanarxvvbqasrfhnywczvvcoesohcdhujfn\"><span class=\"brz-icon brz-span brz-css-htFJT brz-css-nnquL\"><\/span><\/div>\n<div class=\"brz-text-btn\">\n<div class=\"brz-rich-text brz-rich-text__custom brz-css-lyFF8\" data-brz-custom-id=\"utaxaoqpngcbnqhmeozghcylbpzgbuqmmfki\">\n<div data-brz-translate-text=\"1\">\n<h2 class=\"brz-tp-heading4 brz-css-c9EXj\"><span class=\"brz-cp-color2\">5. Demontage und Recyling<\/span><\/h2>\n<\/div>\n<\/div>\n<\/div>\n<\/div>\n<\/div>\n<div class=\"brz-row__container brz-css-cdXWf brz-css-a2Ak1\" data-brz-custom-id=\"ckaibuahrcnjdigzfesjqquaszvrnbcffvth\">\n<div class=\"brz-bg\"><\/div>\n<div class=\"brz-row brz-css-p48EQ brz-css-hJWzf\">\n<div class=\"brz-columns brz-css-eFwzE brz-css-hM1QS\" data-brz-custom-id=\"vrjzdkiqsbldjjaeeqjeewjqrjlzmwitpdhn\">\n<div class=\"brz-bg\"><\/div>\n<div class=\"brz-column__items brz-css-ghFAi brz-css-tWEW7\">\n<div id class=\"brz-css-jimay brz-css-peINV brz-wrapper\">\n<div class=\"brz-rich-text brz-rich-text__custom brz-css-lyFF8\" data-brz-custom-id=\"qhfwrfoqwjyrwbvgabcwodxvmtfokvwemekl\">\n<div data-brz-translate-text=\"1\">\n<p class=\"brz-tp-paragraph brz-text-lg-justify brz-css-qhgaz\"><span class=\"brz-cp-color7\">Nach Ablauf des Mietzeitraumes k\u00fcmmern wir uns selbstverst\u00e4ndlich um die Demontage und die fachgerechte Entsorgung Ihrer Werbeanlage.<\/span><\/p>\n<\/div>\n<\/div>\n<\/div>\n<\/div>\n<\/div>\n<\/div>\n<\/div>\n<\/div>\n<\/div>\n<\/section>\n<\/div>\n<p>    <!-- version:1773046327 --><\/p>\n","protected":false},"excerpt":{"rendered":"<p>Unsere Leistungen Ein Rund-um-sorglos-Paket f\u00fcr Sie! Im Zeitalter allgegenw\u00e4rtiger mehr oder weniger erw\u00fcnschter Werbung ist es wichtig, eigene Aktivit\u00e4ten so zu kanalisieren, dass sie zielgerichtet jene Klientel ansprechen, welche f\u00fcr die eigenen Produkte und Dienstleistungen am empf\u00e4nglichsten ist. Wir bieten Ihnen \u00fcber ein Mietpaket den Standort, die Gestaltung und Fertigung der Werbefl\u00e4che sowie Versicherung und [&hellip;]<\/p>\n","protected":false},"author":1,"featured_media":0,"parent":1693,"menu_order":0,"comment_status":"closed","ping_status":"closed","template":"","meta":{"footnotes":""},"_links":{"self":[{"href":"https:\/\/www.mediagmbh.de\/de\/wp-json\/wp\/v2\/pages\/75"}],"collection":[{"href":"https:\/\/www.mediagmbh.de\/de\/wp-json\/wp\/v2\/pages"}],"about":[{"href":"https:\/\/www.mediagmbh.de\/de\/wp-json\/wp\/v2\/types\/page"}],"author":[{"embeddable":true,"href":"https:\/\/www.mediagmbh.de\/de\/wp-json\/wp\/v2\/users\/1"}],"replies":[{"embeddable":true,"href":"https:\/\/www.mediagmbh.de\/de\/wp-json\/wp\/v2\/comments?post=75"}],"version-history":[{"count":27,"href":"https:\/\/www.mediagmbh.de\/de\/wp-json\/wp\/v2\/pages\/75\/revisions"}],"predecessor-version":[{"id":2450,"href":"https:\/\/www.mediagmbh.de\/de\/wp-json\/wp\/v2\/pages\/75\/revisions\/2450"}],"up":[{"embeddable":true,"href":"https:\/\/www.mediagmbh.de\/de\/wp-json\/wp\/v2\/pages\/1693"}],"wp:attachment":[{"href":"https:\/\/www.mediagmbh.de\/de\/wp-json\/wp\/v2\/media?parent=75"}],"curies":[{"name":"wp","href":"https:\/\/api.w.org\/{rel}","templated":true}]}}