{"id":927,"date":"2023-07-17T16:39:28","date_gmt":"2023-07-17T14:39:28","guid":{"rendered":"https:\/\/www.mediagmbh.de\/de\/?page_id=927"},"modified":"2026-03-09T09:52:07","modified_gmt":"2026-03-09T08:52:07","slug":"digitale-werbung","status":"publish","type":"page","link":"https:\/\/www.mediagmbh.de\/de\/digitale-werbung\/","title":{"rendered":"digitale Werbung"},"content":{"rendered":"<div class=\"brz-root__container brz-reset-all\">\n<section id=\"aekcktpntsajpornhsasfqelvqdyvpuyywwv\" class=\"brz-section brz-css-pHSfJ\">\n<div class=\"brz-section__content brz-section--boxed brz-css-ujfNG brz-css-fttpe\" data-brz-custom-id=\"towoykchqipbtuhugofzovwohzysxsukmpgi\">\n<div class=\"brz-container brz-css-uGTGN\">\n<div class=\"brz-row__container brz-css-apwcs\" data-brz-custom-id=\"unuedoclhmazsamhvqvifjjcpbfmvcjlaboc\">\n<div class=\"brz-bg\"><\/div>\n<div class=\"brz-row brz-css-otegU brz-css-q2QYt\">\n<div class=\"brz-columns brz-css-jxfvI brz-css-jeGSt\" data-brz-custom-id=\"laxrmjxxrvhpwjvvtgkegsapxboknntzrkuw\">\n<div class=\"brz-bg\"><\/div>\n<div class=\"brz-column__items brz-css-rXck6 brz-css-mjccm\">\n<div id class=\"brz-css-nJdFv brz-wrapper\">\n<div class=\"brz-image brz-css-vcDrI\" data-brz-custom-id=\"kbhdidxdjamqzxxzxqqwtobfbjhzlqtefwwf\"><img decoding=\"async\" class=\"brz-img\" src=\"https:\/\/www.mediagmbh.de\/de\/wp-content\/uploads\/brizy\/imgs\/Skizze_LED-445x383x0x67x445x287x1690194262.png\" alt=\"\" loading=\"lazy\"><\/div>\n<\/div>\n<\/div>\n<\/div>\n<div class=\"brz-columns brz-css-jxfvI brz-css-rB6zl\" data-brz-custom-id=\"ldwurrtosuosxswnjdmauajieyvqpskzylbo\">\n<div class=\"brz-bg\"><\/div>\n<div class=\"brz-column__items brz-css-rXck6 brz-css-uRTz6\">\n<div id class=\"brz-css-nJdFv brz-css-oySzj brz-wrapper\">\n<div class=\"brz-rich-text brz-rich-text__custom brz-css-iirwD\" data-brz-custom-id=\"eihajgyvpacukgbxccfaqzjtgdjxoohvaxrp\">\n<div data-brz-translate-text=\"1\">\n<h2 class=\"brz-tp-lg-heading2 brz-css-cWxDy\" data-generated-css=\"brz-css-bxztr\" data-uniq-id=\"qrgev\"><span class=\"brz-cp-color2\">digitale Werbung<\/span><\/h2>\n<\/div>\n<\/div>\n<\/div>\n<div id class=\"brz-css-nJdFv brz-wrapper\">\n<div class=\"brz-rich-text brz-rich-text__custom brz-css-iirwD\" data-brz-custom-id=\"ehscfmtsrgjhwstnbfhnpiwavcbzauwqzxyb\">\n<div data-brz-translate-text=\"1\">\n<p class=\"brz-tp-lg-paragraph brz-css-yExog\" data-generated-css=\"brz-css-xheqa\" data-uniq-id=\"kgxra\"><span class=\"brz-cp-color7\">Seit 2020 haben wir unser Portfolio um digitale Werbeanlagen erweitert.<\/span><\/p>\n<\/div>\n<\/div>\n<\/div>\n<div id class=\"brz-css-nJdFv brz-wrapper\">\n<div class=\"brz-rich-text brz-rich-text__custom brz-css-iirwD\" data-brz-custom-id=\"xsvtoaidbewhydeoxaarnsprpglwezkeccad\">\n<div data-brz-translate-text=\"1\">\n<p class=\"brz-tp-lg-paragraph brz-css-v_YX5\" data-generated-css=\"brz-css-tdobz\" data-uniq-id=\"aacaw\"><span class=\"brz-cp-color7\">Die M\u00f6glichkeit, bewegte Bilder in Kurzwerbespots zu zeigen und zeitnah aktuellen Aktionen anzupassen, entspricht den neuen gesteigerten Anspr\u00fcchen unserer und Ihrer Kunden.<\/span><\/p>\n<\/div>\n<\/div>\n<\/div>\n<\/div>\n<\/div>\n<\/div>\n<\/div>\n<\/div>\n<\/div>\n<\/section>\n<section id=\"jpcmkjoaotjoxrqusgiwjugohqsipfkqypoj\" class=\"brz-section brz-css-pHSfJ\">\n<div class=\"brz-section__content brz-section--boxed brz-css-ujfNG brz-css-nAt_P\" data-brz-custom-id=\"rgmxlmxqxuhtbfegdapcfjqwztdjefmvbwpj\">\n<div class=\"brz-bg\">\n<div class=\"brz-bg-color\"><\/div>\n<\/div>\n<div class=\"brz-container brz-css-uGTGN\">\n<div class=\"brz-row__container brz-css-apwcs\" data-brz-custom-id=\"axrulnaegzltrexhcmmqrwcffwyuytkuugoe\">\n<div class=\"brz-bg\"><\/div>\n<div class=\"brz-row brz-css-otegU brz-css-q2QYt\">\n<div class=\"brz-columns brz-css-jxfvI brz-css-u6xb_\" data-brz-custom-id=\"caahfrgbrxtyutddrzhciswvkvakeczkcopn\">\n<div class=\"brz-bg\"><\/div>\n<div class=\"brz-column__items brz-css-rXck6 brz-css-aMvHn\">\n<div id class=\"brz-css-nJdFv brz-wrapper\">\n<div class=\"brz-rich-text brz-rich-text__custom brz-css-iirwD\" data-brz-custom-id=\"swbhqwznflbdnrzgnmzqimhiahzldjwviyno\">\n<div data-brz-translate-text=\"1\">\n<h2 class=\"brz-tp-lg-caccylalqhhvhxxozrtgqdjjrrqaitnvbtqi brz-text-lg-center brz-lh-lg-1_3 brz-ff-knewave brz-ft-google brz-fs-lg-42 brz-fss-lg-px brz-fw-lg-400 brz-ls-lg-0 brz-css-d6BXf\" data-uniq-id=\"vkckd\" data-generated-css=\"brz-css-icrnr\"><span class=\"brz-cp-color2\">Innovativ und up to date<\/span><\/h2>\n<\/div>\n<\/div>\n<\/div>\n<\/div>\n<\/div>\n<\/div>\n<\/div>\n<\/div>\n<\/div>\n<\/section>\n<section id=\"xeeaxsaegoclxdnindosemmreyvnmlseqhpw\" class=\"brz-section brz-css-pHSfJ\">\n<div class=\"brz-section__content brz-section--boxed brz-css-ujfNG brz-css-prw16\" data-brz-custom-id=\"trzlkpxeyykozeqedajhuzaijkuktjhxjhqa\">\n<div class=\"brz-container brz-css-uGTGN\">\n<div class=\"brz-row__container brz-css-apwcs\" data-brz-custom-id=\"dryiemofmwckxgcsmpahakcngxnlzjeapfsn\">\n<div class=\"brz-bg\"><\/div>\n<div class=\"brz-row brz-css-otegU\">\n<div class=\"brz-columns brz-css-jxfvI brz-css-fw_zR\" data-brz-custom-id=\"bgrfkbntstcbrscgrretajcsdexrxmzitawa\">\n<div class=\"brz-bg\"><\/div>\n<div class=\"brz-column__items brz-css-rXck6\">\n<div id class=\"brz-css-nJdFv brz-wrapper\">\n<div class=\"brz-image brz-css-rZpgb\" data-brz-custom-id=\"hynezojylytbtdyleriksjnlnrkrkivubfvs\"><img decoding=\"async\" class=\"brz-img\" src=\"https:\/\/www.mediagmbh.de\/de\/wp-content\/uploads\/brizy\/imgs\/Skizze_Truck-285x271x1x0x283x271x1690376792.png\" alt=\"\" loading=\"lazy\"><\/div>\n<\/div>\n<\/div>\n<\/div>\n<div class=\"brz-columns brz-css-jxfvI brz-css-rasjS\" data-brz-custom-id=\"eevymfrscmlwmuefxibbsrrhvdpyfzbvefot\">\n<div class=\"brz-bg\"><\/div>\n<div class=\"brz-column__items brz-css-rXck6\">\n<div class=\"brz-row__container brz-css-apwcs\" data-brz-custom-id=\"ymabrrxxgoqifnernwktnsnpqoshhjggtacy\">\n<div class=\"brz-bg\"><\/div>\n<div class=\"brz-row brz-row--inner brz-css-otegU brz-css-q2QYt\">\n<div class=\"brz-columns brz-css-jxfvI brz-css-eJ79H kreis-hover\" data-brz-custom-id=\"xxiictdcgsrtkwgdpfvuewluxaejqksmolhw\">\n<div class=\"brz-bg\">\n<div class=\"brz-bg-image\"><\/div>\n<\/div>\n<div class=\"brz-column__items brz-css-rXck6 brz-css-gBQDJ\">\n<div id class=\"brz-css-nJdFv brz-wrapper\">\n<div class=\"brz-rich-text brz-rich-text__custom brz-css-iirwD\" data-brz-custom-id=\"ertwyxsydtvkysyasxsswxmnnhuwflgdfemg\">\n<div data-brz-translate-text=\"1\">\n<h3 class=\"brz-tp-lg-heading3 brz-lh-lg-1_4 brz-ls-lg-0 brz-fw-lg-400 brz-fss-lg-px brz-fs-lg-26 brz-ft-google brz-ff-montserrat brz-text-lg-center brz-css-yzWcX\" data-generated-css=\"brz-css-ltenl\" data-uniq-id=\"mfalm\"><strong>Standort-<\/strong><\/h3>\n<h3 class=\"brz-tp-lg-heading3 brz-lh-lg-1_4 brz-ls-lg-0 brz-fw-lg-400 brz-fss-lg-px brz-fs-lg-26 brz-ft-google brz-ff-montserrat brz-text-lg-center brz-css-wkwYk\" data-generated-css=\"brz-css-ltenl\" data-uniq-id=\"mfalm\"><strong>gebundene<\/strong><\/h3>\n<h3 class=\"brz-tp-lg-heading3 brz-lh-lg-1_4 brz-ls-lg-0 brz-fw-lg-400 brz-fss-lg-px brz-fs-lg-26 brz-ft-google brz-ff-montserrat brz-text-lg-center brz-css-bjlur\" data-generated-css=\"brz-css-ltenl\" data-uniq-id=\"mfalm\"><strong>LED-W\u00e4nde <\/strong><\/h3>\n<\/div>\n<\/div>\n<\/div>\n<\/div>\n<p><a class=\"brz-a brz-container-link\" href=\"standortgebundene-led-waende\" target=\"_self\" rel=\"noopener\" data-brz-link-type=\"external\"><\/a><\/div>\n<div class=\"brz-columns brz-css-jxfvI brz-css-bFQJe kreis-hover\" data-brz-custom-id=\"alnnwuvxiddwahbaxvvbvdybwnbdcatmkjmp\">\n<div class=\"brz-bg\">\n<div class=\"brz-bg-image\"><\/div>\n<\/div>\n<div class=\"brz-column__items brz-css-rXck6 brz-css-d34ch\">\n<div id class=\"brz-css-nJdFv brz-wrapper\">\n<div class=\"brz-rich-text brz-rich-text__custom brz-css-iirwD\" data-brz-custom-id=\"fkgfbkmbxicztroytlkkdzyrnixgueyxzfqo\">\n<div data-brz-translate-text=\"1\">\n<h3 class=\"brz-tp-lg-heading3 brz-text-lg-center brz-ff-montserrat brz-ft-google brz-fs-lg-26 brz-fss-lg-px brz-fw-lg-400 brz-ls-lg-0 brz-lh-lg-1_4 brz-css-ioagq\" data-uniq-id=\"cglyw\" data-generated-css=\"brz-css-eonyz\"><strong>Mobile<\/strong><\/h3>\n<h3 class=\"brz-tp-lg-heading3 brz-text-lg-center brz-ff-montserrat brz-ft-google brz-fs-lg-26 brz-fss-lg-px brz-fw-lg-400 brz-ls-lg-0 brz-lh-lg-1_4 brz-css-gXW7j\" data-uniq-id=\"cglyw\" data-generated-css=\"brz-css-eonyz\"><strong>LED-W\u00e4nde<\/strong><\/h3>\n<h3 class=\"brz-tp-lg-heading3 brz-text-lg-center brz-ff-montserrat brz-ft-google brz-fs-lg-26 brz-fss-lg-px brz-fw-lg-400 brz-ls-lg-0 brz-lh-lg-1_4 brz-css-c8Wy3\" data-uniq-id=\"cglyw\" data-generated-css=\"brz-css-eonyz\"><strong>f\u00fcr Ihr Event <\/strong><\/h3>\n<\/div>\n<\/div>\n<\/div>\n<\/div>\n<p><a class=\"brz-a brz-container-link\" href=\"led-waende-mieten\" target=\"_self\" rel=\"noopener\" data-brz-link-type=\"external\"><\/a><\/div>\n<\/div>\n<\/div>\n<\/div>\n<\/div>\n<\/div>\n<\/div>\n<\/div>\n<\/div>\n<\/section>\n<\/div>\n<p>    <!-- version:1773046326 --><\/p>\n","protected":false},"excerpt":{"rendered":"<p>digitale Werbung Seit 2020 haben wir unser Portfolio um digitale Werbeanlagen erweitert. Die M\u00f6glichkeit, bewegte Bilder in Kurzwerbespots zu zeigen und zeitnah aktuellen Aktionen anzupassen, entspricht den neuen gesteigerten Anspr\u00fcchen unserer und Ihrer Kunden. Innovativ und up to date Standort- gebundene LED-W\u00e4nde Mobile LED-W\u00e4nde f\u00fcr Ihr Event<\/p>\n","protected":false},"author":1,"featured_media":0,"parent":0,"menu_order":0,"comment_status":"closed","ping_status":"closed","template":"","meta":{"footnotes":""},"_links":{"self":[{"href":"https:\/\/www.mediagmbh.de\/de\/wp-json\/wp\/v2\/pages\/927"}],"collection":[{"href":"https:\/\/www.mediagmbh.de\/de\/wp-json\/wp\/v2\/pages"}],"about":[{"href":"https:\/\/www.mediagmbh.de\/de\/wp-json\/wp\/v2\/types\/page"}],"author":[{"embeddable":true,"href":"https:\/\/www.mediagmbh.de\/de\/wp-json\/wp\/v2\/users\/1"}],"replies":[{"embeddable":true,"href":"https:\/\/www.mediagmbh.de\/de\/wp-json\/wp\/v2\/comments?post=927"}],"version-history":[{"count":17,"href":"https:\/\/www.mediagmbh.de\/de\/wp-json\/wp\/v2\/pages\/927\/revisions"}],"predecessor-version":[{"id":2427,"href":"https:\/\/www.mediagmbh.de\/de\/wp-json\/wp\/v2\/pages\/927\/revisions\/2427"}],"wp:attachment":[{"href":"https:\/\/www.mediagmbh.de\/de\/wp-json\/wp\/v2\/media?parent=927"}],"curies":[{"name":"wp","href":"https:\/\/api.w.org\/{rel}","templated":true}]}}