{"id":929,"date":"2023-07-17T16:39:40","date_gmt":"2023-07-17T14:39:40","guid":{"rendered":"https:\/\/www.mediagmbh.de\/de\/?page_id=929"},"modified":"2026-03-09T09:34:53","modified_gmt":"2026-03-09T08:34:53","slug":"klassische-werbung","status":"publish","type":"page","link":"https:\/\/www.mediagmbh.de\/de\/klassische-werbung\/","title":{"rendered":"klassische Werbung"},"content":{"rendered":"<div class=\"brz-root__container brz-reset-all\">\n<section id=\"layhakrksvzbycyphzjveiaztreowlehjzgg\" class=\"brz-section brz-css-rknwt\">\n<div class=\"brz-section__content brz-section--boxed brz-css-fijdx brz-css-a3gBp\" data-brz-custom-id=\"yltpmqnftesbjqglhwvcinxnvljcpmcdpcng\">\n<div class=\"brz-container brz-css-pV6nT\">\n<div class=\"brz-row__container brz-css-kU7gq\" data-brz-custom-id=\"brkkifmzmvqooirddbrtizfirdgvkxzmuzba\">\n<div class=\"brz-bg\"><\/div>\n<div class=\"brz-row brz-css-dSYAr brz-css-ka8bI\">\n<div class=\"brz-columns brz-css-oFImX brz-css-jzPqv\" data-brz-custom-id=\"edviqxxblukwgcesfllcbejnujvavajbtplt\">\n<div class=\"brz-bg\"><\/div>\n<div class=\"brz-column__items brz-css-oA7N4 brz-css-y0j1Z\">\n<div id class=\"brz-css-xpmQi brz-wrapper\">\n<div class=\"brz-image brz-css-hrgFU\" data-brz-custom-id=\"ubxmmpojeftzizlzykwolgojlrbrgjwigmwa\"><img decoding=\"async\" class=\"brz-img\" src=\"https:\/\/www.mediagmbh.de\/de\/wp-content\/uploads\/brizy\/imgs\/Skizze_Werbung-445x300x0x0x445x300x1690192341.png\" alt=\"\" loading=\"lazy\"><\/div>\n<\/div>\n<\/div>\n<\/div>\n<div class=\"brz-columns brz-css-oFImX brz-css-piWmM\" data-brz-custom-id=\"qgqkvcdkpktjfyzdedlgejlltgmnrpndsjyr\">\n<div class=\"brz-bg\"><\/div>\n<div class=\"brz-column__items brz-css-oA7N4 brz-css-pt5nT\">\n<div id class=\"brz-css-xpmQi brz-css-wMMVY brz-wrapper\">\n<div class=\"brz-rich-text brz-rich-text__custom brz-css-q3oum\" data-brz-custom-id=\"jtcrgojpvftfcisddcumgewblymqqbfeigmc\">\n<div data-brz-translate-text=\"1\">\n<h2 data-uniq-id=\"ketnl\" data-generated-css=\"brz-css-hdbzy\" class=\"brz-tp-lg-heading2 brz-css-tswQo\"><span class=\"brz-cp-color2\">klassische Au\u00dfenwerbung<\/span><\/h2>\n<\/div>\n<\/div>\n<\/div>\n<div id class=\"brz-css-xpmQi brz-wrapper\">\n<div class=\"brz-rich-text brz-rich-text__custom brz-css-q3oum\" data-brz-custom-id=\"dgsgidqmwhkpbcqyxesrcogpwnuvnnfkatpc\">\n<div data-brz-translate-text=\"1\">\n<p class=\"brz-tp-lg-paragraph brz-css-mTo_7\" data-generated-css=\"brz-css-bqdcy\" data-uniq-id=\"piqpf\"><span class=\"brz-cp-color7\">Seit fast 30 Jahren stehen wir f\u00fcr zielgerichtete Au\u00dfenwerbung. <\/span><\/p>\n<\/div>\n<\/div>\n<\/div>\n<div id class=\"brz-css-xpmQi brz-wrapper\">\n<div class=\"brz-rich-text brz-rich-text__custom brz-css-q3oum\" data-brz-custom-id=\"ssikpszfsdzfxkykdfddsohstcbstnskkrsf\">\n<div data-brz-translate-text=\"1\">\n<p class=\"brz-tp-lg-paragraph brz-css-bJ2T8\" data-generated-css=\"brz-css-pjlqa\" data-uniq-id=\"dxdsc\"><span class=\"brz-cp-color7\">Im gesamten Bundesgebiet beeinflussen unsere Werbetr\u00e4ger das \u00f6ffentliche Bild an strategisch wertvollen Punkten, um Sie dem Kunden n\u00e4her zu bringen. <\/span><\/p>\n<\/div>\n<\/div>\n<\/div>\n<div id class=\"brz-css-xpmQi brz-wrapper\">\n<div class=\"brz-rich-text brz-rich-text__custom brz-css-q3oum\" data-brz-custom-id=\"tjckzutjwjqscspqfurovymlhigzzfdfcjjv\">\n<div data-brz-translate-text=\"1\">\n<p class=\"brz-tp-lg-paragraph brz-css-wKR_y\" data-generated-css=\"brz-css-zlwsl\" data-uniq-id=\"xlune\"><span class=\"brz-cp-color7\">Unsere \u00fcber 2.300 exponierten Standorte bieten Ihnen vielf\u00e4ltige M\u00f6glichkeiten der Werbung.<\/span><\/p>\n<\/div>\n<\/div>\n<\/div>\n<div id class=\"brz-css-xpmQi brz-wrapper\">\n<div class=\"brz-rich-text brz-rich-text__custom brz-css-q3oum\" data-brz-custom-id=\"sdriuwljgjcocfscktsyljmufrnejqvhtkvd\">\n<div data-brz-translate-text=\"1\">\n<h5 data-uniq-id=\"pzwwx\" data-generated-css=\"brz-css-hpgog\" class=\"brz-tp-lg-heading5 brz-css-xjHJs\"><span class=\"brz-cp-color2\">Schilder als Dauerwerbung &#8211; langlebig aber nicht old school<\/span><\/h5>\n<\/div>\n<\/div>\n<\/div>\n<\/div>\n<\/div>\n<\/div>\n<\/div>\n<\/div>\n<\/div>\n<\/section>\n<section id=\"zcooaalseynfkvrndmhemfkuywpksqpzdzoq\" class=\"brz-section brz-css-rknwt\">\n<div class=\"brz-section__content brz-section--boxed brz-css-fijdx brz-css-eMZ5U\" data-brz-custom-id=\"hcqkrlgitobzgagbudbbsktzbsozvrvdrnuo\">\n<div class=\"brz-container brz-css-pV6nT\">\n<div id class=\"brz-css-xpmQi brz-css-a4pkk brz-wrapper\">\n<div class=\"brz-rich-text brz-rich-text__custom brz-css-q3oum\" data-brz-custom-id=\"wfnjbrziljifgahnpawpkwjlgvgyolbqkmlb\">\n<div data-brz-translate-text=\"1\">\n<h2 class=\"brz-tp-lg-heading2 brz-text-lg-center brz-css-iED3i\" data-uniq-id=\"jnuqr\" data-generated-css=\"brz-css-bwtvo\"><span class=\"brz-cp-color2\">Standortsuche<\/span><\/h2>\n<\/div>\n<\/div>\n<\/div>\n<div id class=\"brz-css-xpmQi brz-wrapper\">\n<div class=\"brz-wp-shortcode brz-css-s9nib\" data-brz-custom-id=\"iwvbxhztkabaiosfoikbtdgisuxnlwrwtzhh\">\n<div>\n<div style=\"position: relative;\">\n\n    <div style=\"position: absolute; left: 0; top: -100px;\" id=\"media_standortsuche\"><\/div>\n\n    <div class=\"d-flex flex-col justify-content-center align-items-center w-full gap-3\">\n\n        <form class=\"input-group\" style=\"max-width: 800px;\" action=\"\" method=\"GET\">\n            <input type=\"text\" class=\"form-control\" style=\"border-top-left-radius: 50rem !important; border-bottom-left-radius: 50rem !important;\" placeholder=\"Ortsname oder Postleitzahl\" name=\"q\">\n            <!-- <select style=\"max-width: 210px;\" class=\"form-select text-end\" name=\"u\">\n                <option value=\"2\" class=\"text-end\" selected>+ Umkreis von 2km<\/option>\n                <option value=\"5\">+ Umkreis von 5km<\/option>\n                <option value=\"10\">+ Umkreis von 10km<\/option>\n                <option value=\"20\">+ Umkreis von 20km<\/option>\n                <option value=\"50\">+ Umkreis von 50km<\/option>\n                <option value=\"100\">+ Umkreis von 100km<\/option>\n            <\/select> -->\n            <button class=\"btn btn-outline-primary\" style=\"border-top-right-radius: 50rem !important; border-bottom-right-radius: 50rem !important;\" type=\"submit\">Suchen<\/button>\n        <\/form>\n\n    <\/div>\n\n\n    \n\n\n    \n    \n<\/div>\n\n<\/div>\n<\/div>\n<\/div>\n<\/div>\n<\/div>\n<\/section>\n<section id=\"sdlqoctstocbybyxhnvpojmmflrxmaglywvg\" class=\"brz-section brz-css-rknwt\">\n<div class=\"brz-section__content brz-section--boxed brz-css-fijdx brz-css-iSMBV\" data-brz-custom-id=\"vfmqdatwnmgcelmqbsmywloeoaondhavlsxi\">\n<div class=\"brz-bg\">\n<div class=\"brz-bg-color\"><\/div>\n<\/div>\n<div class=\"brz-container brz-css-pV6nT\">\n<div class=\"brz-row__container brz-css-kU7gq\" data-brz-custom-id=\"lvoahqtzymnzxuarzetszvtaggrkfazzfblk\">\n<div class=\"brz-bg\"><\/div>\n<div class=\"brz-row brz-css-dSYAr brz-css-ka8bI\">\n<div class=\"brz-columns brz-css-oFImX brz-css-iuZbg\" data-brz-custom-id=\"pqdcskgmfhuqhgeawjcqjatlrajbsczzrnzz\">\n<div class=\"brz-bg\"><\/div>\n<div class=\"brz-column__items brz-css-oA7N4 brz-css-xqihm\">\n<div id class=\"brz-css-xpmQi brz-css-eWQbr brz-wrapper\">\n<div class=\"brz-rich-text brz-rich-text__custom brz-css-q3oum\" data-brz-custom-id=\"ybmqbssighbvqpdqkuuibiqwxiaxqqiffufl\">\n<div data-brz-translate-text=\"1\">\n<h2 class=\"brz-ls-lg-0 brz-fw-lg-400 brz-fss-lg-px brz-fs-lg-42 brz-ft-google brz-ff-knewave brz-lh-lg-1_3 brz-text-lg-center brz-tp-lg-caccylalqhhvhxxozrtgqdjjrrqaitnvbtqi brz-css-lxBGo\" data-generated-css=\"brz-css-rtpbh\" data-uniq-id=\"prnlu\"><span class=\"brz-cp-color2\">Das kann sich SEHEN lassen!<\/span><\/h2>\n<\/div>\n<\/div>\n<\/div>\n<\/div>\n<\/div>\n<\/div>\n<\/div>\n<\/div>\n<\/div>\n<\/section>\n<section id=\"uowxxtkpsilklytlwhjtepzwhyizpbyxqedi\" class=\"brz-section brz-css-rknwt\">\n<div class=\"brz-section__content brz-section--boxed brz-css-fijdx brz-css-jLeh6\" data-brz-custom-id=\"shfadkdsqzdkdwglcwwcqxgjmncehnlealja\">\n<div class=\"brz-container brz-css-pV6nT\">\n<div class=\"brz-row__container brz-css-kU7gq\" data-brz-custom-id=\"ikzqemjxitxwdhufygywasggoluxckabcybg\">\n<div class=\"brz-bg\"><\/div>\n<div class=\"brz-row brz-css-dSYAr\">\n<div class=\"brz-columns brz-css-oFImX brz-css-kdRHJ kreis-hover\" data-brz-custom-id=\"qkghgknlrvflvqiwxxnhltnqsxkgmcusrvky\">\n<div class=\"brz-bg\">\n<div class=\"brz-bg-image\"><\/div>\n<\/div>\n<div class=\"brz-column__items brz-css-oA7N4 brz-css-tTKrQ\">\n<div id class=\"brz-css-xpmQi brz-wrapper\">\n<div class=\"brz-rich-text brz-rich-text__custom brz-css-q3oum\" data-brz-custom-id=\"rbrxlsukkhnavgoggrkcykgmktymmwgffdaw\">\n<div data-brz-translate-text=\"1\">\n<h3 class=\"brz-tp-lg-heading3 brz-text-lg-center brz-ff-montserrat brz-ft-google brz-fs-lg-26 brz-fss-lg-px brz-fw-lg-400 brz-ls-lg-0 brz-lh-lg-1_4 brz-css-stKaZ\" data-uniq-id=\"geezw\" data-generated-css=\"brz-css-qaxlt\"><strong>Tankstellen <\/strong><\/h3>\n<\/div>\n<\/div>\n<\/div>\n<\/div>\n<p><a class=\"brz-a brz-container-link\" href=\"tankstellen\" target=\"_self\" rel=\"noopener\" data-brz-link-type=\"external\"><\/a><\/div>\n<div class=\"brz-columns brz-css-oFImX brz-css-tzBUM kreis-hover\" data-brz-custom-id=\"dsnylwhhuxvsqwbvjitrkpjfvgdaqgmamqei\">\n<div class=\"brz-bg\">\n<div class=\"brz-bg-image\"><\/div>\n<\/div>\n<div class=\"brz-column__items brz-css-oA7N4 brz-css-gmYYY\">\n<div id class=\"brz-css-xpmQi brz-wrapper\">\n<div class=\"brz-rich-text brz-rich-text__custom brz-css-q3oum\" data-brz-custom-id=\"ikfdvwpncqohtonvgbhitujdplzogzkjqlbv\">\n<div data-brz-translate-text=\"1\">\n<h3 class=\"brz-tp-lg-heading3 brz-lh-lg-1_4 brz-ls-lg-0 brz-fw-lg-400 brz-fss-lg-px brz-fs-lg-26 brz-ft-google brz-ff-montserrat brz-text-lg-center brz-css-v0zsH\" data-generated-css=\"brz-css-hdqoa\" data-uniq-id=\"mjqgi\"><strong>Einkaufs-<\/strong><\/h3>\n<h3 class=\"brz-tp-lg-heading3 brz-lh-lg-1_4 brz-ls-lg-0 brz-fw-lg-400 brz-fss-lg-px brz-fs-lg-26 brz-ft-google brz-ff-montserrat brz-text-lg-center brz-css-v48kH\" data-generated-css=\"brz-css-hdqoa\" data-uniq-id=\"mjqgi\"><strong>und<\/strong><\/h3>\n<h3 class=\"brz-tp-lg-heading3 brz-lh-lg-1_4 brz-ls-lg-0 brz-fw-lg-400 brz-fss-lg-px brz-fs-lg-26 brz-ft-google brz-ff-montserrat brz-text-lg-center brz-css-biLmZ\" data-generated-css=\"brz-css-hdqoa\" data-uniq-id=\"mjqgi\"><strong>Baum\u00e4rkte <\/strong><\/h3>\n<\/div>\n<\/div>\n<\/div>\n<\/div>\n<p><a class=\"brz-a brz-container-link\" href=\"einkaufs-und-baumaerkte\" target=\"_self\" rel=\"noopener\" data-brz-link-type=\"external\"><\/a><\/div>\n<div class=\"brz-columns brz-css-oFImX brz-css-s2wOW kreis-hover\" data-brz-custom-id=\"bmkofamzxtvbcxydjskansquchydawsumefd\">\n<div class=\"brz-bg\">\n<div class=\"brz-bg-image\"><\/div>\n<\/div>\n<div class=\"brz-column__items brz-css-oA7N4 brz-css-k6rXV\">\n<div id class=\"brz-css-xpmQi brz-css-iAu6R brz-wrapper\">\n<div class=\"brz-rich-text brz-rich-text__custom brz-css-q3oum\" data-brz-custom-id=\"tjzhcbhgeymduadbbkiifysyzhnpgibxleta\">\n<div data-brz-translate-text=\"1\">\n<h3 class=\"brz-tp-lg-heading3 brz-text-lg-center brz-ff-montserrat brz-ft-google brz-fs-lg-26 brz-fss-lg-px brz-fw-lg-400 brz-ls-lg-0 brz-lh-lg-1_4 brz-css-lqX9w\" data-uniq-id=\"kkajs\" data-generated-css=\"brz-css-hwhfk\"><strong>Gewerbe-<\/strong><\/h3>\n<h3 class=\"brz-tp-lg-heading3 brz-text-lg-center brz-ff-montserrat brz-ft-google brz-fs-lg-26 brz-fss-lg-px brz-fw-lg-400 brz-ls-lg-0 brz-lh-lg-1_4 brz-css-uCpeh\" data-uniq-id=\"kkajs\" data-generated-css=\"brz-css-hwhfk\"><strong>Leitsysteme <\/strong><\/h3>\n<\/div>\n<\/div>\n<\/div>\n<\/div>\n<p><a class=\"brz-a brz-container-link\" href=\"gewerbe-leitsysteme\" target=\"_self\" rel=\"noopener\" data-brz-link-type=\"external\"><\/a><\/div>\n<div class=\"brz-columns brz-css-oFImX brz-css-vgtN9 kreis-hover\" data-brz-custom-id=\"mzrixpqwgsrlsbipsncjymtyfpektbrduuaw\">\n<div class=\"brz-bg\">\n<div class=\"brz-bg-image\"><\/div>\n<\/div>\n<div class=\"brz-column__items brz-css-oA7N4 brz-css-l8MLP\">\n<div id class=\"brz-css-xpmQi brz-wrapper\">\n<div class=\"brz-rich-text brz-rich-text__custom brz-css-q3oum\" data-brz-custom-id=\"nbczcqwiwpjafwjythrmsbhskfrvmhdcvcjo\">\n<div data-brz-translate-text=\"1\">\n<h3 class=\"brz-tp-lg-heading3 brz-text-lg-center brz-ff-montserrat brz-ft-google brz-fs-lg-26 brz-fss-lg-px brz-fw-lg-400 brz-ls-lg-0 brz-lh-lg-1_4 brz-css-o9myr\" data-uniq-id=\"upbvf\" data-generated-css=\"brz-css-qkqvt\"><strong>Gro\u00dffl\u00e4chen<\/strong><\/h3>\n<\/div>\n<\/div>\n<\/div>\n<\/div>\n<p><a class=\"brz-a brz-container-link\" href=\"grossflaechen\" target=\"_self\" rel=\"noopener\" data-brz-link-type=\"external\"><\/a><\/div>\n<\/div>\n<\/div>\n<\/div>\n<\/div>\n<\/section>\n<\/div>\n<p>    <!-- version:1773045293 --><\/p>\n","protected":false},"excerpt":{"rendered":"<p>klassische Au\u00dfenwerbung Seit fast 30 Jahren stehen wir f\u00fcr zielgerichtete Au\u00dfenwerbung. Im gesamten Bundesgebiet beeinflussen unsere Werbetr\u00e4ger das \u00f6ffentliche Bild an strategisch wertvollen Punkten, um Sie dem Kunden n\u00e4her zu bringen. Unsere \u00fcber 2.300 exponierten Standorte bieten Ihnen vielf\u00e4ltige M\u00f6glichkeiten der Werbung. Schilder als Dauerwerbung &#8211; langlebig aber nicht old school Standortsuche Das kann sich [&hellip;]<\/p>\n","protected":false},"author":1,"featured_media":0,"parent":0,"menu_order":0,"comment_status":"closed","ping_status":"closed","template":"","meta":{"footnotes":""},"_links":{"self":[{"href":"https:\/\/www.mediagmbh.de\/de\/wp-json\/wp\/v2\/pages\/929"}],"collection":[{"href":"https:\/\/www.mediagmbh.de\/de\/wp-json\/wp\/v2\/pages"}],"about":[{"href":"https:\/\/www.mediagmbh.de\/de\/wp-json\/wp\/v2\/types\/page"}],"author":[{"embeddable":true,"href":"https:\/\/www.mediagmbh.de\/de\/wp-json\/wp\/v2\/users\/1"}],"replies":[{"embeddable":true,"href":"https:\/\/www.mediagmbh.de\/de\/wp-json\/wp\/v2\/comments?post=929"}],"version-history":[{"count":20,"href":"https:\/\/www.mediagmbh.de\/de\/wp-json\/wp\/v2\/pages\/929\/revisions"}],"predecessor-version":[{"id":2681,"href":"https:\/\/www.mediagmbh.de\/de\/wp-json\/wp\/v2\/pages\/929\/revisions\/2681"}],"wp:attachment":[{"href":"https:\/\/www.mediagmbh.de\/de\/wp-json\/wp\/v2\/media?parent=929"}],"curies":[{"name":"wp","href":"https:\/\/api.w.org\/{rel}","templated":true}]}}